{"id":14808,"date":"2023-08-22T06:19:43","date_gmt":"2023-08-22T06:19:43","guid":{"rendered":"https:\/\/rentacar-dubai.ae\/?page_id=14808"},"modified":"2024-07-15T14:00:50","modified_gmt":"2024-07-15T14:00:50","slug":"suv-car-rental-dubai","status":"publish","type":"page","link":"https:\/\/rentacar-dubai.ae\/it\/suv-noleggio-auto-dubai\/","title":{"rendered":"Noleggio SUV a Dubai"},"content":{"rendered":"<h1 class=\"LC20lb MBeuO DKV0Md\">Noleggia SUV negli Emirati Arabi Uniti<\/h1>\n<br> <br>\n\nDubai si distingue come una citt\u00e0 di lusso e innovazione, rendendola una destinazione imperdibile. Per godere appieno di ci\u00f2 che offrono gli Emirati Arabi Uniti, selezionare i migliori SUV da noleggiare negli Emirati \u00e8 fondamentale. Mentre ci avviciniamo al 2024, le opzioni di noleggio auto in questa vivace citt\u00e0 sono cresciute, garantendo la soluzione perfetta per tutti.<br> <br>\n\nChe tu preferisca le linee eleganti di un SUV pronto per la citt\u00e0 o le robuste capacit\u00e0 dei SUV per le avventure nel deserto, il panorama del noleggio degli Emirati Arabi Uniti ha tutto.<br> <br>\n\nScegliere il SUV giusto pu\u00f2 trasformare la tua esperienza negli Emirati da bella a indimenticabile. Se desideri esplorare gli imponenti grattacieli della citt\u00e0, goderti i suoi vivaci mercati o avventurarti nel vasto deserto, il SUV ideale ti aspetta a Sky Luxse. Riconosciuto per la sua flotta sofisticata, il nostro servizio offre un lusso che corrisponde a quello di Dubai.<br> <br>\n\nIn questa guida ti guideremo attraverso le migliori opzioni di noleggio di Emirates, assicurandoci che il tuo viaggio sia il pi\u00f9 agevole e piacevole possibile. Quindi iniziamo!\n\n<br> <br>\n<h3><span>Perch\u00e9 prendere in considerazione l&#039;idea di noleggiare il SUV a Dubai?<\/span><\/h3>\n<h2 class=\"LC20lb MBeuO DKV0Md\"><span><br> <br>\n<br> <br><\/span><\/h2>\n<h2><img loading=\"lazy\" decoding=\"async\" src=\"https:\/\/rentacar-dubai.ae\/wp-content\/uploads\/2023\/09\/rent-a-bmw-xm-in-dubai-from-sky--1024x576.jpg\" alt=\"Rent SUV or Crossover in Dubai | Sky Luxse Car Rental\" width=\"1024\" height=\"576\" class=\"alignnone wp-image-15120 size-large\" srcset=\"https:\/\/rentacar-dubai.ae\/wp-content\/uploads\/2023\/09\/rent-a-bmw-xm-in-dubai-from-sky--1024x576.jpg 1024w, https:\/\/rentacar-dubai.ae\/wp-content\/uploads\/2023\/09\/rent-a-bmw-xm-in-dubai-from-sky--300x169.jpg 300w, https:\/\/rentacar-dubai.ae\/wp-content\/uploads\/2023\/09\/rent-a-bmw-xm-in-dubai-from-sky--768x432.jpg 768w, https:\/\/rentacar-dubai.ae\/wp-content\/uploads\/2023\/09\/rent-a-bmw-xm-in-dubai-from-sky--18x10.jpg 18w, https:\/\/rentacar-dubai.ae\/wp-content\/uploads\/2023\/09\/rent-a-bmw-xm-in-dubai-from-sky--117x66.jpg 117w, https:\/\/rentacar-dubai.ae\/wp-content\/uploads\/2023\/09\/rent-a-bmw-xm-in-dubai-from-sky--400x225.jpg 400w, https:\/\/rentacar-dubai.ae\/wp-content\/uploads\/2023\/09\/rent-a-bmw-xm-in-dubai-from-sky--850x478.jpg 850w, https:\/\/rentacar-dubai.ae\/wp-content\/uploads\/2023\/09\/rent-a-bmw-xm-in-dubai-from-sky--350x197.jpg 350w, https:\/\/rentacar-dubai.ae\/wp-content\/uploads\/2023\/09\/rent-a-bmw-xm-in-dubai-from-sky--24x14.jpg 24w, https:\/\/rentacar-dubai.ae\/wp-content\/uploads\/2023\/09\/rent-a-bmw-xm-in-dubai-from-sky--36x20.jpg 36w, https:\/\/rentacar-dubai.ae\/wp-content\/uploads\/2023\/09\/rent-a-bmw-xm-in-dubai-from-sky--48x27.jpg 48w, https:\/\/rentacar-dubai.ae\/wp-content\/uploads\/2023\/09\/rent-a-bmw-xm-in-dubai-from-sky--600x338.jpg 600w, https:\/\/rentacar-dubai.ae\/wp-content\/uploads\/2023\/09\/rent-a-bmw-xm-in-dubai-from-sky-.jpg 1280w\" sizes=\"auto, (max-width: 1024px) 100vw, 1024px\" \/><\/h2>\n<h2 class=\"LC20lb MBeuO DKV0Md\"><br><br><\/h2>\nLa scelta del noleggio di un SUV a Dubai apre un mondo di opportunit\u00e0 sia per i viaggiatori che per i residenti. Ecco perch\u00e9 prendere in considerazione un SUV per le tue avventure a Dubai \u00e8 una scelta saggia:\n<br> <br>\n\n<strong>Versatilit\u00e0 e comodit\u00e0:<\/strong> I SUV, noti per i loro interni spaziosi, offrono ampio spazio per passeggeri e bagagli, rendendoli perfetti per viaggi di famiglia, viaggi d&#039;affari o tour con gli amici. La loro posizione di seduta elevata offre una vista migliore dello straordinario skyline di Dubai, migliorando l&#039;esperienza di guida.\n<br> <br>\n\n<strong>Prestazioni e sicurezza:<\/strong> I diversi paesaggi di Dubai, dalle eleganti strade cittadine ai terreni accidentati della periferia desertica, richiedono un veicolo in grado di gestire una variet\u00e0 di condizioni. I SUV, con la loro struttura robusta e funzionalit\u00e0 di sicurezza avanzate, offrono prestazioni superiori e tranquillit\u00e0, sia che si viaggi in aree urbane trafficate o che si esplorino percorsi fuoristrada.\n<br> <br>\n\n<strong>Lusso:<\/strong> Riflettendo lo stile di vita lussuoso di Dubai, molti SUV a noleggio sono dotati di servizi esclusivi e tecnologia all&#039;avanguardia, offrendo un tocco di eleganza e comfort. Guidare un SUV elegante non solo completa l&#039;atmosfera glamour della citt\u00e0, ma migliora anche la tua esperienza di viaggio.\n<br> <br>\n\n<strong>Convenienza:<\/strong> Noleggiare un SUV a Dubai offre una comodit\u00e0 senza pari, con opzioni disponibili per ogni budget e preferenza. I servizi di noleggio spesso includono luoghi di ritiro e riconsegna flessibili, un&#039;assicurazione completa e assistenza clienti 24 ore su 24, 7 giorni su 7, garantendo un viaggio senza problemi dall&#039;inizio alla fine.\n<br> <br>\n\nAccesso a localit\u00e0 esclusive: \u00e8 meglio accedere ad alcune delle attrazioni pi\u00f9 prestigiose e ai resort esclusivi di Dubai con un veicolo adatto al lusso e alle prestazioni. Un SUV pu\u00f2 facilmente portarti in questi luoghi con stile e comfort, assicurandoti di non perdere il lato elitario di Dubai.\n<br> <br>\n\n<strong>Ideale per viaggi di gruppo:<\/strong> Per gruppi o famiglie che viaggiano insieme, i SUV offrono la soluzione perfetta poich\u00e9 possono ospitare comodamente pi\u00f9 passeggeri ed effetti personali. Ci\u00f2 significa che tutti possono viaggiare insieme in un unico veicolo, rendendo la logistica pi\u00f9 semplice e pi\u00f9 piacevole per le gite di gruppo.\n<br> <br>\n\nNoleggiare un SUV a Dubai non significa solo spostarsi dal punto A al punto B. Si tratta di migliorare la tua esperienza di viaggio, garantire comfort e sicurezza e concedersi il lusso e la comodit\u00e0 che si adattano allo spirito di questa citt\u00e0 dinamica. Che tu sia qui per affari o per piacere, un SUV a noleggio ti consente di esplorare gli Emirati Arabi Uniti in uno stile ineguagliabile e in tutta comodit\u00e0.\n<h2 class=\"LC20lb MBeuO DKV0Md\"><br><\/h2>\n<h2 class=\"LC20lb MBeuO DKV0Md\"><br><\/h2>\n<h2 class=\"LC20lb MBeuO DKV0Md\"><img loading=\"lazy\" decoding=\"async\" src=\"https:\/\/rentacar-dubai.ae\/wp-content\/uploads\/2023\/09\/Mercedes-AMG-GLE-53-06-1024x768.jpg\" alt=\"Noleggio SUV Mercedes GLE Coup\u00e9 53\" width=\"1024\" height=\"768\" class=\"alignnone wp-image-14964 size-large\" srcset=\"https:\/\/rentacar-dubai.ae\/wp-content\/uploads\/2023\/09\/Mercedes-AMG-GLE-53-06-1024x768.jpg 1024w, https:\/\/rentacar-dubai.ae\/wp-content\/uploads\/2023\/09\/Mercedes-AMG-GLE-53-06-300x225.jpg 300w, https:\/\/rentacar-dubai.ae\/wp-content\/uploads\/2023\/09\/Mercedes-AMG-GLE-53-06-768x576.jpg 768w, https:\/\/rentacar-dubai.ae\/wp-content\/uploads\/2023\/09\/Mercedes-AMG-GLE-53-06-16x12.jpg 16w, https:\/\/rentacar-dubai.ae\/wp-content\/uploads\/2023\/09\/Mercedes-AMG-GLE-53-06-88x66.jpg 88w, https:\/\/rentacar-dubai.ae\/wp-content\/uploads\/2023\/09\/Mercedes-AMG-GLE-53-06-347x260.jpg 347w, https:\/\/rentacar-dubai.ae\/wp-content\/uploads\/2023\/09\/Mercedes-AMG-GLE-53-06-640x480.jpg 640w, https:\/\/rentacar-dubai.ae\/wp-content\/uploads\/2023\/09\/Mercedes-AMG-GLE-53-06-350x263.jpg 350w, https:\/\/rentacar-dubai.ae\/wp-content\/uploads\/2023\/09\/Mercedes-AMG-GLE-53-06-24x18.jpg 24w, https:\/\/rentacar-dubai.ae\/wp-content\/uploads\/2023\/09\/Mercedes-AMG-GLE-53-06-36x27.jpg 36w, https:\/\/rentacar-dubai.ae\/wp-content\/uploads\/2023\/09\/Mercedes-AMG-GLE-53-06-48x36.jpg 48w, https:\/\/rentacar-dubai.ae\/wp-content\/uploads\/2023\/09\/Mercedes-AMG-GLE-53-06-600x450.jpg 600w, https:\/\/rentacar-dubai.ae\/wp-content\/uploads\/2023\/09\/Mercedes-AMG-GLE-53-06.jpg 1280w\" sizes=\"auto, (max-width: 1024px) 100vw, 1024px\" \/><\/h2>\n<h2 class=\"LC20lb MBeuO DKV0Md\"><br><br><\/h2>\n<h3>I migliori consigli per noleggiare un SUV a Dubai?<\/h3>\nNon c&#039;\u00e8 dubbio che un viaggio su strada sia un modo fantastico per esplorare Dubai. Trovare l&#039;autonoleggio perfetto \u00e8 essenziale. Dai un&#039;occhiata qui sotto per capire perch\u00e9 un SUV \u00e8 il tipo di auto perfetto per la tua avventura a Dubai.\n\n<strong>Spazio per tutti:<\/strong>\u00a0 Scegli un SUV full-size o a 7 posti per i viaggi in famiglia.\n\n<b>Ampia selezione di SUV: <\/b>Trova il SUV perfetto per il tuo stile, spazioso o lussuoso.\n\n<b>Personalizza il tuo noleggio:<\/b>\u00a0 Personalizza il tuo SUV di lusso con extra senza trazione integrale.\n\n<b>SUV premium:<\/b> Sceglierai tra i marchi di cui ti fidi, come Range Rover, Mercedes-Benz, Cadillac.<br> <br>","protected":false},"excerpt":{"rendered":"<p>R\u0435nt SUV in the UAE Dubai stands out as a city of luxury and innovation, making it a must-visit destination. To fully enjoy what UAE&#8230;<\/p>","protected":false},"author":36,"featured_media":0,"parent":0,"menu_order":0,"comment_status":"open","ping_status":"open","template":"","meta":{"_themeisle_gutenberg_block_has_review":false,"footnotes":""},"class_list":["post-14808","page","type-page","status-publish","hentry"],"acf":[],"yoast_head":"<!-- This site is optimized with the Yoast SEO Premium plugin v25.5 (Yoast SEO v25.7) - https:\/\/yoast.com\/wordpress\/plugins\/seo\/ -->\n<title>SUVs Car Rental in Dubai | Hire SUV UAE | Crossover Car Rental<\/title>\n<meta name=\"description\" content=\"Rent SUV by Mercedes, BMW, Range Rover or Lamborgini at best prices in Dubai. Compare offers for weekly, monthly rates. \u260e+(971)58-688-1586.\" \/>\n<meta name=\"robots\" content=\"index, follow, max-snippet:-1, max-image-preview:large, max-video-preview:-1\" \/>\n<link rel=\"canonical\" href=\"https:\/\/rentacar-dubai.ae\/it\/suv-noleggio-auto-dubai\/\" \/>\n<meta property=\"og:locale\" content=\"it_IT\" \/>\n<meta property=\"og:type\" content=\"article\" \/>\n<meta property=\"og:title\" content=\"SUV Rental in Dubai\" \/>\n<meta property=\"og:description\" content=\"Rent SUV by Mercedes, BMW, Range Rover or Lamborgini at best prices in Dubai. Compare offers for weekly, monthly rates. \u260e+(971)58-688-1586.\" \/>\n<meta property=\"og:url\" content=\"https:\/\/rentacar-dubai.ae\/it\/suv-noleggio-auto-dubai\/\" \/>\n<meta property=\"og:site_name\" content=\"Long Term Car Rental Dubai - Luxury, SUV &amp; Monthly Deals | Sky Luxse\" \/>\n<meta property=\"article:publisher\" content=\"https:\/\/www.facebook.com\/rentacar.skyluxse\/\" \/>\n<meta property=\"article:modified_time\" content=\"2024-07-15T14:00:50+00:00\" \/>\n<meta property=\"og:image\" content=\"https:\/\/rentacar-dubai.ae\/wp-content\/uploads\/2023\/09\/rent-a-bmw-xm-in-dubai-from-sky--1024x576.jpg\" \/>\n<meta name=\"twitter:card\" content=\"summary_large_image\" \/>\n<meta name=\"twitter:site\" content=\"@rentacardubai7\" \/>\n<meta name=\"twitter:label1\" content=\"Tempo di lettura stimato\" \/>\n\t<meta name=\"twitter:data1\" content=\"4 minuti\" \/>\n<script type=\"application\/ld+json\" class=\"yoast-schema-graph\">{\"@context\":\"https:\/\/schema.org\",\"@graph\":[{\"@type\":\"WebPage\",\"@id\":\"https:\/\/rentacar-dubai.ae\/suv-car-rental-dubai\/\",\"url\":\"https:\/\/rentacar-dubai.ae\/suv-car-rental-dubai\/\",\"name\":\"SUVs Car Rental in Dubai | Hire SUV UAE | Crossover Car Rental\",\"isPartOf\":{\"@id\":\"https:\/\/rentacar-dubai.ae\/#website\"},\"primaryImageOfPage\":{\"@id\":\"https:\/\/rentacar-dubai.ae\/suv-car-rental-dubai\/#primaryimage\"},\"image\":{\"@id\":\"https:\/\/rentacar-dubai.ae\/suv-car-rental-dubai\/#primaryimage\"},\"thumbnailUrl\":\"https:\/\/rentacar-dubai.ae\/wp-content\/uploads\/2023\/09\/rent-a-bmw-xm-in-dubai-from-sky--1024x576.jpg\",\"datePublished\":\"2023-08-22T06:19:43+00:00\",\"dateModified\":\"2024-07-15T14:00:50+00:00\",\"description\":\"Rent SUV by Mercedes, BMW, Range Rover or Lamborgini at best prices in Dubai. Compare offers for weekly, monthly rates. \u260e+(971)58-688-1586.\",\"breadcrumb\":{\"@id\":\"https:\/\/rentacar-dubai.ae\/suv-car-rental-dubai\/#breadcrumb\"},\"inLanguage\":\"it-IT\",\"potentialAction\":[{\"@type\":\"ReadAction\",\"target\":[\"https:\/\/rentacar-dubai.ae\/suv-car-rental-dubai\/\"]}]},{\"@type\":\"ImageObject\",\"inLanguage\":\"it-IT\",\"@id\":\"https:\/\/rentacar-dubai.ae\/suv-car-rental-dubai\/#primaryimage\",\"url\":\"https:\/\/rentacar-dubai.ae\/wp-content\/uploads\/2023\/09\/rent-a-bmw-xm-in-dubai-from-sky--1024x576.jpg\",\"contentUrl\":\"https:\/\/rentacar-dubai.ae\/wp-content\/uploads\/2023\/09\/rent-a-bmw-xm-in-dubai-from-sky--1024x576.jpg\"},{\"@type\":\"BreadcrumbList\",\"@id\":\"https:\/\/rentacar-dubai.ae\/suv-car-rental-dubai\/#breadcrumb\",\"itemListElement\":[{\"@type\":\"ListItem\",\"position\":1,\"name\":\"Home\",\"item\":\"https:\/\/rentacar-dubai.ae\/\"},{\"@type\":\"ListItem\",\"position\":2,\"name\":\"SUV Rental in Dubai\"}]},{\"@type\":\"WebSite\",\"@id\":\"https:\/\/rentacar-dubai.ae\/#website\",\"url\":\"https:\/\/rentacar-dubai.ae\/\",\"name\":\"Long Term Car Rental Dubai - Luxury, SUV &amp; Monthly Deals | Sky Luxse\",\"description\":\"Long term car rental in Dubai. Luxury and SUV monthly rentals, no deposit, flexible terms, delivery to hotel or airport. Best prices for expats and business.\",\"publisher\":{\"@id\":\"https:\/\/rentacar-dubai.ae\/#organization\"},\"potentialAction\":[{\"@type\":\"SearchAction\",\"target\":{\"@type\":\"EntryPoint\",\"urlTemplate\":\"https:\/\/rentacar-dubai.ae\/?s={search_term_string}\"},\"query-input\":{\"@type\":\"PropertyValueSpecification\",\"valueRequired\":true,\"valueName\":\"search_term_string\"}}],\"inLanguage\":\"it-IT\"},{\"@type\":\"Organization\",\"@id\":\"https:\/\/rentacar-dubai.ae\/#organization\",\"name\":\"SKY LUXSE RENT A CAR L.L.C\",\"url\":\"https:\/\/rentacar-dubai.ae\/\",\"logo\":{\"@type\":\"ImageObject\",\"inLanguage\":\"it-IT\",\"@id\":\"https:\/\/rentacar-dubai.ae\/#\/schema\/logo\/image\/\",\"url\":\"https:\/\/rentacar-dubai.ae\/wp-content\/uploads\/2023\/01\/2.png\",\"contentUrl\":\"https:\/\/rentacar-dubai.ae\/wp-content\/uploads\/2023\/01\/2.png\",\"width\":1600,\"height\":268,\"caption\":\"SKY LUXSE RENT A CAR L.L.C\"},\"image\":{\"@id\":\"https:\/\/rentacar-dubai.ae\/#\/schema\/logo\/image\/\"},\"sameAs\":[\"https:\/\/www.facebook.com\/rentacar.skyluxse\/\",\"https:\/\/x.com\/rentacardubai7\"]}]}<\/script>\n<!-- \/ Yoast SEO Premium plugin. -->","yoast_head_json":{"title":"SUVs Car Rental in Dubai | Hire SUV UAE | Crossover Car Rental","description":"Rent SUV by Mercedes, BMW, Range Rover or Lamborgini at best prices in Dubai. Compare offers for weekly, monthly rates. \u260e+(971)58-688-1586.","robots":{"index":"index","follow":"follow","max-snippet":"max-snippet:-1","max-image-preview":"max-image-preview:large","max-video-preview":"max-video-preview:-1"},"canonical":"https:\/\/rentacar-dubai.ae\/it\/suv-noleggio-auto-dubai\/","og_locale":"it_IT","og_type":"article","og_title":"SUV Rental in Dubai","og_description":"Rent SUV by Mercedes, BMW, Range Rover or Lamborgini at best prices in Dubai. Compare offers for weekly, monthly rates. \u260e+(971)58-688-1586.","og_url":"https:\/\/rentacar-dubai.ae\/it\/suv-noleggio-auto-dubai\/","og_site_name":"Long Term Car Rental Dubai - Luxury, SUV &amp; Monthly Deals | Sky Luxse","article_publisher":"https:\/\/www.facebook.com\/rentacar.skyluxse\/","article_modified_time":"2024-07-15T14:00:50+00:00","og_image":[{"url":"https:\/\/rentacar-dubai.ae\/wp-content\/uploads\/2023\/09\/rent-a-bmw-xm-in-dubai-from-sky--1024x576.jpg","type":"","width":"","height":""}],"twitter_card":"summary_large_image","twitter_site":"@rentacardubai7","twitter_misc":{"Tempo di lettura stimato":"4 minuti"},"schema":{"@context":"https:\/\/schema.org","@graph":[{"@type":"WebPage","@id":"https:\/\/rentacar-dubai.ae\/suv-car-rental-dubai\/","url":"https:\/\/rentacar-dubai.ae\/suv-car-rental-dubai\/","name":"SUVs Car Rental in Dubai | Hire SUV UAE | Crossover Car Rental","isPartOf":{"@id":"https:\/\/rentacar-dubai.ae\/#website"},"primaryImageOfPage":{"@id":"https:\/\/rentacar-dubai.ae\/suv-car-rental-dubai\/#primaryimage"},"image":{"@id":"https:\/\/rentacar-dubai.ae\/suv-car-rental-dubai\/#primaryimage"},"thumbnailUrl":"https:\/\/rentacar-dubai.ae\/wp-content\/uploads\/2023\/09\/rent-a-bmw-xm-in-dubai-from-sky--1024x576.jpg","datePublished":"2023-08-22T06:19:43+00:00","dateModified":"2024-07-15T14:00:50+00:00","description":"Rent SUV by Mercedes, BMW, Range Rover or Lamborgini at best prices in Dubai. Compare offers for weekly, monthly rates. \u260e+(971)58-688-1586.","breadcrumb":{"@id":"https:\/\/rentacar-dubai.ae\/suv-car-rental-dubai\/#breadcrumb"},"inLanguage":"it-IT","potentialAction":[{"@type":"ReadAction","target":["https:\/\/rentacar-dubai.ae\/suv-car-rental-dubai\/"]}]},{"@type":"ImageObject","inLanguage":"it-IT","@id":"https:\/\/rentacar-dubai.ae\/suv-car-rental-dubai\/#primaryimage","url":"https:\/\/rentacar-dubai.ae\/wp-content\/uploads\/2023\/09\/rent-a-bmw-xm-in-dubai-from-sky--1024x576.jpg","contentUrl":"https:\/\/rentacar-dubai.ae\/wp-content\/uploads\/2023\/09\/rent-a-bmw-xm-in-dubai-from-sky--1024x576.jpg"},{"@type":"BreadcrumbList","@id":"https:\/\/rentacar-dubai.ae\/suv-car-rental-dubai\/#breadcrumb","itemListElement":[{"@type":"ListItem","position":1,"name":"Home","item":"https:\/\/rentacar-dubai.ae\/"},{"@type":"ListItem","position":2,"name":"SUV Rental in Dubai"}]},{"@type":"WebSite","@id":"https:\/\/rentacar-dubai.ae\/#website","url":"https:\/\/rentacar-dubai.ae\/","name":"Long Term Car Rental Dubai - Luxury, SUV &amp; Monthly Deals | Sky Luxse","description":"Long term car rental in Dubai. Luxury and SUV monthly rentals, no deposit, flexible terms, delivery to hotel or airport. Best prices for expats and business.","publisher":{"@id":"https:\/\/rentacar-dubai.ae\/#organization"},"potentialAction":[{"@type":"SearchAction","target":{"@type":"EntryPoint","urlTemplate":"https:\/\/rentacar-dubai.ae\/?s={search_term_string}"},"query-input":{"@type":"PropertyValueSpecification","valueRequired":true,"valueName":"search_term_string"}}],"inLanguage":"it-IT"},{"@type":"Organization","@id":"https:\/\/rentacar-dubai.ae\/#organization","name":"SKY LUXSE RENT A CAR L.L.C","url":"https:\/\/rentacar-dubai.ae\/","logo":{"@type":"ImageObject","inLanguage":"it-IT","@id":"https:\/\/rentacar-dubai.ae\/#\/schema\/logo\/image\/","url":"https:\/\/rentacar-dubai.ae\/wp-content\/uploads\/2023\/01\/2.png","contentUrl":"https:\/\/rentacar-dubai.ae\/wp-content\/uploads\/2023\/01\/2.png","width":1600,"height":268,"caption":"SKY LUXSE RENT A CAR L.L.C"},"image":{"@id":"https:\/\/rentacar-dubai.ae\/#\/schema\/logo\/image\/"},"sameAs":["https:\/\/www.facebook.com\/rentacar.skyluxse\/","https:\/\/x.com\/rentacardubai7"]}]}},"_links":{"self":[{"href":"https:\/\/rentacar-dubai.ae\/it\/wp-json\/wp\/v2\/pages\/14808","targetHints":{"allow":["GET"]}}],"collection":[{"href":"https:\/\/rentacar-dubai.ae\/it\/wp-json\/wp\/v2\/pages"}],"about":[{"href":"https:\/\/rentacar-dubai.ae\/it\/wp-json\/wp\/v2\/types\/page"}],"author":[{"embeddable":true,"href":"https:\/\/rentacar-dubai.ae\/it\/wp-json\/wp\/v2\/users\/36"}],"replies":[{"embeddable":true,"href":"https:\/\/rentacar-dubai.ae\/it\/wp-json\/wp\/v2\/comments?post=14808"}],"version-history":[{"count":0,"href":"https:\/\/rentacar-dubai.ae\/it\/wp-json\/wp\/v2\/pages\/14808\/revisions"}],"wp:attachment":[{"href":"https:\/\/rentacar-dubai.ae\/it\/wp-json\/wp\/v2\/media?parent=14808"}],"curies":[{"name":"wp","href":"https:\/\/api.w.org\/{rel}","templated":true}]}}