{"id":12845,"date":"2022-11-14T11:31:39","date_gmt":"2022-11-14T11:31:39","guid":{"rendered":"https:\/\/rentacar-dubai.ae\/?page_id=12845"},"modified":"2025-08-13T11:38:07","modified_gmt":"2025-08-13T11:38:07","slug":"about-us","status":"publish","type":"page","link":"https:\/\/rentacar-dubai.ae\/it\/chi-siamo\/","title":{"rendered":"Sky Luxse Autonoleggio Emirati Arabi Uniti"},"content":{"rendered":"<div class=\"block block-ctools-block block-entity-fieldnodetitle\" data-block-plugin-id=\"entity_field:node:title\">\r\n<div class=\"content\" data-swiftype-index=\"true\">\r\n<h1 class=\"title-heading-center fusion-responsive-typography-calculated\" style=\"text-align: center;\"><br> <br>\r\nBenvenuto a Sky Luxse \u2013 noleggio auto di lusso a Dubai!<\/h1>\r\n<div>\r\n\r\n<br> <br>\r\n\r\n<\/div>\r\n<\/div>\r\n<\/div>\r\n<div class=\"elementor-element elementor-element-14bfada elementor-widget elementor-widget-text-editor\" data-id=\"14bfada\" data-element_type=\"widget\" data-widget_type=\"text-editor.default\">\r\n\r\nIl nostro impegno nell&#039;autonoleggio a Dubai \u00e8 quello di fornire veicoli di qualit\u00e0 senza pari e un servizio esemplare a tutti i nostri clienti. Che tu chiami casa negli Emirati Arabi Uniti o che tu stia esplorando la nostra citt\u00e0 per lavoro o piacere, abbiamo il veicolo ideale per migliorare il tuo viaggio. La nostra flotta premium mette in mostra i modelli pi\u00f9 recenti di marchi d&#039;\u00e9lite come Mercedes-Benz, BMW, Porsche, Audi, Lamborghini, Ferrari, Rolls Royce e Bentley, garantendo che ogni viaggio sia in un campionato a s\u00e9 stante. Diamo priorit\u00e0 alla tua sicurezza e al tuo comfort, poich\u00e9 ogni veicolo \u00e8 sottoposto a rigorosi controlli di manutenzione e assistenza.<br> <br>\r\n\r\n<br> <br>\r\n\r\n<img loading=\"lazy\" decoding=\"async\" src=\"https:\/\/rentacar-dubai.ae\/wp-content\/uploads\/2023\/03\/Mercedes-E45001-1024x768.jpg\" alt=\"Noleggio auto di lusso - Sky Luxse\" width=\"1024\" height=\"768\" class=\"alignnone wp-image-13289 size-large\" srcset=\"https:\/\/rentacar-dubai.ae\/wp-content\/uploads\/2023\/03\/Mercedes-E45001-1024x768.jpg 1024w, https:\/\/rentacar-dubai.ae\/wp-content\/uploads\/2023\/03\/Mercedes-E45001-300x225.jpg 300w, https:\/\/rentacar-dubai.ae\/wp-content\/uploads\/2023\/03\/Mercedes-E45001-768x576.jpg 768w, https:\/\/rentacar-dubai.ae\/wp-content\/uploads\/2023\/03\/Mercedes-E45001-16x12.jpg 16w, https:\/\/rentacar-dubai.ae\/wp-content\/uploads\/2023\/03\/Mercedes-E45001-88x66.jpg 88w, https:\/\/rentacar-dubai.ae\/wp-content\/uploads\/2023\/03\/Mercedes-E45001-347x260.jpg 347w, https:\/\/rentacar-dubai.ae\/wp-content\/uploads\/2023\/03\/Mercedes-E45001-640x480.jpg 640w, https:\/\/rentacar-dubai.ae\/wp-content\/uploads\/2023\/03\/Mercedes-E45001-350x263.jpg 350w, https:\/\/rentacar-dubai.ae\/wp-content\/uploads\/2023\/03\/Mercedes-E45001-24x18.jpg 24w, https:\/\/rentacar-dubai.ae\/wp-content\/uploads\/2023\/03\/Mercedes-E45001-36x27.jpg 36w, https:\/\/rentacar-dubai.ae\/wp-content\/uploads\/2023\/03\/Mercedes-E45001-48x36.jpg 48w, https:\/\/rentacar-dubai.ae\/wp-content\/uploads\/2023\/03\/Mercedes-E45001-600x450.jpg 600w, https:\/\/rentacar-dubai.ae\/wp-content\/uploads\/2023\/03\/Mercedes-E45001.jpg 1280w\" sizes=\"auto, (max-width: 1024px) 100vw, 1024px\" \/>\r\n\r\n<br> <br>\r\n\r\nComprendere che i nostri clienti hanno esigenze diverse, <a href=\"https:\/\/rentacar-dubai.ae\/it\/\">Sky Luxse<\/a> offre soluzioni di noleggio flessibili. Sia che tu abbia bisogno di un&#039;auto di lusso per un breve periodo o per un periodo pi\u00f9 lungo, personalizziamo i nostri servizi in base alle tue preferenze.<br> <br>\r\n\r\nIl nostro team esperto e disponibile \u00e8 a tua disposizione per assisterti in ogni fase del processo di noleggio, con l&#039;obiettivo di fornire informazioni in modo chiaro e completo. Siamo orgogliosi dell&#039;eccellenza del nostro servizio clienti, con l&#039;obiettivo di rendere la tua esperienza fluida e piacevole dall&#039;inizio alla fine.<br> <br>\r\n\r\nSe desideri lasciare un&#039;impressione duratura a un evento imminente, stupire i clienti o semplicemente desideri un tocco memorabile alla tua visita a Dubai, Sky Luxse \u00e8 al tuo servizio. Contattaci per prenotare la tua auto di lusso e scopri perch\u00e9 ci distinguiamo come la scelta migliore per il noleggio di auto di lusso a Dubai.\r\n\r\n<br> <br>\r\n\r\nLA NOSTRA MISSIONE In Sky Luxse, siamo specializzati nel fornire esperienze di noleggio squisite sia per viaggi di piacere che di lavoro, con una forte attenzione all&#039;esclusivit\u00e0 e alle soluzioni di noleggio complete. Ci dedichiamo alla convenienza senza mai compromettere la qualit\u00e0, garantendo che il nostro servizio vada oltre le vostre aspettative. La tua soddisfazione ci guida e non saremo contenti finch\u00e9 non lo sarai tu. Scegli Sky Luxse per un viaggio indimenticabile.\r\n\r\n<br> <br>\r\n<h3>Hai la possibilit\u00e0 di scegliere tra le seguenti auto a noleggio:<\/h3>\r\n<ul>\r\n \t<li>\r\n<h4><a href=\"https:\/\/rentacar-dubai.ae\/it\/autos\/noleggio-auto-range-rover-dubai\/\">Range Rover Vogue<\/a><\/h4>\r\n<\/li>\r\n \t<li>\r\n<h4><a href=\"https:\/\/rentacar-dubai.ae\/it\/autos\/bmw-735i\/\">Bmw serie 7<\/a><\/h4>\r\n<\/li>\r\n \t<li>\r\n<h4><a href=\"https:\/\/rentacar-dubai.ae\/it\/autos\/audi-q8-noleggio-auto-dubai\/\">AudiQ8<\/a><\/h4>\r\n<\/li>\r\n \t<li>\r\n<h4><a href=\"https:\/\/rentacar-dubai.ae\/it\/autos\/mercedes-g63-2022-rental-dubai\/\">Mercedes G63 AMG<\/a><\/h4>\r\n<\/li>\r\n \t<li>\r\n<h4><a href=\"https:\/\/rentacar-dubai.ae\/it\/autos\/mercedes-glc-4-3l\/\">Mercedes GLC<\/a><\/h4>\r\n<\/li>\r\n \t<li>\r\n<h4><a href=\"https:\/\/rentacar-dubai.ae\/it\/autos\/mercedes-benz-classe-c\/\">Mercedes-Benz C<\/a><\/h4>\r\n<\/li>\r\n \t<li>\r\n<h4><a href=\"https:\/\/rentacar-dubai.ae\/it\/autos\/mercedes-gle-coupe-53-amg\/\">Mercedes-Benz GLE<\/a><\/h4>\r\n<\/li>\r\n \t<li>\r\n<h4><a href=\"https:\/\/rentacar-dubai.ae\/it\/autos\/rent-cabrio\/\">Mercedes E450 Cabrio<\/a><\/h4>\r\n<\/li>\r\n \t<li>\r\n<h4><a href=\"https:\/\/rentacar-dubai.ae\/it\/autos\/lamborghini-urus\/\">Lamborghini Uro<\/a><\/h4>\r\n<\/li>\r\n \t<li>\r\n<h4><a href=\"https:\/\/rentacar-dubai.ae\/it\/autos\/bmw-735i\/\">BMW 735i<\/a><\/h4>\r\n<\/li>\r\n \t<li>\r\n<h4><a href=\"https:\/\/rentacar-dubai.ae\/it\/autos\/bmw-z4\/\">Bmw Z4<\/a><\/h4>\r\n<\/li>\r\n \t<li>\r\n<h4><a href=\"https:\/\/rentacar-dubai.ae\/it\/autos\/cadillac-escalade-autonoleggio-dubai\/\">Cadillac Escalade<\/a><\/h4>\r\n<\/li>\r\n \t<li>\r\n<h4><a href=\"https:\/\/rentacar-dubai.ae\/it\/autos\/porsche-718-boxster-s\/\">Porsche Boxster 718<\/a><\/h4>\r\n<\/li>\r\n \t<li>\r\n<h4><a href=\"https:\/\/rentacar-dubai.ae\/it\/autos\/lamborghini-urus-nero\/\">Lamborghini Uro<\/a><\/h4>\r\n<\/li>\r\n \t<li>\r\n<h4><a href=\"https:\/\/rentacar-dubai.ae\/it\/autos\/affitto-lamborghini-huracan-spyder-giallo\/\">Lamborghini Hurac\u00e1n<\/a><\/h4>\r\n<\/li>\r\n \t<li>\r\n<h4><a href=\"https:\/\/rentacar-dubai.ae\/it\/autos\/infiniti-qx-80\/\">Infiniti QX 80<\/a><\/h4>\r\n<\/li>\r\n<\/ul>\r\n&nbsp;\r\n\r\n&nbsp;\r\n\r\n.\r\n\r\n&nbsp;\r\n<div class=\"elementor-element elementor-element-50ea7fa elementor-widget elementor-widget-heading\" data-id=\"50ea7fa\" data-element_type=\"widget\" data-widget_type=\"heading.default\">\r\n<p class=\"elementor-widget-container\"><strong>Ci\u00f2 che rende il nostro servizio di noleggio auto di lusso a Dubai cos\u00ec distintivo.<\/strong><\/p>\r\n\u00a0Ti garantiamo che la nostra azienda ti offrir\u00e0 le tariffe pi\u00f9 competitive, indipendentemente dalla marca o dal modello dell&#039;auto che stai cercando. Quindi, se stai cercando un&#039;azienda affidabile che possa offrirti le migliori tariffe per il noleggio di una supercar di lusso, non cercare oltre <a href=\"https:\/\/www.google.com\/maps\/place\/Sky+Luxse+Rent+a+Car+Dubai\/@25.1359233,55.1504154,15z\/data=!4m6!3m5!1s0x4bf5afa7e636ab9f:0xc08d82eaa385a6f3!8m2!3d25.1359233!4d55.1504154!16s%2Fg%2F11stqv9w_v?entry=ttu\">Sky Luxse Jumeirah<\/a>.\r\n\r\n<br> <br>\r\n\r\n<\/div>\r\n<div class=\"elementor-element elementor-element-03e420c elementor-widget elementor-widget-text-editor\" data-id=\"03e420c\" data-element_type=\"widget\" data-widget_type=\"text-editor.default\">\r\n<div class=\"elementor-widget-container\">\r\n<h3><img loading=\"lazy\" decoding=\"async\" src=\"https:\/\/rentacar-dubai.ae\/wp-content\/uploads\/2023\/10\/Porsche-Cayenne-Coupe-1024x768.jpg\" alt=\"Noleggio auto mensile a Dubai | Sky Luxe\" width=\"1024\" height=\"768\" class=\"alignnone wp-image-15211 size-large\" srcset=\"https:\/\/rentacar-dubai.ae\/wp-content\/uploads\/2023\/10\/Porsche-Cayenne-Coupe-1024x768.jpg 1024w, https:\/\/rentacar-dubai.ae\/wp-content\/uploads\/2023\/10\/Porsche-Cayenne-Coupe-300x225.jpg 300w, https:\/\/rentacar-dubai.ae\/wp-content\/uploads\/2023\/10\/Porsche-Cayenne-Coupe-768x576.jpg 768w, https:\/\/rentacar-dubai.ae\/wp-content\/uploads\/2023\/10\/Porsche-Cayenne-Coupe-16x12.jpg 16w, https:\/\/rentacar-dubai.ae\/wp-content\/uploads\/2023\/10\/Porsche-Cayenne-Coupe-88x66.jpg 88w, https:\/\/rentacar-dubai.ae\/wp-content\/uploads\/2023\/10\/Porsche-Cayenne-Coupe-347x260.jpg 347w, https:\/\/rentacar-dubai.ae\/wp-content\/uploads\/2023\/10\/Porsche-Cayenne-Coupe-640x480.jpg 640w, https:\/\/rentacar-dubai.ae\/wp-content\/uploads\/2023\/10\/Porsche-Cayenne-Coupe-350x263.jpg 350w, https:\/\/rentacar-dubai.ae\/wp-content\/uploads\/2023\/10\/Porsche-Cayenne-Coupe-24x18.jpg 24w, https:\/\/rentacar-dubai.ae\/wp-content\/uploads\/2023\/10\/Porsche-Cayenne-Coupe-36x27.jpg 36w, https:\/\/rentacar-dubai.ae\/wp-content\/uploads\/2023\/10\/Porsche-Cayenne-Coupe-48x36.jpg 48w, https:\/\/rentacar-dubai.ae\/wp-content\/uploads\/2023\/10\/Porsche-Cayenne-Coupe-600x450.jpg 600w, https:\/\/rentacar-dubai.ae\/wp-content\/uploads\/2023\/10\/Porsche-Cayenne-Coupe.jpg 1280w\" sizes=\"auto, (max-width: 1024px) 100vw, 1024px\" \/><\/h3>\r\n<br> <br>\r\n<h3>Il nostro noleggio auto senza costi nascosti \u2013<\/h3>\r\nVogliamo che i nostri clienti sappiano esattamente per cosa stanno pagando, senza spiacevoli sorprese. Le nostre tariffe sono molto convenienti e promettono che non ci sono costi nascosti. Sky Luxse \u00e8 sempre orientato al cliente. Fin dall&#039;inizio, il raggiungimento della massima soddisfazione del cliente \u00e8 sempre stato il nostro obiettivo primario. Ci impegniamo a fornire ai nostri clienti la migliore esperienza possibile. Se hai qualche feedback per noi, che sia positivo o negativo, ci piacerebbe sentire la tua opinione e lavorare sempre per migliorare e prenderlo come feedback costruttivo.\r\n\r\n<br> <br>\r\n\r\n<\/div>\r\n<\/div>\r\n<\/div>\r\n&nbsp;","protected":false},"excerpt":{"rendered":"<p>Welcome to Sky Luxse &#8211; luxury car rental in Dubai! Our car rental in Dubai commitment is to deliver unparalleled vehicle quality and exemplary service&#8230;<\/p>","protected":false},"author":36,"featured_media":15236,"parent":0,"menu_order":0,"comment_status":"closed","ping_status":"closed","template":"page-home.php","meta":{"_themeisle_gutenberg_block_has_review":false,"footnotes":""},"class_list":["post-12845","page","type-page","status-publish","has-post-thumbnail","hentry"],"acf":[],"yoast_head":"<!-- This site is optimized with the Yoast SEO Premium plugin v25.5 (Yoast SEO v25.7) - https:\/\/yoast.com\/wordpress\/plugins\/seo\/ -->\n<title>Rent a Car in Dubai | No Deposit Car Rental | Best Monthly Offers<\/title>\n<meta name=\"description\" content=\"Car Rental in Dubai UAE. Low Prices. Best Daily &amp; Monthly Deals \u2714\ufe0f Free Delivery \u2714\ufe0f 24\/7 Support \u2714\ufe0f Book Online or Call \u260e\ufe0f +971 58 688 1586!\" \/>\n<meta name=\"robots\" content=\"index, follow, max-snippet:-1, max-image-preview:large, max-video-preview:-1\" \/>\n<link rel=\"canonical\" href=\"https:\/\/rentacar-dubai.ae\/it\/chi-siamo\/\" \/>\n<meta property=\"og:locale\" content=\"it_IT\" \/>\n<meta property=\"og:type\" content=\"article\" \/>\n<meta property=\"og:title\" content=\"Sky Luxse Car Rental UAE\" \/>\n<meta property=\"og:description\" content=\"Car Rental in Dubai UAE. Low Prices. Best Daily &amp; Monthly Deals \u2714\ufe0f Free Delivery \u2714\ufe0f 24\/7 Support \u2714\ufe0f Book Online or Call \u260e\ufe0f +971 58 688 1586!\" \/>\n<meta property=\"og:url\" content=\"https:\/\/rentacar-dubai.ae\/it\/chi-siamo\/\" \/>\n<meta property=\"og:site_name\" content=\"Long Term Car Rental Dubai - Luxury, SUV &amp; Monthly Deals | Sky Luxse\" \/>\n<meta property=\"article:publisher\" content=\"https:\/\/www.facebook.com\/rentacar.skyluxse\/\" \/>\n<meta property=\"article:modified_time\" content=\"2025-08-13T11:38:07+00:00\" \/>\n<meta property=\"og:image\" content=\"https:\/\/rentacar-dubai.ae\/wp-content\/uploads\/2023\/11\/Mercedes-G63-4.jpg\" \/>\n\t<meta property=\"og:image:width\" content=\"1280\" \/>\n\t<meta property=\"og:image:height\" content=\"960\" \/>\n\t<meta property=\"og:image:type\" content=\"image\/jpeg\" \/>\n<meta name=\"twitter:card\" content=\"summary_large_image\" \/>\n<meta name=\"twitter:site\" content=\"@rentacardubai7\" \/>\n<meta name=\"twitter:label1\" content=\"Tempo di lettura stimato\" \/>\n\t<meta name=\"twitter:data1\" content=\"4 minuti\" \/>\n<script type=\"application\/ld+json\" class=\"yoast-schema-graph\">{\"@context\":\"https:\/\/schema.org\",\"@graph\":[{\"@type\":[\"WebPage\",\"AboutPage\"],\"@id\":\"https:\/\/rentacar-dubai.ae\/about-us\/\",\"url\":\"https:\/\/rentacar-dubai.ae\/about-us\/\",\"name\":\"Rent a Car in Dubai | No Deposit Car Rental | Best Monthly Offers\",\"isPartOf\":{\"@id\":\"https:\/\/rentacar-dubai.ae\/#website\"},\"primaryImageOfPage\":{\"@id\":\"https:\/\/rentacar-dubai.ae\/about-us\/#primaryimage\"},\"image\":{\"@id\":\"https:\/\/rentacar-dubai.ae\/about-us\/#primaryimage\"},\"thumbnailUrl\":\"https:\/\/rentacar-dubai.ae\/wp-content\/uploads\/2023\/11\/Mercedes-G63-4.jpg\",\"datePublished\":\"2022-11-14T11:31:39+00:00\",\"dateModified\":\"2025-08-13T11:38:07+00:00\",\"description\":\"Car Rental in Dubai UAE. Low Prices. Best Daily & Monthly Deals \u2714\ufe0f Free Delivery \u2714\ufe0f 24\/7 Support \u2714\ufe0f Book Online or Call \u260e\ufe0f +971 58 688 1586!\",\"breadcrumb\":{\"@id\":\"https:\/\/rentacar-dubai.ae\/about-us\/#breadcrumb\"},\"inLanguage\":\"it-IT\",\"potentialAction\":[{\"@type\":\"ReadAction\",\"target\":[\"https:\/\/rentacar-dubai.ae\/about-us\/\"]}]},{\"@type\":\"ImageObject\",\"inLanguage\":\"it-IT\",\"@id\":\"https:\/\/rentacar-dubai.ae\/about-us\/#primaryimage\",\"url\":\"https:\/\/rentacar-dubai.ae\/wp-content\/uploads\/2023\/11\/Mercedes-G63-4.jpg\",\"contentUrl\":\"https:\/\/rentacar-dubai.ae\/wp-content\/uploads\/2023\/11\/Mercedes-G63-4.jpg\",\"width\":1280,\"height\":960,\"caption\":\"Sky Luxse Dubai Hire welcome a fleet of New Shape Mercedes Benz G63 AMG available for Hire in the UAE via our 4x4 SUV Division. Book your G63 AMG rental online in seconds.\"},{\"@type\":\"BreadcrumbList\",\"@id\":\"https:\/\/rentacar-dubai.ae\/about-us\/#breadcrumb\",\"itemListElement\":[{\"@type\":\"ListItem\",\"position\":1,\"name\":\"Home\",\"item\":\"https:\/\/rentacar-dubai.ae\/\"},{\"@type\":\"ListItem\",\"position\":2,\"name\":\"Sky Luxse Car Rental UAE\"}]},{\"@type\":\"WebSite\",\"@id\":\"https:\/\/rentacar-dubai.ae\/#website\",\"url\":\"https:\/\/rentacar-dubai.ae\/\",\"name\":\"Long Term Car Rental Dubai - Luxury, SUV &amp; Monthly Deals | Sky Luxse\",\"description\":\"Long term car rental in Dubai. Luxury and SUV monthly rentals, no deposit, flexible terms, delivery to hotel or airport. Best prices for expats and business.\",\"publisher\":{\"@id\":\"https:\/\/rentacar-dubai.ae\/#organization\"},\"potentialAction\":[{\"@type\":\"SearchAction\",\"target\":{\"@type\":\"EntryPoint\",\"urlTemplate\":\"https:\/\/rentacar-dubai.ae\/?s={search_term_string}\"},\"query-input\":{\"@type\":\"PropertyValueSpecification\",\"valueRequired\":true,\"valueName\":\"search_term_string\"}}],\"inLanguage\":\"it-IT\"},{\"@type\":\"Organization\",\"@id\":\"https:\/\/rentacar-dubai.ae\/#organization\",\"name\":\"SKY LUXSE RENT A CAR L.L.C\",\"url\":\"https:\/\/rentacar-dubai.ae\/\",\"logo\":{\"@type\":\"ImageObject\",\"inLanguage\":\"it-IT\",\"@id\":\"https:\/\/rentacar-dubai.ae\/#\/schema\/logo\/image\/\",\"url\":\"https:\/\/rentacar-dubai.ae\/wp-content\/uploads\/2023\/01\/2.png\",\"contentUrl\":\"https:\/\/rentacar-dubai.ae\/wp-content\/uploads\/2023\/01\/2.png\",\"width\":1600,\"height\":268,\"caption\":\"SKY LUXSE RENT A CAR L.L.C\"},\"image\":{\"@id\":\"https:\/\/rentacar-dubai.ae\/#\/schema\/logo\/image\/\"},\"sameAs\":[\"https:\/\/www.facebook.com\/rentacar.skyluxse\/\",\"https:\/\/x.com\/rentacardubai7\"]}]}<\/script>\n<!-- \/ Yoast SEO Premium plugin. -->","yoast_head_json":{"title":"Rent a Car in Dubai | No Deposit Car Rental | Best Monthly Offers","description":"Car Rental in Dubai UAE. Low Prices. Best Daily & Monthly Deals \u2714\ufe0f Free Delivery \u2714\ufe0f 24\/7 Support \u2714\ufe0f Book Online or Call \u260e\ufe0f +971 58 688 1586!","robots":{"index":"index","follow":"follow","max-snippet":"max-snippet:-1","max-image-preview":"max-image-preview:large","max-video-preview":"max-video-preview:-1"},"canonical":"https:\/\/rentacar-dubai.ae\/it\/chi-siamo\/","og_locale":"it_IT","og_type":"article","og_title":"Sky Luxse Car Rental UAE","og_description":"Car Rental in Dubai UAE. Low Prices. Best Daily & Monthly Deals \u2714\ufe0f Free Delivery \u2714\ufe0f 24\/7 Support \u2714\ufe0f Book Online or Call \u260e\ufe0f +971 58 688 1586!","og_url":"https:\/\/rentacar-dubai.ae\/it\/chi-siamo\/","og_site_name":"Long Term Car Rental Dubai - Luxury, SUV &amp; Monthly Deals | Sky Luxse","article_publisher":"https:\/\/www.facebook.com\/rentacar.skyluxse\/","article_modified_time":"2025-08-13T11:38:07+00:00","og_image":[{"width":1280,"height":960,"url":"https:\/\/rentacar-dubai.ae\/wp-content\/uploads\/2023\/11\/Mercedes-G63-4.jpg","type":"image\/jpeg"}],"twitter_card":"summary_large_image","twitter_site":"@rentacardubai7","twitter_misc":{"Tempo di lettura stimato":"4 minuti"},"schema":{"@context":"https:\/\/schema.org","@graph":[{"@type":["WebPage","AboutPage"],"@id":"https:\/\/rentacar-dubai.ae\/about-us\/","url":"https:\/\/rentacar-dubai.ae\/about-us\/","name":"Rent a Car in Dubai | No Deposit Car Rental | Best Monthly Offers","isPartOf":{"@id":"https:\/\/rentacar-dubai.ae\/#website"},"primaryImageOfPage":{"@id":"https:\/\/rentacar-dubai.ae\/about-us\/#primaryimage"},"image":{"@id":"https:\/\/rentacar-dubai.ae\/about-us\/#primaryimage"},"thumbnailUrl":"https:\/\/rentacar-dubai.ae\/wp-content\/uploads\/2023\/11\/Mercedes-G63-4.jpg","datePublished":"2022-11-14T11:31:39+00:00","dateModified":"2025-08-13T11:38:07+00:00","description":"Car Rental in Dubai UAE. Low Prices. Best Daily & Monthly Deals \u2714\ufe0f Free Delivery \u2714\ufe0f 24\/7 Support \u2714\ufe0f Book Online or Call \u260e\ufe0f +971 58 688 1586!","breadcrumb":{"@id":"https:\/\/rentacar-dubai.ae\/about-us\/#breadcrumb"},"inLanguage":"it-IT","potentialAction":[{"@type":"ReadAction","target":["https:\/\/rentacar-dubai.ae\/about-us\/"]}]},{"@type":"ImageObject","inLanguage":"it-IT","@id":"https:\/\/rentacar-dubai.ae\/about-us\/#primaryimage","url":"https:\/\/rentacar-dubai.ae\/wp-content\/uploads\/2023\/11\/Mercedes-G63-4.jpg","contentUrl":"https:\/\/rentacar-dubai.ae\/wp-content\/uploads\/2023\/11\/Mercedes-G63-4.jpg","width":1280,"height":960,"caption":"Sky Luxse Dubai Hire welcome a fleet of New Shape Mercedes Benz G63 AMG available for Hire in the UAE via our 4x4 SUV Division. Book your G63 AMG rental online in seconds."},{"@type":"BreadcrumbList","@id":"https:\/\/rentacar-dubai.ae\/about-us\/#breadcrumb","itemListElement":[{"@type":"ListItem","position":1,"name":"Home","item":"https:\/\/rentacar-dubai.ae\/"},{"@type":"ListItem","position":2,"name":"Sky Luxse Car Rental UAE"}]},{"@type":"WebSite","@id":"https:\/\/rentacar-dubai.ae\/#website","url":"https:\/\/rentacar-dubai.ae\/","name":"Long Term Car Rental Dubai - Luxury, SUV &amp; Monthly Deals | Sky Luxse","description":"Long term car rental in Dubai. Luxury and SUV monthly rentals, no deposit, flexible terms, delivery to hotel or airport. Best prices for expats and business.","publisher":{"@id":"https:\/\/rentacar-dubai.ae\/#organization"},"potentialAction":[{"@type":"SearchAction","target":{"@type":"EntryPoint","urlTemplate":"https:\/\/rentacar-dubai.ae\/?s={search_term_string}"},"query-input":{"@type":"PropertyValueSpecification","valueRequired":true,"valueName":"search_term_string"}}],"inLanguage":"it-IT"},{"@type":"Organization","@id":"https:\/\/rentacar-dubai.ae\/#organization","name":"SKY LUXSE RENT A CAR L.L.C","url":"https:\/\/rentacar-dubai.ae\/","logo":{"@type":"ImageObject","inLanguage":"it-IT","@id":"https:\/\/rentacar-dubai.ae\/#\/schema\/logo\/image\/","url":"https:\/\/rentacar-dubai.ae\/wp-content\/uploads\/2023\/01\/2.png","contentUrl":"https:\/\/rentacar-dubai.ae\/wp-content\/uploads\/2023\/01\/2.png","width":1600,"height":268,"caption":"SKY LUXSE RENT A CAR L.L.C"},"image":{"@id":"https:\/\/rentacar-dubai.ae\/#\/schema\/logo\/image\/"},"sameAs":["https:\/\/www.facebook.com\/rentacar.skyluxse\/","https:\/\/x.com\/rentacardubai7"]}]}},"_links":{"self":[{"href":"https:\/\/rentacar-dubai.ae\/it\/wp-json\/wp\/v2\/pages\/12845","targetHints":{"allow":["GET"]}}],"collection":[{"href":"https:\/\/rentacar-dubai.ae\/it\/wp-json\/wp\/v2\/pages"}],"about":[{"href":"https:\/\/rentacar-dubai.ae\/it\/wp-json\/wp\/v2\/types\/page"}],"author":[{"embeddable":true,"href":"https:\/\/rentacar-dubai.ae\/it\/wp-json\/wp\/v2\/users\/36"}],"replies":[{"embeddable":true,"href":"https:\/\/rentacar-dubai.ae\/it\/wp-json\/wp\/v2\/comments?post=12845"}],"version-history":[{"count":1,"href":"https:\/\/rentacar-dubai.ae\/it\/wp-json\/wp\/v2\/pages\/12845\/revisions"}],"predecessor-version":[{"id":21561,"href":"https:\/\/rentacar-dubai.ae\/it\/wp-json\/wp\/v2\/pages\/12845\/revisions\/21561"}],"wp:featuredmedia":[{"embeddable":true,"href":"https:\/\/rentacar-dubai.ae\/it\/wp-json\/wp\/v2\/media\/15236"}],"wp:attachment":[{"href":"https:\/\/rentacar-dubai.ae\/it\/wp-json\/wp\/v2\/media?parent=12845"}],"curies":[{"name":"wp","href":"https:\/\/api.w.org\/{rel}","templated":true}]}}