{"id":14808,"date":"2023-08-22T06:19:43","date_gmt":"2023-08-22T06:19:43","guid":{"rendered":"https:\/\/rentacar-dubai.ae\/?page_id=14808"},"modified":"2024-07-15T14:00:50","modified_gmt":"2024-07-15T14:00:50","slug":"suv-car-rental-dubai","status":"publish","type":"page","link":"https:\/\/rentacar-dubai.ae\/fr\/location-de-voiture-suv-dubai\/","title":{"rendered":"Location de SUV \u00e0 Duba\u00ef"},"content":{"rendered":"<h1 class=\"LC20lb MBeuO DKV0Md\">Louer un SUV aux \u00c9mirats arabes unis<\/h1>\n<br> <br>\n\nDuba\u00ef se distingue par son luxe et son innovation, ce qui en fait une destination incontournable. Pour profiter pleinement de ce que les \u00c9mirats arabes unis ont \u00e0 offrir, il est crucial de choisir le meilleur SUV \u00e0 louer chez Emirates. \u00c0 l&#039;approche de 2024, les options de location de voitures dans cette ville dynamique se sont multipli\u00e9es, garantissant ainsi une offre id\u00e9ale pour tous.<br> <br>\n\nQue vous pr\u00e9f\u00e9riez les lignes \u00e9pur\u00e9es d&#039;un SUV pr\u00eat pour la ville ou les capacit\u00e9s robustes d&#039;un SUV pour les aventures dans le d\u00e9sert, la sc\u00e8ne de location des \u00c9mirats arabes unis a tout pour plaire.<br> <br>\n\nChoisir le bon SUV peut transformer votre exp\u00e9rience Emirates en exp\u00e9rience inoubliable. Que vous souhaitiez explorer les gratte-ciels de la ville, profiter de ses march\u00e9s anim\u00e9s ou vous aventurer dans un vaste d\u00e9sert, le SUV id\u00e9al vous attend chez Sky Luxse. Reconnu pour sa flotte sophistiqu\u00e9e, notre service offre un luxe \u00e0 la hauteur de celui de Duba\u00ef.<br> <br>\n\nDans ce guide, nous vous pr\u00e9senterons les meilleures options de location d&#039;Emirates pour un voyage aussi agr\u00e9able et serein que possible. Alors, c&#039;est parti\u00a0!\n\n<br> <br>\n<h3><span>Pourquoi envisager de louer un SUV \u00e0 Duba\u00ef\u00a0?<\/span><\/h3>\n<h2 class=\"LC20lb MBeuO DKV0Md\"><span><br> <br>\n<br> <br><\/span><\/h2>\n<h2><img loading=\"lazy\" decoding=\"async\" src=\"https:\/\/rentacar-dubai.ae\/wp-content\/uploads\/2023\/09\/rent-a-bmw-xm-in-dubai-from-sky--1024x576.jpg\" alt=\"Louer un SUV ou un crossover \u00e0 Duba\u00ef | Location de voitures Sky Luxse\" width=\"1024\" height=\"576\" class=\"alignnone wp-image-15120 size-large\" srcset=\"https:\/\/rentacar-dubai.ae\/wp-content\/uploads\/2023\/09\/rent-a-bmw-xm-in-dubai-from-sky--1024x576.jpg 1024w, https:\/\/rentacar-dubai.ae\/wp-content\/uploads\/2023\/09\/rent-a-bmw-xm-in-dubai-from-sky--300x169.jpg 300w, https:\/\/rentacar-dubai.ae\/wp-content\/uploads\/2023\/09\/rent-a-bmw-xm-in-dubai-from-sky--768x432.jpg 768w, https:\/\/rentacar-dubai.ae\/wp-content\/uploads\/2023\/09\/rent-a-bmw-xm-in-dubai-from-sky--18x10.jpg 18w, https:\/\/rentacar-dubai.ae\/wp-content\/uploads\/2023\/09\/rent-a-bmw-xm-in-dubai-from-sky--117x66.jpg 117w, https:\/\/rentacar-dubai.ae\/wp-content\/uploads\/2023\/09\/rent-a-bmw-xm-in-dubai-from-sky--400x225.jpg 400w, https:\/\/rentacar-dubai.ae\/wp-content\/uploads\/2023\/09\/rent-a-bmw-xm-in-dubai-from-sky--850x478.jpg 850w, https:\/\/rentacar-dubai.ae\/wp-content\/uploads\/2023\/09\/rent-a-bmw-xm-in-dubai-from-sky--350x197.jpg 350w, https:\/\/rentacar-dubai.ae\/wp-content\/uploads\/2023\/09\/rent-a-bmw-xm-in-dubai-from-sky--24x14.jpg 24w, https:\/\/rentacar-dubai.ae\/wp-content\/uploads\/2023\/09\/rent-a-bmw-xm-in-dubai-from-sky--36x20.jpg 36w, https:\/\/rentacar-dubai.ae\/wp-content\/uploads\/2023\/09\/rent-a-bmw-xm-in-dubai-from-sky--48x27.jpg 48w, https:\/\/rentacar-dubai.ae\/wp-content\/uploads\/2023\/09\/rent-a-bmw-xm-in-dubai-from-sky--600x338.jpg 600w, https:\/\/rentacar-dubai.ae\/wp-content\/uploads\/2023\/09\/rent-a-bmw-xm-in-dubai-from-sky-.jpg 1280w\" sizes=\"auto, (max-width: 1024px) 100vw, 1024px\" \/><\/h2>\n<h2 class=\"LC20lb MBeuO DKV0Md\"><br><br><\/h2>\nLouer un SUV \u00e0 Duba\u00ef ouvre un monde d&#039;opportunit\u00e9s, tant pour les voyageurs que pour les r\u00e9sidents. Voici pourquoi envisager un SUV pour vos aventures \u00e0 Duba\u00ef est un choix judicieux\u00a0:\n<br> <br>\n\n<strong>Polyvalence et confort :<\/strong> Les SUV, r\u00e9put\u00e9s pour leur int\u00e9rieur spacieux, offrent un espace g\u00e9n\u00e9reux pour les passagers et les bagages, ce qui les rend parfaits pour les voyages en famille, les voyages d&#039;affaires ou les escapades entre amis. Leur position assise sur\u00e9lev\u00e9e offre une meilleure vue sur la magnifique skyline de Duba\u00ef, am\u00e9liorant ainsi l&#039;exp\u00e9rience de conduite.\n<br> <br>\n\n<strong>Performance et s\u00e9curit\u00e9 :<\/strong> La diversit\u00e9 des paysages de Duba\u00ef, des rues \u00e9l\u00e9gantes de la ville aux terrains accident\u00e9s des banlieues d\u00e9sertiques, exige un v\u00e9hicule capable de faire face \u00e0 diverses conditions. Les SUV, gr\u00e2ce \u00e0 leur construction robuste et \u00e0 leurs \u00e9quipements de s\u00e9curit\u00e9 avanc\u00e9s, offrent des performances sup\u00e9rieures et une tranquillit\u00e9 d&#039;esprit, que ce soit pour circuler en zone urbaine anim\u00e9e ou explorer des sentiers hors route.\n<br> <br>\n\n<strong>Luxe:<\/strong> Refl\u00e9tant le luxe de Duba\u00ef, de nombreuses locations de SUV sont \u00e9quip\u00e9es d&#039;\u00e9quipements haut de gamme et de technologies de pointe, offrant une touche d&#039;\u00e9l\u00e9gance et de confort. Conduire un SUV \u00e9l\u00e9gant rehausse non seulement l&#039;ambiance glamour de la ville, mais sublime \u00e9galement votre exp\u00e9rience de voyage.\n<br> <br>\n\n<strong>Commodit\u00e9:<\/strong> Louer un SUV \u00e0 Duba\u00ef offre un confort in\u00e9gal\u00e9, avec des options adapt\u00e9es \u00e0 tous les budgets et \u00e0 toutes les pr\u00e9f\u00e9rences. Les services de location incluent souvent des lieux de prise en charge et de restitution flexibles, une assurance tous risques et un service client 24h\/24 et 7j\/7, pour un voyage sans souci du d\u00e9but \u00e0 la fin.\n<br> <br>\n\nAcc\u00e8s \u00e0 des lieux exclusifs\u00a0: Certaines des attractions les plus prestigieuses et des complexes h\u00f4teliers les plus exclusifs de Duba\u00ef sont accessibles en v\u00e9hicule alliant luxe et performances. Un SUV vous permettra d&#039;y acc\u00e9der facilement, avec style et confort, et de d\u00e9couvrir pleinement le c\u00f4t\u00e9 \u00e9lite de Duba\u00ef.\n<br> <br>\n\n<strong>Id\u00e9al pour les voyages en groupe :<\/strong> Pour les groupes ou les familles voyageant ensemble, les SUV constituent la solution id\u00e9ale en permettant d&#039;accueillir confortablement davantage de passagers et d&#039;affaires. Ainsi, tout le monde peut voyager ensemble dans un seul v\u00e9hicule, ce qui simplifie la logistique et rend les sorties en groupe plus agr\u00e9ables.\n<br> <br>\n\nLouer un SUV \u00e0 Duba\u00ef ne se limite pas \u00e0 vous d\u00e9placer. C&#039;est aussi optimiser votre exp\u00e9rience de voyage, garantir confort et s\u00e9curit\u00e9, et vous offrir le luxe et la commodit\u00e9 qui refl\u00e8tent l&#039;esprit de cette ville dynamique. Que vous soyez ici pour affaires ou pour le plaisir, la location d&#039;un SUV vous permet d&#039;explorer les \u00c9mirats arabes unis avec style et confort.\n<h2 class=\"LC20lb MBeuO DKV0Md\"><br><\/h2>\n<h2 class=\"LC20lb MBeuO DKV0Md\"><br><\/h2>\n<h2 class=\"LC20lb MBeuO DKV0Md\"><img loading=\"lazy\" decoding=\"async\" src=\"https:\/\/rentacar-dubai.ae\/wp-content\/uploads\/2023\/09\/Mercedes-AMG-GLE-53-06-1024x768.jpg\" alt=\"Location SUV Mercedes GLE Coup\u00e9 53\" width=\"1024\" height=\"768\" class=\"alignnone wp-image-14964 size-large\" srcset=\"https:\/\/rentacar-dubai.ae\/wp-content\/uploads\/2023\/09\/Mercedes-AMG-GLE-53-06-1024x768.jpg 1024w, https:\/\/rentacar-dubai.ae\/wp-content\/uploads\/2023\/09\/Mercedes-AMG-GLE-53-06-300x225.jpg 300w, https:\/\/rentacar-dubai.ae\/wp-content\/uploads\/2023\/09\/Mercedes-AMG-GLE-53-06-768x576.jpg 768w, https:\/\/rentacar-dubai.ae\/wp-content\/uploads\/2023\/09\/Mercedes-AMG-GLE-53-06-16x12.jpg 16w, https:\/\/rentacar-dubai.ae\/wp-content\/uploads\/2023\/09\/Mercedes-AMG-GLE-53-06-88x66.jpg 88w, https:\/\/rentacar-dubai.ae\/wp-content\/uploads\/2023\/09\/Mercedes-AMG-GLE-53-06-347x260.jpg 347w, https:\/\/rentacar-dubai.ae\/wp-content\/uploads\/2023\/09\/Mercedes-AMG-GLE-53-06-640x480.jpg 640w, https:\/\/rentacar-dubai.ae\/wp-content\/uploads\/2023\/09\/Mercedes-AMG-GLE-53-06-350x263.jpg 350w, https:\/\/rentacar-dubai.ae\/wp-content\/uploads\/2023\/09\/Mercedes-AMG-GLE-53-06-24x18.jpg 24w, https:\/\/rentacar-dubai.ae\/wp-content\/uploads\/2023\/09\/Mercedes-AMG-GLE-53-06-36x27.jpg 36w, https:\/\/rentacar-dubai.ae\/wp-content\/uploads\/2023\/09\/Mercedes-AMG-GLE-53-06-48x36.jpg 48w, https:\/\/rentacar-dubai.ae\/wp-content\/uploads\/2023\/09\/Mercedes-AMG-GLE-53-06-600x450.jpg 600w, https:\/\/rentacar-dubai.ae\/wp-content\/uploads\/2023\/09\/Mercedes-AMG-GLE-53-06.jpg 1280w\" sizes=\"auto, (max-width: 1024px) 100vw, 1024px\" \/><\/h2>\n<h2 class=\"LC20lb MBeuO DKV0Md\"><br><br><\/h2>\n<h3>Meilleurs conseils pour louer un SUV \u00e0 Duba\u00ef\u00a0?<\/h3>\nIl ne fait aucun doute qu&#039;un road trip est une excellente fa\u00e7on d&#039;explorer Duba\u00ef. Trouver la location de voiture id\u00e9ale est essentiel. D\u00e9couvrez ci-dessous pourquoi un SUV est le type de voiture id\u00e9al pour votre aventure \u00e0 Duba\u00ef.\n\n<strong>De l&#039;espace pour tous\u00a0:<\/strong>\u00a0 Choisissez un SUV pleine grandeur ou 7 places pour voyager en famille.\n\n<b>Grand choix de SUV : <\/b>Trouvez le SUV parfait pour votre style, qu&#039;il soit spacieux ou luxueux.\n\n<b>Personnalisez votre location\u00a0:<\/b>\u00a0 Personnalisez votre v\u00e9hicule utilitaire sport de luxe avec des extras sans transmission int\u00e9grale.\n\n<b>VUS haut de gamme\u00a0:<\/b> Vous choisirez parmi des marques de confiance, comme Range Rover, Mercedes-Benz, Cadillac.<br> <br>","protected":false},"excerpt":{"rendered":"<p>R\u0435nt SUV in the UAE Dubai stands out as a city of luxury and innovation, making it a must-visit destination. To fully enjoy what UAE&#8230;<\/p>","protected":false},"author":36,"featured_media":0,"parent":0,"menu_order":0,"comment_status":"open","ping_status":"open","template":"","meta":{"_themeisle_gutenberg_block_has_review":false,"footnotes":""},"class_list":["post-14808","page","type-page","status-publish","hentry"],"acf":[],"yoast_head":"<!-- This site is optimized with the Yoast SEO Premium plugin v25.5 (Yoast SEO v25.7) - https:\/\/yoast.com\/wordpress\/plugins\/seo\/ -->\n<title>SUVs Car Rental in Dubai | Hire SUV UAE | Crossover Car Rental<\/title>\n<meta name=\"description\" content=\"Rent SUV by Mercedes, BMW, Range Rover or Lamborgini at best prices in Dubai. Compare offers for weekly, monthly rates. \u260e+(971)58-688-1586.\" \/>\n<meta name=\"robots\" content=\"index, follow, max-snippet:-1, max-image-preview:large, max-video-preview:-1\" \/>\n<link rel=\"canonical\" href=\"https:\/\/rentacar-dubai.ae\/fr\/location-de-voiture-suv-dubai\/\" \/>\n<meta property=\"og:locale\" content=\"fr_FR\" \/>\n<meta property=\"og:type\" content=\"article\" \/>\n<meta property=\"og:title\" content=\"SUV Rental in Dubai\" \/>\n<meta property=\"og:description\" content=\"Rent SUV by Mercedes, BMW, Range Rover or Lamborgini at best prices in Dubai. Compare offers for weekly, monthly rates. \u260e+(971)58-688-1586.\" \/>\n<meta property=\"og:url\" content=\"https:\/\/rentacar-dubai.ae\/fr\/location-de-voiture-suv-dubai\/\" \/>\n<meta property=\"og:site_name\" content=\"Long Term Car Rental Dubai - Luxury, SUV &amp; Monthly Deals | Sky Luxse\" \/>\n<meta property=\"article:publisher\" content=\"https:\/\/www.facebook.com\/rentacar.skyluxse\/\" \/>\n<meta property=\"article:modified_time\" content=\"2024-07-15T14:00:50+00:00\" \/>\n<meta property=\"og:image\" content=\"https:\/\/rentacar-dubai.ae\/wp-content\/uploads\/2023\/09\/rent-a-bmw-xm-in-dubai-from-sky--1024x576.jpg\" \/>\n<meta name=\"twitter:card\" content=\"summary_large_image\" \/>\n<meta name=\"twitter:site\" content=\"@rentacardubai7\" \/>\n<meta name=\"twitter:label1\" content=\"Dur\u00e9e de lecture estim\u00e9e\" \/>\n\t<meta name=\"twitter:data1\" content=\"4 minutes\" \/>\n<script type=\"application\/ld+json\" class=\"yoast-schema-graph\">{\"@context\":\"https:\/\/schema.org\",\"@graph\":[{\"@type\":\"WebPage\",\"@id\":\"https:\/\/rentacar-dubai.ae\/suv-car-rental-dubai\/\",\"url\":\"https:\/\/rentacar-dubai.ae\/suv-car-rental-dubai\/\",\"name\":\"SUVs Car Rental in Dubai | Hire SUV UAE | Crossover Car Rental\",\"isPartOf\":{\"@id\":\"https:\/\/rentacar-dubai.ae\/#website\"},\"primaryImageOfPage\":{\"@id\":\"https:\/\/rentacar-dubai.ae\/suv-car-rental-dubai\/#primaryimage\"},\"image\":{\"@id\":\"https:\/\/rentacar-dubai.ae\/suv-car-rental-dubai\/#primaryimage\"},\"thumbnailUrl\":\"https:\/\/rentacar-dubai.ae\/wp-content\/uploads\/2023\/09\/rent-a-bmw-xm-in-dubai-from-sky--1024x576.jpg\",\"datePublished\":\"2023-08-22T06:19:43+00:00\",\"dateModified\":\"2024-07-15T14:00:50+00:00\",\"description\":\"Rent SUV by Mercedes, BMW, Range Rover or Lamborgini at best prices in Dubai. Compare offers for weekly, monthly rates. \u260e+(971)58-688-1586.\",\"breadcrumb\":{\"@id\":\"https:\/\/rentacar-dubai.ae\/suv-car-rental-dubai\/#breadcrumb\"},\"inLanguage\":\"fr-FR\",\"potentialAction\":[{\"@type\":\"ReadAction\",\"target\":[\"https:\/\/rentacar-dubai.ae\/suv-car-rental-dubai\/\"]}]},{\"@type\":\"ImageObject\",\"inLanguage\":\"fr-FR\",\"@id\":\"https:\/\/rentacar-dubai.ae\/suv-car-rental-dubai\/#primaryimage\",\"url\":\"https:\/\/rentacar-dubai.ae\/wp-content\/uploads\/2023\/09\/rent-a-bmw-xm-in-dubai-from-sky--1024x576.jpg\",\"contentUrl\":\"https:\/\/rentacar-dubai.ae\/wp-content\/uploads\/2023\/09\/rent-a-bmw-xm-in-dubai-from-sky--1024x576.jpg\"},{\"@type\":\"BreadcrumbList\",\"@id\":\"https:\/\/rentacar-dubai.ae\/suv-car-rental-dubai\/#breadcrumb\",\"itemListElement\":[{\"@type\":\"ListItem\",\"position\":1,\"name\":\"Home\",\"item\":\"https:\/\/rentacar-dubai.ae\/\"},{\"@type\":\"ListItem\",\"position\":2,\"name\":\"SUV Rental in Dubai\"}]},{\"@type\":\"WebSite\",\"@id\":\"https:\/\/rentacar-dubai.ae\/#website\",\"url\":\"https:\/\/rentacar-dubai.ae\/\",\"name\":\"Long Term Car Rental Dubai - Luxury, SUV &amp; Monthly Deals | Sky Luxse\",\"description\":\"Long term car rental in Dubai. Luxury and SUV monthly rentals, no deposit, flexible terms, delivery to hotel or airport. Best prices for expats and business.\",\"publisher\":{\"@id\":\"https:\/\/rentacar-dubai.ae\/#organization\"},\"potentialAction\":[{\"@type\":\"SearchAction\",\"target\":{\"@type\":\"EntryPoint\",\"urlTemplate\":\"https:\/\/rentacar-dubai.ae\/?s={search_term_string}\"},\"query-input\":{\"@type\":\"PropertyValueSpecification\",\"valueRequired\":true,\"valueName\":\"search_term_string\"}}],\"inLanguage\":\"fr-FR\"},{\"@type\":\"Organization\",\"@id\":\"https:\/\/rentacar-dubai.ae\/#organization\",\"name\":\"SKY LUXSE RENT A CAR L.L.C\",\"url\":\"https:\/\/rentacar-dubai.ae\/\",\"logo\":{\"@type\":\"ImageObject\",\"inLanguage\":\"fr-FR\",\"@id\":\"https:\/\/rentacar-dubai.ae\/#\/schema\/logo\/image\/\",\"url\":\"https:\/\/rentacar-dubai.ae\/wp-content\/uploads\/2023\/01\/2.png\",\"contentUrl\":\"https:\/\/rentacar-dubai.ae\/wp-content\/uploads\/2023\/01\/2.png\",\"width\":1600,\"height\":268,\"caption\":\"SKY LUXSE RENT A CAR L.L.C\"},\"image\":{\"@id\":\"https:\/\/rentacar-dubai.ae\/#\/schema\/logo\/image\/\"},\"sameAs\":[\"https:\/\/www.facebook.com\/rentacar.skyluxse\/\",\"https:\/\/x.com\/rentacardubai7\"]}]}<\/script>\n<!-- \/ Yoast SEO Premium plugin. -->","yoast_head_json":{"title":"SUVs Car Rental in Dubai | Hire SUV UAE | Crossover Car Rental","description":"Rent SUV by Mercedes, BMW, Range Rover or Lamborgini at best prices in Dubai. Compare offers for weekly, monthly rates. \u260e+(971)58-688-1586.","robots":{"index":"index","follow":"follow","max-snippet":"max-snippet:-1","max-image-preview":"max-image-preview:large","max-video-preview":"max-video-preview:-1"},"canonical":"https:\/\/rentacar-dubai.ae\/fr\/location-de-voiture-suv-dubai\/","og_locale":"fr_FR","og_type":"article","og_title":"SUV Rental in Dubai","og_description":"Rent SUV by Mercedes, BMW, Range Rover or Lamborgini at best prices in Dubai. Compare offers for weekly, monthly rates. \u260e+(971)58-688-1586.","og_url":"https:\/\/rentacar-dubai.ae\/fr\/location-de-voiture-suv-dubai\/","og_site_name":"Long Term Car Rental Dubai - Luxury, SUV &amp; Monthly Deals | Sky Luxse","article_publisher":"https:\/\/www.facebook.com\/rentacar.skyluxse\/","article_modified_time":"2024-07-15T14:00:50+00:00","og_image":[{"url":"https:\/\/rentacar-dubai.ae\/wp-content\/uploads\/2023\/09\/rent-a-bmw-xm-in-dubai-from-sky--1024x576.jpg","type":"","width":"","height":""}],"twitter_card":"summary_large_image","twitter_site":"@rentacardubai7","twitter_misc":{"Dur\u00e9e de lecture estim\u00e9e":"4 minutes"},"schema":{"@context":"https:\/\/schema.org","@graph":[{"@type":"WebPage","@id":"https:\/\/rentacar-dubai.ae\/suv-car-rental-dubai\/","url":"https:\/\/rentacar-dubai.ae\/suv-car-rental-dubai\/","name":"SUVs Car Rental in Dubai | Hire SUV UAE | Crossover Car Rental","isPartOf":{"@id":"https:\/\/rentacar-dubai.ae\/#website"},"primaryImageOfPage":{"@id":"https:\/\/rentacar-dubai.ae\/suv-car-rental-dubai\/#primaryimage"},"image":{"@id":"https:\/\/rentacar-dubai.ae\/suv-car-rental-dubai\/#primaryimage"},"thumbnailUrl":"https:\/\/rentacar-dubai.ae\/wp-content\/uploads\/2023\/09\/rent-a-bmw-xm-in-dubai-from-sky--1024x576.jpg","datePublished":"2023-08-22T06:19:43+00:00","dateModified":"2024-07-15T14:00:50+00:00","description":"Rent SUV by Mercedes, BMW, Range Rover or Lamborgini at best prices in Dubai. Compare offers for weekly, monthly rates. \u260e+(971)58-688-1586.","breadcrumb":{"@id":"https:\/\/rentacar-dubai.ae\/suv-car-rental-dubai\/#breadcrumb"},"inLanguage":"fr-FR","potentialAction":[{"@type":"ReadAction","target":["https:\/\/rentacar-dubai.ae\/suv-car-rental-dubai\/"]}]},{"@type":"ImageObject","inLanguage":"fr-FR","@id":"https:\/\/rentacar-dubai.ae\/suv-car-rental-dubai\/#primaryimage","url":"https:\/\/rentacar-dubai.ae\/wp-content\/uploads\/2023\/09\/rent-a-bmw-xm-in-dubai-from-sky--1024x576.jpg","contentUrl":"https:\/\/rentacar-dubai.ae\/wp-content\/uploads\/2023\/09\/rent-a-bmw-xm-in-dubai-from-sky--1024x576.jpg"},{"@type":"BreadcrumbList","@id":"https:\/\/rentacar-dubai.ae\/suv-car-rental-dubai\/#breadcrumb","itemListElement":[{"@type":"ListItem","position":1,"name":"Home","item":"https:\/\/rentacar-dubai.ae\/"},{"@type":"ListItem","position":2,"name":"SUV Rental in Dubai"}]},{"@type":"WebSite","@id":"https:\/\/rentacar-dubai.ae\/#website","url":"https:\/\/rentacar-dubai.ae\/","name":"Long Term Car Rental Dubai - Luxury, SUV &amp; Monthly Deals | Sky Luxse","description":"Long term car rental in Dubai. Luxury and SUV monthly rentals, no deposit, flexible terms, delivery to hotel or airport. Best prices for expats and business.","publisher":{"@id":"https:\/\/rentacar-dubai.ae\/#organization"},"potentialAction":[{"@type":"SearchAction","target":{"@type":"EntryPoint","urlTemplate":"https:\/\/rentacar-dubai.ae\/?s={search_term_string}"},"query-input":{"@type":"PropertyValueSpecification","valueRequired":true,"valueName":"search_term_string"}}],"inLanguage":"fr-FR"},{"@type":"Organization","@id":"https:\/\/rentacar-dubai.ae\/#organization","name":"SKY LUXSE RENT A CAR L.L.C","url":"https:\/\/rentacar-dubai.ae\/","logo":{"@type":"ImageObject","inLanguage":"fr-FR","@id":"https:\/\/rentacar-dubai.ae\/#\/schema\/logo\/image\/","url":"https:\/\/rentacar-dubai.ae\/wp-content\/uploads\/2023\/01\/2.png","contentUrl":"https:\/\/rentacar-dubai.ae\/wp-content\/uploads\/2023\/01\/2.png","width":1600,"height":268,"caption":"SKY LUXSE RENT A CAR L.L.C"},"image":{"@id":"https:\/\/rentacar-dubai.ae\/#\/schema\/logo\/image\/"},"sameAs":["https:\/\/www.facebook.com\/rentacar.skyluxse\/","https:\/\/x.com\/rentacardubai7"]}]}},"_links":{"self":[{"href":"https:\/\/rentacar-dubai.ae\/fr\/wp-json\/wp\/v2\/pages\/14808","targetHints":{"allow":["GET"]}}],"collection":[{"href":"https:\/\/rentacar-dubai.ae\/fr\/wp-json\/wp\/v2\/pages"}],"about":[{"href":"https:\/\/rentacar-dubai.ae\/fr\/wp-json\/wp\/v2\/types\/page"}],"author":[{"embeddable":true,"href":"https:\/\/rentacar-dubai.ae\/fr\/wp-json\/wp\/v2\/users\/36"}],"replies":[{"embeddable":true,"href":"https:\/\/rentacar-dubai.ae\/fr\/wp-json\/wp\/v2\/comments?post=14808"}],"version-history":[{"count":0,"href":"https:\/\/rentacar-dubai.ae\/fr\/wp-json\/wp\/v2\/pages\/14808\/revisions"}],"wp:attachment":[{"href":"https:\/\/rentacar-dubai.ae\/fr\/wp-json\/wp\/v2\/media?parent=14808"}],"curies":[{"name":"wp","href":"https:\/\/api.w.org\/{rel}","templated":true}]}}