{"id":13831,"date":"2023-06-01T13:23:42","date_gmt":"2023-06-01T13:23:42","guid":{"rendered":"https:\/\/rentacar-dubai.ae\/?page_id=13831"},"modified":"2024-03-08T20:00:52","modified_gmt":"2024-03-08T20:00:52","slug":"quick-links","status":"publish","type":"page","link":"https:\/\/rentacar-dubai.ae\/fr\/liens-rapides\/","title":{"rendered":"Liens rapides"},"content":{"rendered":"<h1 style=\"text-align: center;\">LIENS RAPIDES<\/h1>\r\n<h1><a href=\"https:\/\/rentacar-dubai.ae\/fr\/location-de-voiture-mensuelle-a-long-terme\/\">Location de voiture mensuelle aux \u00c9mirats arabes unis<\/a><\/h1>\r\n<img loading=\"lazy\" decoding=\"async\" class=\"wp-image-13818\" src=\"https:\/\/rentacar-dubai.ae\/wp-content\/uploads\/2023\/06\/12\u044540-300x94.jpg\" alt=\"Location de voiture au mois et \u00e0 long terme aux EAU\" width=\"926\" height=\"290\" \/>\r\n\r\n<br> <br>\r\n\r\nEn choisissant le site rentacar-dubai.ae pour louer une voiture \u00e0 Duba\u00ef, vous b\u00e9n\u00e9ficiez non seulement d&#039;un large choix de voitures, mais \u00e9galement d&#039;une facilit\u00e9 d&#039;utilisation maximale du service. Le site propose une interface intuitive qui facilite la s\u00e9lection et la r\u00e9servation de la voiture dont vous avez besoin.<br> <br>\r\n\r\n<br> <br>\r\n\r\nSi vous avez des questions ou avez besoin d&#039;informations suppl\u00e9mentaires, vous pouvez toujours utiliser le chat en ligne avec l&#039;op\u00e9rateur situ\u00e9 dans le coin inf\u00e9rieur droit de l&#039;\u00e9cran. Pour ceux qui pr\u00e9f\u00e8rent la communication instantan\u00e9e, la communication via WhatsApp ou Telegram est disponible au +971586637500, garantissant des r\u00e9ponses rapides \u00e0 toutes les questions.\r\n\r\n<br> <br>\r\n\r\nNous nous effor\u00e7ons de cr\u00e9er la meilleure exp\u00e9rience de location de voiture aux \u00c9mirats en proposant\u00a0:\r\n\r\n<br> <br>\r\n\r\n\u2013 Rendez-vous \u00e0 l\u2019a\u00e9roport, qui vous permettra de profiter imm\u00e9diatement du confort et de la commodit\u00e9 de notre service.<br> <br>\r\n\u2013 Possibilit\u00e9 de paiement dans la devise de votre choix : que ce soit des roubles, des dollars ou m\u00eame des crypto-monnaies. Vous pouvez payer soit par carte, soit en esp\u00e8ces.<br> <br>\r\n\u2013 Livraison de la voiture s\u00e9lectionn\u00e9e directement \u00e0 la porte de votre domicile ou h\u00f4tel partout \u00e0 Duba\u00ef.<br> <br>\r\n\u2013 Une s\u00e9lection des derniers mod\u00e8les de voitures, qui vous garantit non seulement une location, mais aussi le plaisir de conduire une voiture de qualit\u00e9.\r\n\r\n<br> <br>\r\n\r\nQue vous louiez \u00e0 l&#039;heure ou pour <a href=\"https:\/\/rentacar-dubai.ae\/fr\/long-term-car-rental-in-uae\/\">long terme<\/a> pendant une ann\u00e9e enti\u00e8re, nous ferons la meilleure offre, garantissant le plus haut niveau de service et de satisfaction. Choisir rentacar-dubai.ae est la cl\u00e9 d\u2019un voyage insouciant et confortable autour de Duba\u00ef.\r\n\r\n<br> <br>\r\n\r\n<br> <br>","protected":false},"excerpt":{"rendered":"<p>QUICK LINKS Monthly Car Rental In the UAE By choosing the rentacar-dubai.ae website to rent a car in Dubai, you get not only a wide&#8230;<\/p>","protected":false},"author":36,"featured_media":0,"parent":0,"menu_order":0,"comment_status":"closed","ping_status":"closed","template":"","meta":{"_themeisle_gutenberg_block_has_review":false,"footnotes":""},"class_list":["post-13831","page","type-page","status-publish","hentry"],"acf":[],"yoast_head":"<!-- This site is optimized with the Yoast SEO Premium plugin v25.5 (Yoast SEO v25.7) - https:\/\/yoast.com\/wordpress\/plugins\/seo\/ -->\n<title>Long Term Car Rental in Dubai | Rent a Car Monthly in the UAE<\/title>\n<meta name=\"description\" content=\"Book favourite car in Dubai for an affordable monthly fee \u2705 no deposit \u2705 Delivery across Dubai 24\/7 \u2705 \u260e+(971) 58-688-1586.\" \/>\n<meta name=\"robots\" content=\"index, follow, max-snippet:-1, max-image-preview:large, max-video-preview:-1\" \/>\n<link rel=\"canonical\" href=\"https:\/\/rentacar-dubai.ae\/fr\/liens-rapides\/\" \/>\n<meta property=\"og:locale\" content=\"fr_FR\" \/>\n<meta property=\"og:type\" content=\"article\" \/>\n<meta property=\"og:title\" content=\"Quick Links\" \/>\n<meta property=\"og:description\" content=\"Book favourite car in Dubai for an affordable monthly fee \u2705 no deposit \u2705 Delivery across Dubai 24\/7 \u2705 \u260e+(971) 58-688-1586.\" \/>\n<meta property=\"og:url\" content=\"https:\/\/rentacar-dubai.ae\/fr\/liens-rapides\/\" \/>\n<meta property=\"og:site_name\" content=\"Long Term Car Rental Dubai - Luxury, SUV &amp; Monthly Deals | Sky Luxse\" \/>\n<meta property=\"article:publisher\" content=\"https:\/\/www.facebook.com\/rentacar.skyluxse\/\" \/>\n<meta property=\"article:modified_time\" content=\"2024-03-08T20:00:52+00:00\" \/>\n<meta name=\"twitter:card\" content=\"summary_large_image\" \/>\n<meta name=\"twitter:site\" content=\"@rentacardubai7\" \/>\n<meta name=\"twitter:label1\" content=\"Dur\u00e9e de lecture estim\u00e9e\" \/>\n\t<meta name=\"twitter:data1\" content=\"2 minutes\" \/>\n<script type=\"application\/ld+json\" class=\"yoast-schema-graph\">{\"@context\":\"https:\/\/schema.org\",\"@graph\":[{\"@type\":\"WebPage\",\"@id\":\"https:\/\/rentacar-dubai.ae\/quick-links\/\",\"url\":\"https:\/\/rentacar-dubai.ae\/quick-links\/\",\"name\":\"Long Term Car Rental in Dubai | Rent a Car Monthly in the UAE\",\"isPartOf\":{\"@id\":\"https:\/\/rentacar-dubai.ae\/#website\"},\"datePublished\":\"2023-06-01T13:23:42+00:00\",\"dateModified\":\"2024-03-08T20:00:52+00:00\",\"description\":\"Book favourite car in Dubai for an affordable monthly fee \u2705 no deposit \u2705 Delivery across Dubai 24\/7 \u2705 \u260e+(971) 58-688-1586.\",\"breadcrumb\":{\"@id\":\"https:\/\/rentacar-dubai.ae\/quick-links\/#breadcrumb\"},\"inLanguage\":\"fr-FR\",\"potentialAction\":[{\"@type\":\"ReadAction\",\"target\":[\"https:\/\/rentacar-dubai.ae\/quick-links\/\"]}]},{\"@type\":\"BreadcrumbList\",\"@id\":\"https:\/\/rentacar-dubai.ae\/quick-links\/#breadcrumb\",\"itemListElement\":[{\"@type\":\"ListItem\",\"position\":1,\"name\":\"Home\",\"item\":\"https:\/\/rentacar-dubai.ae\/\"},{\"@type\":\"ListItem\",\"position\":2,\"name\":\"Quick Links\"}]},{\"@type\":\"WebSite\",\"@id\":\"https:\/\/rentacar-dubai.ae\/#website\",\"url\":\"https:\/\/rentacar-dubai.ae\/\",\"name\":\"Long Term Car Rental Dubai - Luxury, SUV &amp; Monthly Deals | Sky Luxse\",\"description\":\"Long term car rental in Dubai. Luxury and SUV monthly rentals, no deposit, flexible terms, delivery to hotel or airport. Best prices for expats and business.\",\"publisher\":{\"@id\":\"https:\/\/rentacar-dubai.ae\/#organization\"},\"potentialAction\":[{\"@type\":\"SearchAction\",\"target\":{\"@type\":\"EntryPoint\",\"urlTemplate\":\"https:\/\/rentacar-dubai.ae\/?s={search_term_string}\"},\"query-input\":{\"@type\":\"PropertyValueSpecification\",\"valueRequired\":true,\"valueName\":\"search_term_string\"}}],\"inLanguage\":\"fr-FR\"},{\"@type\":\"Organization\",\"@id\":\"https:\/\/rentacar-dubai.ae\/#organization\",\"name\":\"SKY LUXSE RENT A CAR L.L.C\",\"url\":\"https:\/\/rentacar-dubai.ae\/\",\"logo\":{\"@type\":\"ImageObject\",\"inLanguage\":\"fr-FR\",\"@id\":\"https:\/\/rentacar-dubai.ae\/#\/schema\/logo\/image\/\",\"url\":\"https:\/\/rentacar-dubai.ae\/wp-content\/uploads\/2023\/01\/2.png\",\"contentUrl\":\"https:\/\/rentacar-dubai.ae\/wp-content\/uploads\/2023\/01\/2.png\",\"width\":1600,\"height\":268,\"caption\":\"SKY LUXSE RENT A CAR L.L.C\"},\"image\":{\"@id\":\"https:\/\/rentacar-dubai.ae\/#\/schema\/logo\/image\/\"},\"sameAs\":[\"https:\/\/www.facebook.com\/rentacar.skyluxse\/\",\"https:\/\/x.com\/rentacardubai7\"]}]}<\/script>\n<!-- \/ Yoast SEO Premium plugin. -->","yoast_head_json":{"title":"Long Term Car Rental in Dubai | Rent a Car Monthly in the UAE","description":"Book favourite car in Dubai for an affordable monthly fee \u2705 no deposit \u2705 Delivery across Dubai 24\/7 \u2705 \u260e+(971) 58-688-1586.","robots":{"index":"index","follow":"follow","max-snippet":"max-snippet:-1","max-image-preview":"max-image-preview:large","max-video-preview":"max-video-preview:-1"},"canonical":"https:\/\/rentacar-dubai.ae\/fr\/liens-rapides\/","og_locale":"fr_FR","og_type":"article","og_title":"Quick Links","og_description":"Book favourite car in Dubai for an affordable monthly fee \u2705 no deposit \u2705 Delivery across Dubai 24\/7 \u2705 \u260e+(971) 58-688-1586.","og_url":"https:\/\/rentacar-dubai.ae\/fr\/liens-rapides\/","og_site_name":"Long Term Car Rental Dubai - Luxury, SUV &amp; Monthly Deals | Sky Luxse","article_publisher":"https:\/\/www.facebook.com\/rentacar.skyluxse\/","article_modified_time":"2024-03-08T20:00:52+00:00","twitter_card":"summary_large_image","twitter_site":"@rentacardubai7","twitter_misc":{"Dur\u00e9e de lecture estim\u00e9e":"2 minutes"},"schema":{"@context":"https:\/\/schema.org","@graph":[{"@type":"WebPage","@id":"https:\/\/rentacar-dubai.ae\/quick-links\/","url":"https:\/\/rentacar-dubai.ae\/quick-links\/","name":"Long Term Car Rental in Dubai | Rent a Car Monthly in the UAE","isPartOf":{"@id":"https:\/\/rentacar-dubai.ae\/#website"},"datePublished":"2023-06-01T13:23:42+00:00","dateModified":"2024-03-08T20:00:52+00:00","description":"Book favourite car in Dubai for an affordable monthly fee \u2705 no deposit \u2705 Delivery across Dubai 24\/7 \u2705 \u260e+(971) 58-688-1586.","breadcrumb":{"@id":"https:\/\/rentacar-dubai.ae\/quick-links\/#breadcrumb"},"inLanguage":"fr-FR","potentialAction":[{"@type":"ReadAction","target":["https:\/\/rentacar-dubai.ae\/quick-links\/"]}]},{"@type":"BreadcrumbList","@id":"https:\/\/rentacar-dubai.ae\/quick-links\/#breadcrumb","itemListElement":[{"@type":"ListItem","position":1,"name":"Home","item":"https:\/\/rentacar-dubai.ae\/"},{"@type":"ListItem","position":2,"name":"Quick Links"}]},{"@type":"WebSite","@id":"https:\/\/rentacar-dubai.ae\/#website","url":"https:\/\/rentacar-dubai.ae\/","name":"Long Term Car Rental Dubai - Luxury, SUV &amp; Monthly Deals | Sky Luxse","description":"Long term car rental in Dubai. Luxury and SUV monthly rentals, no deposit, flexible terms, delivery to hotel or airport. Best prices for expats and business.","publisher":{"@id":"https:\/\/rentacar-dubai.ae\/#organization"},"potentialAction":[{"@type":"SearchAction","target":{"@type":"EntryPoint","urlTemplate":"https:\/\/rentacar-dubai.ae\/?s={search_term_string}"},"query-input":{"@type":"PropertyValueSpecification","valueRequired":true,"valueName":"search_term_string"}}],"inLanguage":"fr-FR"},{"@type":"Organization","@id":"https:\/\/rentacar-dubai.ae\/#organization","name":"SKY LUXSE RENT A CAR L.L.C","url":"https:\/\/rentacar-dubai.ae\/","logo":{"@type":"ImageObject","inLanguage":"fr-FR","@id":"https:\/\/rentacar-dubai.ae\/#\/schema\/logo\/image\/","url":"https:\/\/rentacar-dubai.ae\/wp-content\/uploads\/2023\/01\/2.png","contentUrl":"https:\/\/rentacar-dubai.ae\/wp-content\/uploads\/2023\/01\/2.png","width":1600,"height":268,"caption":"SKY LUXSE RENT A CAR L.L.C"},"image":{"@id":"https:\/\/rentacar-dubai.ae\/#\/schema\/logo\/image\/"},"sameAs":["https:\/\/www.facebook.com\/rentacar.skyluxse\/","https:\/\/x.com\/rentacardubai7"]}]}},"_links":{"self":[{"href":"https:\/\/rentacar-dubai.ae\/fr\/wp-json\/wp\/v2\/pages\/13831","targetHints":{"allow":["GET"]}}],"collection":[{"href":"https:\/\/rentacar-dubai.ae\/fr\/wp-json\/wp\/v2\/pages"}],"about":[{"href":"https:\/\/rentacar-dubai.ae\/fr\/wp-json\/wp\/v2\/types\/page"}],"author":[{"embeddable":true,"href":"https:\/\/rentacar-dubai.ae\/fr\/wp-json\/wp\/v2\/users\/36"}],"replies":[{"embeddable":true,"href":"https:\/\/rentacar-dubai.ae\/fr\/wp-json\/wp\/v2\/comments?post=13831"}],"version-history":[{"count":0,"href":"https:\/\/rentacar-dubai.ae\/fr\/wp-json\/wp\/v2\/pages\/13831\/revisions"}],"wp:attachment":[{"href":"https:\/\/rentacar-dubai.ae\/fr\/wp-json\/wp\/v2\/media?parent=13831"}],"curies":[{"name":"wp","href":"https:\/\/api.w.org\/{rel}","templated":true}]}}