{"id":13589,"date":"2023-05-19T13:10:25","date_gmt":"2023-05-19T13:04:05","guid":{"rendered":"https:\/\/rentacar-dubai.ae\/?page_id=13589"},"modified":"2024-02-24T22:39:58","modified_gmt":"2024-02-24T22:39:58","slug":"brands","status":"publish","type":"page","link":"https:\/\/rentacar-dubai.ae\/fr\/marques\/","title":{"rendered":"Marques"},"content":{"rendered":"<h2 style=\"text-align: center;\">\u00a0FLOTTE DE VOITURES<\/h2>\r\nSky Luxse est l&#039;une des soci\u00e9t\u00e9s de location de voitures les plus renomm\u00e9es des \u00c9mirats arabes unis, proposant une vaste gamme de voitures de luxe allant des SUV, berlines, v\u00e9hicules de sport et cabriolets. Si vous recherchez l&#039;exp\u00e9rience de conduite ultime aux \u00c9mirats arabes unis, notre entreprise est le choix parfait pour vous.\r\n\r\n<br> <br>\r\n\r\nSky Luxse propose une vaste collection de moteurs de luxe \u00e0 louer, et notre collection est r\u00e9guli\u00e8rement mise \u00e0 jour pour suivre les derniers mod\u00e8les. Nous proposons une gamme de v\u00e9hicules de marques haut de gamme telles que <a href=\"https:\/\/rentacar-dubai.ae\/fr\/autos\/bmw-735i\/\">BMW<\/a>, Range Rover, <a href=\"https:\/\/rentacar-dubai.ae\/fr\/autos\/audi-q8-location-de-voiture-dubai\/\">Audi<\/a>, Lamborghini, Rolls-Royce, Ferrari et bien d&#039;autres. Examinons de plus pr\u00e8s notre gamme de voitures de luxe.\r\n\r\n<br> <br>\r\n\r\n&nbsp;\r\n<h2>VUS<\/h2>\r\n<img loading=\"lazy\" decoding=\"async\" class=\"wp-image-13116\" src=\"https:\/\/rentacar-dubai.ae\/wp-content\/uploads\/2017\/01\/2_5391143727051842841-300x169.jpg\" alt=\"Location Mercedes G63 AMG Gris Emirats Arabes Unis\" width=\"651\" height=\"367\" srcset=\"https:\/\/rentacar-dubai.ae\/wp-content\/uploads\/2017\/01\/2_5391143727051842841-300x169.jpg 300w, https:\/\/rentacar-dubai.ae\/wp-content\/uploads\/2017\/01\/2_5391143727051842841-1024x576.jpg 1024w, https:\/\/rentacar-dubai.ae\/wp-content\/uploads\/2017\/01\/2_5391143727051842841-768x432.jpg 768w, https:\/\/rentacar-dubai.ae\/wp-content\/uploads\/2017\/01\/2_5391143727051842841-18x10.jpg 18w, https:\/\/rentacar-dubai.ae\/wp-content\/uploads\/2017\/01\/2_5391143727051842841-117x66.jpg 117w, https:\/\/rentacar-dubai.ae\/wp-content\/uploads\/2017\/01\/2_5391143727051842841-400x225.jpg 400w, https:\/\/rentacar-dubai.ae\/wp-content\/uploads\/2017\/01\/2_5391143727051842841-850x478.jpg 850w, https:\/\/rentacar-dubai.ae\/wp-content\/uploads\/2017\/01\/2_5391143727051842841-640x362.jpg 640w, https:\/\/rentacar-dubai.ae\/wp-content\/uploads\/2017\/01\/2_5391143727051842841-350x197.jpg 350w, https:\/\/rentacar-dubai.ae\/wp-content\/uploads\/2017\/01\/2_5391143727051842841-24x14.jpg 24w, https:\/\/rentacar-dubai.ae\/wp-content\/uploads\/2017\/01\/2_5391143727051842841-36x20.jpg 36w, https:\/\/rentacar-dubai.ae\/wp-content\/uploads\/2017\/01\/2_5391143727051842841-48x27.jpg 48w, https:\/\/rentacar-dubai.ae\/wp-content\/uploads\/2017\/01\/2_5391143727051842841-600x338.jpg 600w, https:\/\/rentacar-dubai.ae\/wp-content\/uploads\/2017\/01\/2_5391143727051842841.jpg 1280w\" sizes=\"auto, (max-width: 651px) 100vw, 651px\" \/>\r\n\r\n<br> <br>\r\n\r\nLes SUV sont l\u2019expression ultime du luxe et du confort. SKY LUXSE Duba\u00ef propose une large gamme de SUV parfaits pour les aventures hors route et les longs trajets. Vous pouvez louer le puissant et luxueux <a href=\"https:\/\/rentacar-dubai.ae\/fr\/autos\/mercedes-g63-2022-rental-dubai\/\">Mercedes-Benz G63 AMG<\/a>, l&#039;\u00e9l\u00e9gant et polyvalent <a href=\"https:\/\/rentacar-dubai.ae\/fr\/autos\/range-rover-vogue\/\">Range Rover<\/a>, ou le spacieux <a href=\"https:\/\/rentacar-dubai.ae\/fr\/autos\/cadillac-escalade-location-de-voiture-dubai\/\">Cadillac Escalade<\/a>.\r\n\r\n<br> <br>\r\n\r\n&nbsp;\r\n<h2>Berlines<\/h2>\r\n<h2><img loading=\"lazy\" decoding=\"async\" src=\"https:\/\/rentacar-dubai.ae\/wp-content\/uploads\/2023\/01\/bmw-font-1024x640.jpg\" alt=\"Louer une BMW S\u00e9rie 7 \u00e0 Duba\u00ef\" width=\"1024\" height=\"640\" class=\"alignnone wp-image-15485 size-large\" srcset=\"https:\/\/rentacar-dubai.ae\/wp-content\/uploads\/2023\/01\/bmw-font-1024x640.jpg 1024w, https:\/\/rentacar-dubai.ae\/wp-content\/uploads\/2023\/01\/bmw-font-300x188.jpg 300w, https:\/\/rentacar-dubai.ae\/wp-content\/uploads\/2023\/01\/bmw-font-768x480.jpg 768w, https:\/\/rentacar-dubai.ae\/wp-content\/uploads\/2023\/01\/bmw-font-18x12.jpg 18w, https:\/\/rentacar-dubai.ae\/wp-content\/uploads\/2023\/01\/bmw-font-106x66.jpg 106w, https:\/\/rentacar-dubai.ae\/wp-content\/uploads\/2023\/01\/bmw-font-400x250.jpg 400w, https:\/\/rentacar-dubai.ae\/wp-content\/uploads\/2023\/01\/bmw-font-350x219.jpg 350w, https:\/\/rentacar-dubai.ae\/wp-content\/uploads\/2023\/01\/bmw-font-24x15.jpg 24w, https:\/\/rentacar-dubai.ae\/wp-content\/uploads\/2023\/01\/bmw-font-36x23.jpg 36w, https:\/\/rentacar-dubai.ae\/wp-content\/uploads\/2023\/01\/bmw-font-48x30.jpg 48w, https:\/\/rentacar-dubai.ae\/wp-content\/uploads\/2023\/01\/bmw-font-600x375.jpg 600w, https:\/\/rentacar-dubai.ae\/wp-content\/uploads\/2023\/01\/bmw-font.jpg 1440w\" sizes=\"auto, (max-width: 1024px) 100vw, 1024px\" \/><\/h2>\r\n<br> <br>\r\n\r\nLes berlines sont id\u00e9ales pour les voyages d&#039;affaires et les voyages de loisirs. Les v\u00e9hicules sont connus pour leur confort et leur \u00e9l\u00e9gance et sont parfaits pour naviguer sur les autoroutes de Duba\u00ef. Sky Luxse propose des berlines ex\u00e9cutives comme la <a href=\"https:\/\/rentacar-dubai.ae\/fr\/autos\/mercedes-s500-noir\/\">Mercedes-Benz Classe S<\/a>, le <a href=\"https:\/\/rentacar-dubai.ae\/fr\/autos\/bmw-735i\/\">BMW S\u00e9rie 7<\/a> et l&#039;Audi A8. Ces berlines sont r\u00e9put\u00e9es pour leurs int\u00e9rieurs luxueux, leur technologie de pointe et leurs performances exceptionnelles.\r\n\r\n<br> <br>\r\n\r\n&nbsp;\r\n<h2><strong>Voitures de sport<\/strong><\/h2>\r\n<h2><strong>\u00a0<\/strong><\/h2>\r\n<img loading=\"lazy\" decoding=\"async\" class=\"alignnone wp-image-12805\" src=\"https:\/\/rentacar-dubai.ae\/wp-content\/uploads\/2019\/06\/IMG_20221102_182057_420-300x169.jpg\" alt=\"Porsche 718 Boxster S \u00e0 louer Voiture Noir\" width=\"653\" height=\"368\" \/>\r\n\r\n<br> <br>\r\n\r\nSi vous \u00eates un amateur de sensations fortes, un accro \u00e0 l&#039;adr\u00e9naline ou un passionn\u00e9 d&#039;automobile, la gamme de voitures de sport de Sky Luxse Duba\u00ef est parfaite pour vous. Nos v\u00e9hicules de sport offrent une exp\u00e9rience de conduite exaltante et difficile \u00e0 battre. Vous pouvez choisir parmi l&#039;embl\u00e9matique Ferrari 458 Spider, la Lamborghini Aventador ou la Porsche 911 Turbo S. Les moteurs ont des moteurs puissants, une maniabilit\u00e9 pr\u00e9cise et des int\u00e9rieurs inspir\u00e9s de la course.\r\n\r\n<br> <br>\r\n\r\n&nbsp;\r\n<h2><strong>Cabriolets<\/strong><\/h2>\r\n<img loading=\"lazy\" decoding=\"async\" class=\"wp-image-13292\" src=\"https:\/\/rentacar-dubai.ae\/wp-content\/uploads\/2023\/03\/Mercedes-E45005-300x225.jpg\" alt=\"Louer une Mercedes E450 Cabriolet de luxe \u00e0 Duba\u00ef\" width=\"653\" height=\"490\" srcset=\"https:\/\/rentacar-dubai.ae\/wp-content\/uploads\/2023\/03\/Mercedes-E45005-300x225.jpg 300w, https:\/\/rentacar-dubai.ae\/wp-content\/uploads\/2023\/03\/Mercedes-E45005-1024x768.jpg 1024w, https:\/\/rentacar-dubai.ae\/wp-content\/uploads\/2023\/03\/Mercedes-E45005-768x576.jpg 768w, https:\/\/rentacar-dubai.ae\/wp-content\/uploads\/2023\/03\/Mercedes-E45005-16x12.jpg 16w, https:\/\/rentacar-dubai.ae\/wp-content\/uploads\/2023\/03\/Mercedes-E45005-88x66.jpg 88w, https:\/\/rentacar-dubai.ae\/wp-content\/uploads\/2023\/03\/Mercedes-E45005-347x260.jpg 347w, https:\/\/rentacar-dubai.ae\/wp-content\/uploads\/2023\/03\/Mercedes-E45005-640x480.jpg 640w, https:\/\/rentacar-dubai.ae\/wp-content\/uploads\/2023\/03\/Mercedes-E45005-350x263.jpg 350w, https:\/\/rentacar-dubai.ae\/wp-content\/uploads\/2023\/03\/Mercedes-E45005-24x18.jpg 24w, https:\/\/rentacar-dubai.ae\/wp-content\/uploads\/2023\/03\/Mercedes-E45005-36x27.jpg 36w, https:\/\/rentacar-dubai.ae\/wp-content\/uploads\/2023\/03\/Mercedes-E45005-48x36.jpg 48w, https:\/\/rentacar-dubai.ae\/wp-content\/uploads\/2023\/03\/Mercedes-E45005-600x450.jpg 600w, https:\/\/rentacar-dubai.ae\/wp-content\/uploads\/2023\/03\/Mercedes-E45005.jpg 1280w\" sizes=\"auto, (max-width: 653px) 100vw, 653px\" \/>\r\n\r\n<br> <br>\r\n\r\nIl n&#039;y a pas de meilleure sensation que de parcourir les \u00c9mirats arabes unis dans une d\u00e9capotable, le vent dans les cheveux et le soleil sur le visage. Sky Luxse propose une gamme de voitures d\u00e9capotables parfaites pour se promener tranquillement en ville. L&#039;\u00e9tourdissant <a href=\"https:\/\/rentacar-dubai.ae\/fr\/autos\/rent-cabrio\/\">Mercedes-Benz Cabriolet<\/a>, Porsche 911 Carrera ou la sportive <a href=\"https:\/\/rentacar-dubai.ae\/fr\/autos\/bmw-z4\/\">BMW Z4<\/a> Les Roadster sont des locations id\u00e9ales pour un week-end ou une soir\u00e9e romantique.\r\n\r\n<br> <br>\r\n\r\nNous proposons une large gamme de voitures de luxe, toutes con\u00e7ues pour r\u00e9pondre aux besoins de chaque type de conducteur. Avec notre collection diversifi\u00e9e de v\u00e9hicules de luxe, Sky Luxse est la destination ultime pour la location de voitures haut de gamme. La location d&#039;une voiture haut de gamme chez nous vous donne la possibilit\u00e9 de d\u00e9couvrir le meilleur de ce que les \u00c9mirats arabes unis ont \u00e0 offrir tout en profitant d&#039;un confort, d&#039;une puissance et de performances in\u00e9gal\u00e9es.","protected":false},"excerpt":{"rendered":"<p>\u00a0CARS FLEET Sky Luxse\u00a0 is one of the most renowned car rental companies in the UAE, offering an extensive range of luxury autos ranging from&#8230;<\/p>","protected":false},"author":36,"featured_media":0,"parent":0,"menu_order":0,"comment_status":"open","ping_status":"open","template":"","meta":{"_themeisle_gutenberg_block_has_review":false,"footnotes":""},"class_list":["post-13589","page","type-page","status-publish","hentry"],"acf":[],"yoast_head":"<!-- This site is optimized with the Yoast SEO Premium plugin v25.5 (Yoast SEO v25.7) - https:\/\/yoast.com\/wordpress\/plugins\/seo\/ -->\n<title>Rent Luxury Car in Dubai | No Deposit Monthly Car Rental UAE<\/title>\n<meta name=\"description\" content=\"Find the best rental prices on luxury and family rental cars with free amendments. Travel with up to 30% discount. Reserve online today.\" \/>\n<meta name=\"robots\" content=\"index, follow, max-snippet:-1, max-image-preview:large, max-video-preview:-1\" \/>\n<link rel=\"canonical\" href=\"https:\/\/rentacar-dubai.ae\/fr\/marques\/\" \/>\n<meta property=\"og:locale\" content=\"fr_FR\" \/>\n<meta property=\"og:type\" content=\"article\" \/>\n<meta property=\"og:title\" content=\"Brands\" \/>\n<meta property=\"og:description\" content=\"Find the best rental prices on luxury and family rental cars with free amendments. Travel with up to 30% discount. Reserve online today.\" \/>\n<meta property=\"og:url\" content=\"https:\/\/rentacar-dubai.ae\/fr\/marques\/\" \/>\n<meta property=\"og:site_name\" content=\"Long Term Car Rental Dubai - Luxury, SUV &amp; Monthly Deals | Sky Luxse\" \/>\n<meta property=\"article:publisher\" content=\"https:\/\/www.facebook.com\/rentacar.skyluxse\/\" \/>\n<meta property=\"article:modified_time\" content=\"2024-02-24T22:39:58+00:00\" \/>\n<meta property=\"og:image\" content=\"https:\/\/rentacar-dubai.ae\/wp-content\/uploads\/2017\/01\/2_5391143727051842841-300x169.jpg\" \/>\n<meta name=\"twitter:card\" content=\"summary_large_image\" \/>\n<meta name=\"twitter:site\" content=\"@rentacardubai7\" \/>\n<meta name=\"twitter:label1\" content=\"Dur\u00e9e de lecture estim\u00e9e\" \/>\n\t<meta name=\"twitter:data1\" content=\"4 minutes\" \/>\n<script type=\"application\/ld+json\" class=\"yoast-schema-graph\">{\"@context\":\"https:\/\/schema.org\",\"@graph\":[{\"@type\":\"WebPage\",\"@id\":\"https:\/\/rentacar-dubai.ae\/brands\/\",\"url\":\"https:\/\/rentacar-dubai.ae\/brands\/\",\"name\":\"Rent Luxury Car in Dubai | No Deposit Monthly Car Rental UAE\",\"isPartOf\":{\"@id\":\"https:\/\/rentacar-dubai.ae\/#website\"},\"primaryImageOfPage\":{\"@id\":\"https:\/\/rentacar-dubai.ae\/brands\/#primaryimage\"},\"image\":{\"@id\":\"https:\/\/rentacar-dubai.ae\/brands\/#primaryimage\"},\"thumbnailUrl\":\"https:\/\/rentacar-dubai.ae\/wp-content\/uploads\/2017\/01\/2_5391143727051842841-300x169.jpg\",\"datePublished\":\"2023-05-19T13:04:05+00:00\",\"dateModified\":\"2024-02-24T22:39:58+00:00\",\"description\":\"Find the best rental prices on luxury and family rental cars with free amendments. Travel with up to 30% discount. Reserve online today.\",\"breadcrumb\":{\"@id\":\"https:\/\/rentacar-dubai.ae\/brands\/#breadcrumb\"},\"inLanguage\":\"fr-FR\",\"potentialAction\":[{\"@type\":\"ReadAction\",\"target\":[\"https:\/\/rentacar-dubai.ae\/brands\/\"]}]},{\"@type\":\"ImageObject\",\"inLanguage\":\"fr-FR\",\"@id\":\"https:\/\/rentacar-dubai.ae\/brands\/#primaryimage\",\"url\":\"https:\/\/rentacar-dubai.ae\/wp-content\/uploads\/2017\/01\/2_5391143727051842841-300x169.jpg\",\"contentUrl\":\"https:\/\/rentacar-dubai.ae\/wp-content\/uploads\/2017\/01\/2_5391143727051842841-300x169.jpg\"},{\"@type\":\"BreadcrumbList\",\"@id\":\"https:\/\/rentacar-dubai.ae\/brands\/#breadcrumb\",\"itemListElement\":[{\"@type\":\"ListItem\",\"position\":1,\"name\":\"Home\",\"item\":\"https:\/\/rentacar-dubai.ae\/\"},{\"@type\":\"ListItem\",\"position\":2,\"name\":\"Brands\"}]},{\"@type\":\"WebSite\",\"@id\":\"https:\/\/rentacar-dubai.ae\/#website\",\"url\":\"https:\/\/rentacar-dubai.ae\/\",\"name\":\"Long Term Car Rental Dubai - Luxury, SUV &amp; Monthly Deals | Sky Luxse\",\"description\":\"Long term car rental in Dubai. Luxury and SUV monthly rentals, no deposit, flexible terms, delivery to hotel or airport. Best prices for expats and business.\",\"publisher\":{\"@id\":\"https:\/\/rentacar-dubai.ae\/#organization\"},\"potentialAction\":[{\"@type\":\"SearchAction\",\"target\":{\"@type\":\"EntryPoint\",\"urlTemplate\":\"https:\/\/rentacar-dubai.ae\/?s={search_term_string}\"},\"query-input\":{\"@type\":\"PropertyValueSpecification\",\"valueRequired\":true,\"valueName\":\"search_term_string\"}}],\"inLanguage\":\"fr-FR\"},{\"@type\":\"Organization\",\"@id\":\"https:\/\/rentacar-dubai.ae\/#organization\",\"name\":\"SKY LUXSE RENT A CAR L.L.C\",\"url\":\"https:\/\/rentacar-dubai.ae\/\",\"logo\":{\"@type\":\"ImageObject\",\"inLanguage\":\"fr-FR\",\"@id\":\"https:\/\/rentacar-dubai.ae\/#\/schema\/logo\/image\/\",\"url\":\"https:\/\/rentacar-dubai.ae\/wp-content\/uploads\/2023\/01\/2.png\",\"contentUrl\":\"https:\/\/rentacar-dubai.ae\/wp-content\/uploads\/2023\/01\/2.png\",\"width\":1600,\"height\":268,\"caption\":\"SKY LUXSE RENT A CAR L.L.C\"},\"image\":{\"@id\":\"https:\/\/rentacar-dubai.ae\/#\/schema\/logo\/image\/\"},\"sameAs\":[\"https:\/\/www.facebook.com\/rentacar.skyluxse\/\",\"https:\/\/x.com\/rentacardubai7\"]}]}<\/script>\n<!-- \/ Yoast SEO Premium plugin. -->","yoast_head_json":{"title":"Rent Luxury Car in Dubai | No Deposit Monthly Car Rental UAE","description":"Find the best rental prices on luxury and family rental cars with free amendments. Travel with up to 30% discount. Reserve online today.","robots":{"index":"index","follow":"follow","max-snippet":"max-snippet:-1","max-image-preview":"max-image-preview:large","max-video-preview":"max-video-preview:-1"},"canonical":"https:\/\/rentacar-dubai.ae\/fr\/marques\/","og_locale":"fr_FR","og_type":"article","og_title":"Brands","og_description":"Find the best rental prices on luxury and family rental cars with free amendments. Travel with up to 30% discount. Reserve online today.","og_url":"https:\/\/rentacar-dubai.ae\/fr\/marques\/","og_site_name":"Long Term Car Rental Dubai - Luxury, SUV &amp; Monthly Deals | Sky Luxse","article_publisher":"https:\/\/www.facebook.com\/rentacar.skyluxse\/","article_modified_time":"2024-02-24T22:39:58+00:00","og_image":[{"url":"https:\/\/rentacar-dubai.ae\/wp-content\/uploads\/2017\/01\/2_5391143727051842841-300x169.jpg","type":"","width":"","height":""}],"twitter_card":"summary_large_image","twitter_site":"@rentacardubai7","twitter_misc":{"Dur\u00e9e de lecture estim\u00e9e":"4 minutes"},"schema":{"@context":"https:\/\/schema.org","@graph":[{"@type":"WebPage","@id":"https:\/\/rentacar-dubai.ae\/brands\/","url":"https:\/\/rentacar-dubai.ae\/brands\/","name":"Rent Luxury Car in Dubai | No Deposit Monthly Car Rental UAE","isPartOf":{"@id":"https:\/\/rentacar-dubai.ae\/#website"},"primaryImageOfPage":{"@id":"https:\/\/rentacar-dubai.ae\/brands\/#primaryimage"},"image":{"@id":"https:\/\/rentacar-dubai.ae\/brands\/#primaryimage"},"thumbnailUrl":"https:\/\/rentacar-dubai.ae\/wp-content\/uploads\/2017\/01\/2_5391143727051842841-300x169.jpg","datePublished":"2023-05-19T13:04:05+00:00","dateModified":"2024-02-24T22:39:58+00:00","description":"Find the best rental prices on luxury and family rental cars with free amendments. Travel with up to 30% discount. Reserve online today.","breadcrumb":{"@id":"https:\/\/rentacar-dubai.ae\/brands\/#breadcrumb"},"inLanguage":"fr-FR","potentialAction":[{"@type":"ReadAction","target":["https:\/\/rentacar-dubai.ae\/brands\/"]}]},{"@type":"ImageObject","inLanguage":"fr-FR","@id":"https:\/\/rentacar-dubai.ae\/brands\/#primaryimage","url":"https:\/\/rentacar-dubai.ae\/wp-content\/uploads\/2017\/01\/2_5391143727051842841-300x169.jpg","contentUrl":"https:\/\/rentacar-dubai.ae\/wp-content\/uploads\/2017\/01\/2_5391143727051842841-300x169.jpg"},{"@type":"BreadcrumbList","@id":"https:\/\/rentacar-dubai.ae\/brands\/#breadcrumb","itemListElement":[{"@type":"ListItem","position":1,"name":"Home","item":"https:\/\/rentacar-dubai.ae\/"},{"@type":"ListItem","position":2,"name":"Brands"}]},{"@type":"WebSite","@id":"https:\/\/rentacar-dubai.ae\/#website","url":"https:\/\/rentacar-dubai.ae\/","name":"Long Term Car Rental Dubai - Luxury, SUV &amp; Monthly Deals | Sky Luxse","description":"Long term car rental in Dubai. Luxury and SUV monthly rentals, no deposit, flexible terms, delivery to hotel or airport. Best prices for expats and business.","publisher":{"@id":"https:\/\/rentacar-dubai.ae\/#organization"},"potentialAction":[{"@type":"SearchAction","target":{"@type":"EntryPoint","urlTemplate":"https:\/\/rentacar-dubai.ae\/?s={search_term_string}"},"query-input":{"@type":"PropertyValueSpecification","valueRequired":true,"valueName":"search_term_string"}}],"inLanguage":"fr-FR"},{"@type":"Organization","@id":"https:\/\/rentacar-dubai.ae\/#organization","name":"SKY LUXSE RENT A CAR L.L.C","url":"https:\/\/rentacar-dubai.ae\/","logo":{"@type":"ImageObject","inLanguage":"fr-FR","@id":"https:\/\/rentacar-dubai.ae\/#\/schema\/logo\/image\/","url":"https:\/\/rentacar-dubai.ae\/wp-content\/uploads\/2023\/01\/2.png","contentUrl":"https:\/\/rentacar-dubai.ae\/wp-content\/uploads\/2023\/01\/2.png","width":1600,"height":268,"caption":"SKY LUXSE RENT A CAR L.L.C"},"image":{"@id":"https:\/\/rentacar-dubai.ae\/#\/schema\/logo\/image\/"},"sameAs":["https:\/\/www.facebook.com\/rentacar.skyluxse\/","https:\/\/x.com\/rentacardubai7"]}]}},"_links":{"self":[{"href":"https:\/\/rentacar-dubai.ae\/fr\/wp-json\/wp\/v2\/pages\/13589","targetHints":{"allow":["GET"]}}],"collection":[{"href":"https:\/\/rentacar-dubai.ae\/fr\/wp-json\/wp\/v2\/pages"}],"about":[{"href":"https:\/\/rentacar-dubai.ae\/fr\/wp-json\/wp\/v2\/types\/page"}],"author":[{"embeddable":true,"href":"https:\/\/rentacar-dubai.ae\/fr\/wp-json\/wp\/v2\/users\/36"}],"replies":[{"embeddable":true,"href":"https:\/\/rentacar-dubai.ae\/fr\/wp-json\/wp\/v2\/comments?post=13589"}],"version-history":[{"count":0,"href":"https:\/\/rentacar-dubai.ae\/fr\/wp-json\/wp\/v2\/pages\/13589\/revisions"}],"wp:attachment":[{"href":"https:\/\/rentacar-dubai.ae\/fr\/wp-json\/wp\/v2\/media?parent=13589"}],"curies":[{"name":"wp","href":"https:\/\/api.w.org\/{rel}","templated":true}]}}