{"id":13576,"date":"2023-05-19T08:57:42","date_gmt":"2023-05-19T08:57:42","guid":{"rendered":"https:\/\/rentacar-dubai.ae\/?page_id=13576"},"modified":"2025-09-11T08:24:15","modified_gmt":"2025-09-11T08:24:15","slug":"rent-a-car-abu-dhabi-monthly","status":"publish","type":"page","link":"https:\/\/rentacar-dubai.ae\/fr\/location-de-voiture-abu-dhabi\/","title":{"rendered":"Location de voiture mensuelle \u00e0 Abu Dhabi"},"content":{"rendered":"<h1>LOCATION DE VOITURE \u00c0 ABU DHABI, \u00c9MIRATS ARABES UNIS\r\n<br> <br><\/h1>\r\n<h3>Votre location de voiture \u00e0 Abu Dhabi \u2013 Sky Luxse<br> <br><\/h3>\r\nBeyond simply offering a car rental service, we present you with the key to an unforgettable exploration across Abu Dhabi. Our fleet gives you access to a range of vehicles that ensure not just dependability and ease, but an unmatched driving experience designed for the captivating landscapes and vibrant cityscapes of Abu Dhabi.\r\n<br> <br>\r\nFaites votre choix parmi d&#039;\u00e9l\u00e9gants cabriolets pour profiter du soleil d&#039;Arabie, ou de robustes SUV, parfaits pour explorer les vastes d\u00e9serts et le littoral pittoresque. Notre s\u00e9lection est con\u00e7ue pour satisfaire tous les go\u00fbts et toutes les envies. Notre engagement envers la qualit\u00e9 signifie que chaque v\u00e9hicule de notre gamme est entretenu avec soin et r\u00e9pond aux crit\u00e8res les plus stricts de s\u00e9curit\u00e9 et de confort.\r\n<br> <br>\r\nD\u00e9couvrir la riche culture d&#039;Abou Dabi, explorer ses mosa\u00efques complexes de traditions et d&#039;innovation et s&#039;impr\u00e9gner de ses merveilles architecturales devient un jeu d&#039;enfant gr\u00e2ce \u00e0 notre collection de voitures parfaitement assorties. Plus qu&#039;une simple location de voiture, nous vous proposons un partenariat pour cr\u00e9er des souvenirs inoubliables au c\u0153ur des \u00c9mirats arabes unis.\r\n\r\n<br> <br>\r\n\r\n<br> <br>\r\n<h3>\u00c0 propos de nous:<\/h3>\r\nNous sommes votre partenaire de location de voitures de confiance \u00e0 Abu Dhabi. Nous vous proposons un service in\u00e9gal\u00e9 et une large gamme de v\u00e9hicules adapt\u00e9s \u00e0 vos besoins. Des SUV capables de relever tous les d\u00e9fis aux voitures de sport de luxe qui transformeront chaque voyage en une aventure inoubliable, nous avons tout ce qu&#039;il faut pour rendre votre s\u00e9jour aux \u00c9mirats uniques.\r\n<br> <br>\r\n<h3>Location de voitures \u00e0 Abu Dhabi pour vous :<\/h3>\r\n&#8211; Large selection of cars: choose the perfect car that suits your style and needs. Our fleet contains only proven and reliable cars from the world&#8217;s leading manufacturers.\r\n&#8211; Flexible rental terms: We offer a variety of rental options, from short to long term (Monthly), so you can enjoy the beauty of the island for as long as you wish.\r\n&#8211; 24\/7 support. Our team is always available to help you with any questions or in case of unexpected circumstances.\r\n&#8211; Transparent prices: we guarantee no hidden fees. All rental conditions are clearly stated before your trip begins.\r\n<br> <br>\r\n<h3>Pourquoi nous choisir :<\/h3>\r\nVoyager aux \u00c9mirats arabes unis doit \u00eatre une exp\u00e9rience agr\u00e9able, et nous mettons tout en \u0153uvre pour vous offrir confort et commodit\u00e9. Notre flotte de luxe est \u00e9quip\u00e9e des mod\u00e8les les plus r\u00e9cents de marques de renomm\u00e9e mondiale comme <a href=\"https:\/\/rentacar-dubai.ae\/fr\/autos\/mercedes-s500-noir\/\">Mercedes Benz<\/a>, <a href=\"https:\/\/rentacar-dubai.ae\/fr\/autos\/louer-bmw-xm-2023-a-dubai\/\">BMW<\/a>, <a href=\"https:\/\/rentacar-dubai.ae\/fr\/autos\/cadillac-escalade-location-de-voiture-dubai\/\">Cadillac<\/a>, <a href=\"https:\/\/rentacar-dubai.ae\/fr\/autos\/audi-q8-location-de-voiture-dubai\/\">Audi<\/a>, <a href=\"https:\/\/rentacar-dubai.ae\/fr\/autos\/location-porsche-cayenne-2024\/\">Porsche<\/a>, <a href=\"https:\/\/rentacar-dubai.ae\/fr\/autos\/range-rover-location-de-voiture-dubai\/\">Range Rover<\/a>, Lamborghini, Benrley ou Rolls Royce.\r\n<br> <br>\r\n\r\nNous proposons \u00e9galement les meilleures formules de location pour tout type de v\u00e9hicule, vous permettant de trouver facilement la voiture adapt\u00e9e \u00e0 vos besoins et \u00e0 votre budget. De plus, gr\u00e2ce \u00e0 nos services pratiques de prise en charge et de restitution, vous pourrez d\u00e9couvrir le meilleur d&#039;Abou Dabi en toute simplicit\u00e9. Alors, n&#039;attendez plus\u00a0! R\u00e9servez votre voiture \u00e0 Abu Dhabi d\u00e8s aujourd&#039;hui et pr\u00e9parez-vous \u00e0 une aventure inoubliable aux \u00c9mirats arabes unis\u00a0!\r\n\r\n<br> <br>\r\n\r\nSky Luxse propose diff\u00e9rentes options de location de moteurs pour r\u00e9pondre \u00e0 vos besoins sp\u00e9cifiques. Locations \u00e0 la journ\u00e9e, \u00e0 la semaine, etc. <a href=\"https:\/\/rentacar-dubai.ae\/fr\/location-de-voiture-mensuelle-a-long-terme\/\">offres mensuelles<\/a>Nous avons ce qu&#039;il vous faut. Notre service de location de voiture \u00e0 la journ\u00e9e est tr\u00e8s populaire et nous proposons des tarifs comp\u00e9titifs \u00e0 partir de 300 AED. Les tarifs varient selon le type de v\u00e9hicule choisi.\r\n<br> <br>\r\n<h2>Documents:<\/h2>\r\nTo rent a car, it is essential to provide certain documents such as a valid driving license, passport copy, visa copy, and Emirates ID if you are a UAE resident. An international driver&#8217;s permit may also be required.\r\n\r\nFor those looking to rent a car in Abu Dhabi or other areas in the UAE, Sky Luxse offers a wide range of vehicles, including luxury, sports cars, sedans or SUVs. Rental options include per day, weekly, and monthly with est competitive prices.\r\n\r\n<br> <br>\r\n\r\nNous proposons \u00e9galement des voitures dans votre couleur et votre flotte pr\u00e9f\u00e9r\u00e9es. Notre processus de documentation est une proc\u00e9dure unique et les r\u00e9servations peuvent \u00eatre facilement effectu\u00e9es en ligne. Nous disposons des derniers mod\u00e8les de machines disponibles dans tous les \u00c9mirats arabes unis. Le processus, du ramassage au retour, est transparent, ce qui le rend sans tracas pour nos clients.\r\n\r\n<br> <br>\r\n\r\n<span>Pour conna\u00eetre la disponibilit\u00e9 ou la livraison \u00e0 votre domicile \u00e0 la date et \u00e0 l&#039;heure de votre choix, veuillez nous contacter. Contactez-nous par t\u00e9l\u00e9phone, WhatsApp ou demandez \u00e0 \u00eatre rappel\u00e9 au +971586881586.<\/span>","protected":false},"excerpt":{"rendered":"<p>CAR RENTAL IN ABU DHABI, UAE Your Rent a car in Abu Dhabi &#8211;\u00a0 Sky Luxse Beyond simply offering a car rental service, we present&#8230;<\/p>","protected":false},"author":36,"featured_media":0,"parent":0,"menu_order":0,"comment_status":"open","ping_status":"open","template":"page-home.php","meta":{"_themeisle_gutenberg_block_has_review":false,"footnotes":""},"class_list":["post-13576","page","type-page","status-publish","hentry"],"acf":[],"yoast_head":"<!-- This site is optimized with the Yoast SEO Premium plugin v25.5 (Yoast SEO v25.7) - https:\/\/yoast.com\/wordpress\/plugins\/seo\/ -->\n<title>Monthly Car Rental in Abu-Dhabi | Rent Car For Long-Term UAE<\/title>\n<meta name=\"description\" content=\"Long-Term car rental offers 30% off on the monthly rental of a car in Abu-Dhabi starting from AED 9000 per month. Luxury car rental deals.\" \/>\n<meta name=\"robots\" content=\"index, follow, max-snippet:-1, max-image-preview:large, max-video-preview:-1\" \/>\n<link rel=\"canonical\" href=\"https:\/\/rentacar-dubai.ae\/fr\/location-de-voiture-abu-dhabi\/\" \/>\n<meta property=\"og:locale\" content=\"fr_FR\" \/>\n<meta property=\"og:type\" content=\"article\" \/>\n<meta property=\"og:title\" content=\"Monthly Car Rental in Abu Dhabi\" \/>\n<meta property=\"og:description\" content=\"Long-Term car rental offers 30% off on the monthly rental of a car in Abu-Dhabi starting from AED 9000 per month. Luxury car rental deals.\" \/>\n<meta property=\"og:url\" content=\"https:\/\/rentacar-dubai.ae\/fr\/location-de-voiture-abu-dhabi\/\" \/>\n<meta property=\"og:site_name\" content=\"Long Term Car Rental Dubai - Luxury, SUV &amp; Monthly Deals | Sky Luxse\" \/>\n<meta property=\"article:publisher\" content=\"https:\/\/www.facebook.com\/rentacar.skyluxse\/\" \/>\n<meta property=\"article:modified_time\" content=\"2025-09-11T08:24:15+00:00\" \/>\n<meta name=\"twitter:card\" content=\"summary_large_image\" \/>\n<meta name=\"twitter:site\" content=\"@rentacardubai7\" \/>\n<meta name=\"twitter:label1\" content=\"Dur\u00e9e de lecture estim\u00e9e\" \/>\n\t<meta name=\"twitter:data1\" content=\"4 minutes\" \/>\n<script type=\"application\/ld+json\" class=\"yoast-schema-graph\">{\"@context\":\"https:\/\/schema.org\",\"@graph\":[{\"@type\":\"WebPage\",\"@id\":\"https:\/\/rentacar-dubai.ae\/rent-a-car-abu-dhabi-monthly\/\",\"url\":\"https:\/\/rentacar-dubai.ae\/rent-a-car-abu-dhabi-monthly\/\",\"name\":\"Monthly Car Rental in Abu-Dhabi | Rent Car For Long-Term UAE\",\"isPartOf\":{\"@id\":\"https:\/\/rentacar-dubai.ae\/#website\"},\"datePublished\":\"2023-05-19T08:57:42+00:00\",\"dateModified\":\"2025-09-11T08:24:15+00:00\",\"description\":\"Long-Term car rental offers 30% off on the monthly rental of a car in Abu-Dhabi starting from AED 9000 per month. Luxury car rental deals.\",\"breadcrumb\":{\"@id\":\"https:\/\/rentacar-dubai.ae\/rent-a-car-abu-dhabi-monthly\/#breadcrumb\"},\"inLanguage\":\"fr-FR\",\"potentialAction\":[{\"@type\":\"ReadAction\",\"target\":[\"https:\/\/rentacar-dubai.ae\/rent-a-car-abu-dhabi-monthly\/\"]}]},{\"@type\":\"BreadcrumbList\",\"@id\":\"https:\/\/rentacar-dubai.ae\/rent-a-car-abu-dhabi-monthly\/#breadcrumb\",\"itemListElement\":[{\"@type\":\"ListItem\",\"position\":1,\"name\":\"Home\",\"item\":\"https:\/\/rentacar-dubai.ae\/\"},{\"@type\":\"ListItem\",\"position\":2,\"name\":\"Monthly Car Rental in Abu Dhabi\"}]},{\"@type\":\"WebSite\",\"@id\":\"https:\/\/rentacar-dubai.ae\/#website\",\"url\":\"https:\/\/rentacar-dubai.ae\/\",\"name\":\"Long Term Car Rental Dubai - Luxury, SUV &amp; Monthly Deals | Sky Luxse\",\"description\":\"Long term car rental in Dubai. Luxury and SUV monthly rentals, no deposit, flexible terms, delivery to hotel or airport. Best prices for expats and business.\",\"publisher\":{\"@id\":\"https:\/\/rentacar-dubai.ae\/#organization\"},\"potentialAction\":[{\"@type\":\"SearchAction\",\"target\":{\"@type\":\"EntryPoint\",\"urlTemplate\":\"https:\/\/rentacar-dubai.ae\/?s={search_term_string}\"},\"query-input\":{\"@type\":\"PropertyValueSpecification\",\"valueRequired\":true,\"valueName\":\"search_term_string\"}}],\"inLanguage\":\"fr-FR\"},{\"@type\":\"Organization\",\"@id\":\"https:\/\/rentacar-dubai.ae\/#organization\",\"name\":\"SKY LUXSE RENT A CAR L.L.C\",\"url\":\"https:\/\/rentacar-dubai.ae\/\",\"logo\":{\"@type\":\"ImageObject\",\"inLanguage\":\"fr-FR\",\"@id\":\"https:\/\/rentacar-dubai.ae\/#\/schema\/logo\/image\/\",\"url\":\"https:\/\/rentacar-dubai.ae\/wp-content\/uploads\/2023\/01\/2.png\",\"contentUrl\":\"https:\/\/rentacar-dubai.ae\/wp-content\/uploads\/2023\/01\/2.png\",\"width\":1600,\"height\":268,\"caption\":\"SKY LUXSE RENT A CAR L.L.C\"},\"image\":{\"@id\":\"https:\/\/rentacar-dubai.ae\/#\/schema\/logo\/image\/\"},\"sameAs\":[\"https:\/\/www.facebook.com\/rentacar.skyluxse\/\",\"https:\/\/x.com\/rentacardubai7\"]}]}<\/script>\n<!-- \/ Yoast SEO Premium plugin. -->","yoast_head_json":{"title":"Monthly Car Rental in Abu-Dhabi | Rent Car For Long-Term UAE","description":"Long-Term car rental offers 30% off on the monthly rental of a car in Abu-Dhabi starting from AED 9000 per month. Luxury car rental deals.","robots":{"index":"index","follow":"follow","max-snippet":"max-snippet:-1","max-image-preview":"max-image-preview:large","max-video-preview":"max-video-preview:-1"},"canonical":"https:\/\/rentacar-dubai.ae\/fr\/location-de-voiture-abu-dhabi\/","og_locale":"fr_FR","og_type":"article","og_title":"Monthly Car Rental in Abu Dhabi","og_description":"Long-Term car rental offers 30% off on the monthly rental of a car in Abu-Dhabi starting from AED 9000 per month. Luxury car rental deals.","og_url":"https:\/\/rentacar-dubai.ae\/fr\/location-de-voiture-abu-dhabi\/","og_site_name":"Long Term Car Rental Dubai - Luxury, SUV &amp; Monthly Deals | Sky Luxse","article_publisher":"https:\/\/www.facebook.com\/rentacar.skyluxse\/","article_modified_time":"2025-09-11T08:24:15+00:00","twitter_card":"summary_large_image","twitter_site":"@rentacardubai7","twitter_misc":{"Dur\u00e9e de lecture estim\u00e9e":"4 minutes"},"schema":{"@context":"https:\/\/schema.org","@graph":[{"@type":"WebPage","@id":"https:\/\/rentacar-dubai.ae\/rent-a-car-abu-dhabi-monthly\/","url":"https:\/\/rentacar-dubai.ae\/rent-a-car-abu-dhabi-monthly\/","name":"Monthly Car Rental in Abu-Dhabi | Rent Car For Long-Term UAE","isPartOf":{"@id":"https:\/\/rentacar-dubai.ae\/#website"},"datePublished":"2023-05-19T08:57:42+00:00","dateModified":"2025-09-11T08:24:15+00:00","description":"Long-Term car rental offers 30% off on the monthly rental of a car in Abu-Dhabi starting from AED 9000 per month. Luxury car rental deals.","breadcrumb":{"@id":"https:\/\/rentacar-dubai.ae\/rent-a-car-abu-dhabi-monthly\/#breadcrumb"},"inLanguage":"fr-FR","potentialAction":[{"@type":"ReadAction","target":["https:\/\/rentacar-dubai.ae\/rent-a-car-abu-dhabi-monthly\/"]}]},{"@type":"BreadcrumbList","@id":"https:\/\/rentacar-dubai.ae\/rent-a-car-abu-dhabi-monthly\/#breadcrumb","itemListElement":[{"@type":"ListItem","position":1,"name":"Home","item":"https:\/\/rentacar-dubai.ae\/"},{"@type":"ListItem","position":2,"name":"Monthly Car Rental in Abu Dhabi"}]},{"@type":"WebSite","@id":"https:\/\/rentacar-dubai.ae\/#website","url":"https:\/\/rentacar-dubai.ae\/","name":"Long Term Car Rental Dubai - Luxury, SUV &amp; Monthly Deals | Sky Luxse","description":"Long term car rental in Dubai. Luxury and SUV monthly rentals, no deposit, flexible terms, delivery to hotel or airport. Best prices for expats and business.","publisher":{"@id":"https:\/\/rentacar-dubai.ae\/#organization"},"potentialAction":[{"@type":"SearchAction","target":{"@type":"EntryPoint","urlTemplate":"https:\/\/rentacar-dubai.ae\/?s={search_term_string}"},"query-input":{"@type":"PropertyValueSpecification","valueRequired":true,"valueName":"search_term_string"}}],"inLanguage":"fr-FR"},{"@type":"Organization","@id":"https:\/\/rentacar-dubai.ae\/#organization","name":"SKY LUXSE RENT A CAR L.L.C","url":"https:\/\/rentacar-dubai.ae\/","logo":{"@type":"ImageObject","inLanguage":"fr-FR","@id":"https:\/\/rentacar-dubai.ae\/#\/schema\/logo\/image\/","url":"https:\/\/rentacar-dubai.ae\/wp-content\/uploads\/2023\/01\/2.png","contentUrl":"https:\/\/rentacar-dubai.ae\/wp-content\/uploads\/2023\/01\/2.png","width":1600,"height":268,"caption":"SKY LUXSE RENT A CAR L.L.C"},"image":{"@id":"https:\/\/rentacar-dubai.ae\/#\/schema\/logo\/image\/"},"sameAs":["https:\/\/www.facebook.com\/rentacar.skyluxse\/","https:\/\/x.com\/rentacardubai7"]}]}},"_links":{"self":[{"href":"https:\/\/rentacar-dubai.ae\/fr\/wp-json\/wp\/v2\/pages\/13576","targetHints":{"allow":["GET"]}}],"collection":[{"href":"https:\/\/rentacar-dubai.ae\/fr\/wp-json\/wp\/v2\/pages"}],"about":[{"href":"https:\/\/rentacar-dubai.ae\/fr\/wp-json\/wp\/v2\/types\/page"}],"author":[{"embeddable":true,"href":"https:\/\/rentacar-dubai.ae\/fr\/wp-json\/wp\/v2\/users\/36"}],"replies":[{"embeddable":true,"href":"https:\/\/rentacar-dubai.ae\/fr\/wp-json\/wp\/v2\/comments?post=13576"}],"version-history":[{"count":1,"href":"https:\/\/rentacar-dubai.ae\/fr\/wp-json\/wp\/v2\/pages\/13576\/revisions"}],"predecessor-version":[{"id":21600,"href":"https:\/\/rentacar-dubai.ae\/fr\/wp-json\/wp\/v2\/pages\/13576\/revisions\/21600"}],"wp:attachment":[{"href":"https:\/\/rentacar-dubai.ae\/fr\/wp-json\/wp\/v2\/media?parent=13576"}],"curies":[{"name":"wp","href":"https:\/\/api.w.org\/{rel}","templated":true}]}}