{"id":12858,"date":"2022-11-15T13:58:29","date_gmt":"2022-11-15T13:58:29","guid":{"rendered":"https:\/\/rentacar-dubai.ae\/?page_id=12858"},"modified":"2024-07-15T13:31:38","modified_gmt":"2024-07-15T13:31:38","slug":"cancellation","status":"publish","type":"page","link":"https:\/\/rentacar-dubai.ae\/fr\/annulation\/","title":{"rendered":"Annulation"},"content":{"rendered":"<div class=\"block block-ctools-block block-entity-fieldnodetitle\" data-block-plugin-id=\"entity_field:node:title\">\n<div class=\"content\" data-swiftype-index=\"true\">\n<h2><span class=\"field field--name-title field--type-string field--label-above\">Annulation<\/span><\/h2>\n<\/div>\n<\/div>\n<div class=\"block block-ctools-block block-entity-fieldnodebody\" data-block-plugin-id=\"entity_field:node:body\">\n<div class=\"clearfix text-formatted field field--name-body field--type-text-with-summary field--label-hidden field__item\">\n<div class=\"news-content\">\n\nQuelle est votre politique d&#039;annulation et de remboursement\u00a0? Politique d&#039;annulation pour les r\u00e9servations enti\u00e8rement pr\u00e9pay\u00e9es et les r\u00e9servations avec acompte\/pr\u00e9paiement partiel. \u2022 Si vous annulez votre r\u00e9servation 24\u00a0heures ou plus avant la prise en charge, vous serez rembours\u00e9, d\u00e9duction faite des frais d&#039;annulation de 200,00\u00a0AED*. Si votre pr\u00e9paiement est inf\u00e9rieur \u00e0 200,00\u00a0EUR*, vous ne recevrez aucun remboursement. \u2022 Si vous annulez votre r\u00e9servation moins de 24\u00a0heures avant la prise en charge, vous serez rembours\u00e9, d\u00e9duction faite des frais d&#039;annulation de 200,00\u00a0AED*. Si votre pr\u00e9paiement est inf\u00e9rieur \u00e0 200,00\u00a0AED*, vous ne recevrez aucun remboursement. \u2022 Si vous annulez votre r\u00e9servation moins de 24\u00a0heures avant la prise en charge, vous ne recevrez aucun remboursement. \u2022 Aucun remboursement ne sera appliqu\u00e9 pour les jours de location non utilis\u00e9s. \u2022 Vous ne pouvez pas annuler votre r\u00e9servation si celle-ci a d\u00e9j\u00e0 commenc\u00e9. Vous pouvez annuler votre r\u00e9servation dans la section \u00ab\u00a0Mes r\u00e9servations\u00a0\u00bb ou en envoyant un e-mail d&#039;annulation \u00e0\u00a0: <a href=\"mailto:skyluxse@gmail.com\">skyluxse@gmail.com<\/a>*Ou le m\u00eame montant en USD\/EUR au taux de change en vigueur \u00e0 la date d&#039;annulation. Le produit n&#039;est pas remboursable dans les cas suivants : \u2022 Vous ne nous avez pas inform\u00e9s de l&#039;annulation de votre r\u00e9servation avant votre prise en charge. \u2022 Vous n&#039;avez pas r\u00e9cup\u00e9r\u00e9 une voiture \u00e0 l&#039;heure et \u00e0 la date convenues. \u2022 Vous n&#039;avez pas fourni les documents requis pour r\u00e9cup\u00e9rer une voiture. \u2022 Vous n&#039;avez pas fourni une carte de cr\u00e9dit avec des fonds suffisants et sur laquelle le nom du conducteur principal est imprim\u00e9. *Dans tous ces cas, vous ne recevrez aucun remboursement de l&#039;argent que vous avez pay\u00e9. La soci\u00e9t\u00e9 de location de voitures se r\u00e9serve le droit de refuser une voiture \u00e0 tout client qui n&#039;arrive pas \u00e0 l&#039;heure et \u00e0 la date pr\u00e9vues avec tous les documents n\u00e9cessaires et une carte de cr\u00e9dit au nom du conducteur principal avec des fonds suffisants pour la caution de la voiture.\n<h2>Amendements<\/h2>\nVous pouvez modifier votre r\u00e9servation dans la rubrique \u00ab\u00a0Mes r\u00e9servations\u00a0\u00bb du site web au moins 24\u00a0heures avant le d\u00e9but de votre location. Veuillez noter que toute modification de r\u00e9servation entra\u00eenera des frais de modification de 50,00\u00a0AED. Si vous avez souscrit \u00e0 l&#039;assurance annulation, vous pouvez modifier votre r\u00e9servation sans frais de modification jusqu&#039;\u00e0 une heure avant la prise en charge pr\u00e9vue. Veuillez noter que toute modification, telle que le lieu de prise en charge ou de restitution, la cat\u00e9gorie du v\u00e9hicule, la p\u00e9riode de location et les informations personnelles du conducteur, peut affecter le prix de la location, qui peut \u00eatre diff\u00e9rent du prix initial. Remarque\u00a0: les prix sont bas\u00e9s sur les heures et dates de prise en charge et de restitution que vous avez convenues avant le d\u00e9but de votre location. Si vous prenez ou restituez un v\u00e9hicule plus tard ou plus t\u00f4t, vous ne serez pas rembours\u00e9 des heures ou des jours non utilis\u00e9s.\n\n<\/div>\n<\/div>\n<\/div>","protected":false},"excerpt":{"rendered":"<p>Cancellation What is your cancellation and refund policy? Cancellation policy for fully prepaid bookings and deposit\/partially prepaid bookings\u2022 If you cancel your booking 24 hours&#8230;<\/p>","protected":false},"author":36,"featured_media":0,"parent":0,"menu_order":0,"comment_status":"closed","ping_status":"closed","template":"","meta":{"_themeisle_gutenberg_block_has_review":false,"footnotes":""},"class_list":["post-12858","page","type-page","status-publish","hentry"],"acf":[],"yoast_head":"<!-- This site is optimized with the Yoast SEO Premium plugin v25.5 (Yoast SEO v25.7) - https:\/\/yoast.com\/wordpress\/plugins\/seo\/ -->\n<title>Cancellation - Car Rental in Dubai | The Palm Jumeirah Sky Luxse.<\/title>\n<meta name=\"description\" content=\"Cancellation in Sky Luxse Dubai \u261b Compare daily, weekly and monthly offers with competitive prices \u261b Book now \u260e + (971) 58-688-1586\" \/>\n<meta name=\"robots\" content=\"index, follow, max-snippet:-1, max-image-preview:large, max-video-preview:-1\" \/>\n<link rel=\"canonical\" href=\"https:\/\/rentacar-dubai.ae\/fr\/annulation\/\" \/>\n<meta property=\"og:locale\" content=\"fr_FR\" \/>\n<meta property=\"og:type\" content=\"article\" \/>\n<meta property=\"og:title\" content=\"Cancellation\" \/>\n<meta property=\"og:description\" content=\"Cancellation in Sky Luxse Dubai \u261b Compare daily, weekly and monthly offers with competitive prices \u261b Book now \u260e + (971) 58-688-1586\" \/>\n<meta property=\"og:url\" content=\"https:\/\/rentacar-dubai.ae\/fr\/annulation\/\" \/>\n<meta property=\"og:site_name\" content=\"Long Term Car Rental Dubai - Luxury, SUV &amp; Monthly Deals | Sky Luxse\" \/>\n<meta property=\"article:publisher\" content=\"https:\/\/www.facebook.com\/rentacar.skyluxse\/\" \/>\n<meta property=\"article:modified_time\" content=\"2024-07-15T13:31:38+00:00\" \/>\n<meta name=\"twitter:card\" content=\"summary_large_image\" \/>\n<meta name=\"twitter:site\" content=\"@rentacardubai7\" \/>\n<meta name=\"twitter:label1\" content=\"Dur\u00e9e de lecture estim\u00e9e\" \/>\n\t<meta name=\"twitter:data1\" content=\"3 minutes\" \/>\n<script type=\"application\/ld+json\" class=\"yoast-schema-graph\">{\"@context\":\"https:\/\/schema.org\",\"@graph\":[{\"@type\":\"WebPage\",\"@id\":\"https:\/\/rentacar-dubai.ae\/cancellation\/\",\"url\":\"https:\/\/rentacar-dubai.ae\/cancellation\/\",\"name\":\"Cancellation - Car Rental in Dubai | The Palm Jumeirah Sky Luxse.\",\"isPartOf\":{\"@id\":\"https:\/\/rentacar-dubai.ae\/#website\"},\"datePublished\":\"2022-11-15T13:58:29+00:00\",\"dateModified\":\"2024-07-15T13:31:38+00:00\",\"description\":\"Cancellation in Sky Luxse Dubai \u261b Compare daily, weekly and monthly offers with competitive prices \u261b Book now \u260e + (971) 58-688-1586\",\"breadcrumb\":{\"@id\":\"https:\/\/rentacar-dubai.ae\/cancellation\/#breadcrumb\"},\"inLanguage\":\"fr-FR\",\"potentialAction\":[{\"@type\":\"ReadAction\",\"target\":[\"https:\/\/rentacar-dubai.ae\/cancellation\/\"]}]},{\"@type\":\"BreadcrumbList\",\"@id\":\"https:\/\/rentacar-dubai.ae\/cancellation\/#breadcrumb\",\"itemListElement\":[{\"@type\":\"ListItem\",\"position\":1,\"name\":\"Home\",\"item\":\"https:\/\/rentacar-dubai.ae\/\"},{\"@type\":\"ListItem\",\"position\":2,\"name\":\"Cancellation\"}]},{\"@type\":\"WebSite\",\"@id\":\"https:\/\/rentacar-dubai.ae\/#website\",\"url\":\"https:\/\/rentacar-dubai.ae\/\",\"name\":\"Long Term Car Rental Dubai - Luxury, SUV &amp; Monthly Deals | Sky Luxse\",\"description\":\"Long term car rental in Dubai. Luxury and SUV monthly rentals, no deposit, flexible terms, delivery to hotel or airport. Best prices for expats and business.\",\"publisher\":{\"@id\":\"https:\/\/rentacar-dubai.ae\/#organization\"},\"potentialAction\":[{\"@type\":\"SearchAction\",\"target\":{\"@type\":\"EntryPoint\",\"urlTemplate\":\"https:\/\/rentacar-dubai.ae\/?s={search_term_string}\"},\"query-input\":{\"@type\":\"PropertyValueSpecification\",\"valueRequired\":true,\"valueName\":\"search_term_string\"}}],\"inLanguage\":\"fr-FR\"},{\"@type\":\"Organization\",\"@id\":\"https:\/\/rentacar-dubai.ae\/#organization\",\"name\":\"SKY LUXSE RENT A CAR L.L.C\",\"url\":\"https:\/\/rentacar-dubai.ae\/\",\"logo\":{\"@type\":\"ImageObject\",\"inLanguage\":\"fr-FR\",\"@id\":\"https:\/\/rentacar-dubai.ae\/#\/schema\/logo\/image\/\",\"url\":\"https:\/\/rentacar-dubai.ae\/wp-content\/uploads\/2023\/01\/2.png\",\"contentUrl\":\"https:\/\/rentacar-dubai.ae\/wp-content\/uploads\/2023\/01\/2.png\",\"width\":1600,\"height\":268,\"caption\":\"SKY LUXSE RENT A CAR L.L.C\"},\"image\":{\"@id\":\"https:\/\/rentacar-dubai.ae\/#\/schema\/logo\/image\/\"},\"sameAs\":[\"https:\/\/www.facebook.com\/rentacar.skyluxse\/\",\"https:\/\/x.com\/rentacardubai7\"]}]}<\/script>\n<!-- \/ Yoast SEO Premium plugin. -->","yoast_head_json":{"title":"Cancellation - Car Rental in Dubai | The Palm Jumeirah Sky Luxse.","description":"Cancellation in Sky Luxse Dubai \u261b Compare daily, weekly and monthly offers with competitive prices \u261b Book now \u260e + (971) 58-688-1586","robots":{"index":"index","follow":"follow","max-snippet":"max-snippet:-1","max-image-preview":"max-image-preview:large","max-video-preview":"max-video-preview:-1"},"canonical":"https:\/\/rentacar-dubai.ae\/fr\/annulation\/","og_locale":"fr_FR","og_type":"article","og_title":"Cancellation","og_description":"Cancellation in Sky Luxse Dubai \u261b Compare daily, weekly and monthly offers with competitive prices \u261b Book now \u260e + (971) 58-688-1586","og_url":"https:\/\/rentacar-dubai.ae\/fr\/annulation\/","og_site_name":"Long Term Car Rental Dubai - Luxury, SUV &amp; Monthly Deals | Sky Luxse","article_publisher":"https:\/\/www.facebook.com\/rentacar.skyluxse\/","article_modified_time":"2024-07-15T13:31:38+00:00","twitter_card":"summary_large_image","twitter_site":"@rentacardubai7","twitter_misc":{"Dur\u00e9e de lecture estim\u00e9e":"3 minutes"},"schema":{"@context":"https:\/\/schema.org","@graph":[{"@type":"WebPage","@id":"https:\/\/rentacar-dubai.ae\/cancellation\/","url":"https:\/\/rentacar-dubai.ae\/cancellation\/","name":"Cancellation - Car Rental in Dubai | The Palm Jumeirah Sky Luxse.","isPartOf":{"@id":"https:\/\/rentacar-dubai.ae\/#website"},"datePublished":"2022-11-15T13:58:29+00:00","dateModified":"2024-07-15T13:31:38+00:00","description":"Cancellation in Sky Luxse Dubai \u261b Compare daily, weekly and monthly offers with competitive prices \u261b Book now \u260e + (971) 58-688-1586","breadcrumb":{"@id":"https:\/\/rentacar-dubai.ae\/cancellation\/#breadcrumb"},"inLanguage":"fr-FR","potentialAction":[{"@type":"ReadAction","target":["https:\/\/rentacar-dubai.ae\/cancellation\/"]}]},{"@type":"BreadcrumbList","@id":"https:\/\/rentacar-dubai.ae\/cancellation\/#breadcrumb","itemListElement":[{"@type":"ListItem","position":1,"name":"Home","item":"https:\/\/rentacar-dubai.ae\/"},{"@type":"ListItem","position":2,"name":"Cancellation"}]},{"@type":"WebSite","@id":"https:\/\/rentacar-dubai.ae\/#website","url":"https:\/\/rentacar-dubai.ae\/","name":"Long Term Car Rental Dubai - Luxury, SUV &amp; Monthly Deals | Sky Luxse","description":"Long term car rental in Dubai. Luxury and SUV monthly rentals, no deposit, flexible terms, delivery to hotel or airport. Best prices for expats and business.","publisher":{"@id":"https:\/\/rentacar-dubai.ae\/#organization"},"potentialAction":[{"@type":"SearchAction","target":{"@type":"EntryPoint","urlTemplate":"https:\/\/rentacar-dubai.ae\/?s={search_term_string}"},"query-input":{"@type":"PropertyValueSpecification","valueRequired":true,"valueName":"search_term_string"}}],"inLanguage":"fr-FR"},{"@type":"Organization","@id":"https:\/\/rentacar-dubai.ae\/#organization","name":"SKY LUXSE RENT A CAR L.L.C","url":"https:\/\/rentacar-dubai.ae\/","logo":{"@type":"ImageObject","inLanguage":"fr-FR","@id":"https:\/\/rentacar-dubai.ae\/#\/schema\/logo\/image\/","url":"https:\/\/rentacar-dubai.ae\/wp-content\/uploads\/2023\/01\/2.png","contentUrl":"https:\/\/rentacar-dubai.ae\/wp-content\/uploads\/2023\/01\/2.png","width":1600,"height":268,"caption":"SKY LUXSE RENT A CAR L.L.C"},"image":{"@id":"https:\/\/rentacar-dubai.ae\/#\/schema\/logo\/image\/"},"sameAs":["https:\/\/www.facebook.com\/rentacar.skyluxse\/","https:\/\/x.com\/rentacardubai7"]}]}},"_links":{"self":[{"href":"https:\/\/rentacar-dubai.ae\/fr\/wp-json\/wp\/v2\/pages\/12858","targetHints":{"allow":["GET"]}}],"collection":[{"href":"https:\/\/rentacar-dubai.ae\/fr\/wp-json\/wp\/v2\/pages"}],"about":[{"href":"https:\/\/rentacar-dubai.ae\/fr\/wp-json\/wp\/v2\/types\/page"}],"author":[{"embeddable":true,"href":"https:\/\/rentacar-dubai.ae\/fr\/wp-json\/wp\/v2\/users\/36"}],"replies":[{"embeddable":true,"href":"https:\/\/rentacar-dubai.ae\/fr\/wp-json\/wp\/v2\/comments?post=12858"}],"version-history":[{"count":0,"href":"https:\/\/rentacar-dubai.ae\/fr\/wp-json\/wp\/v2\/pages\/12858\/revisions"}],"wp:attachment":[{"href":"https:\/\/rentacar-dubai.ae\/fr\/wp-json\/wp\/v2\/media?parent=12858"}],"curies":[{"name":"wp","href":"https:\/\/api.w.org\/{rel}","templated":true}]}}