{"id":12845,"date":"2022-11-14T11:31:39","date_gmt":"2022-11-14T11:31:39","guid":{"rendered":"https:\/\/rentacar-dubai.ae\/?page_id=12845"},"modified":"2025-08-13T11:38:07","modified_gmt":"2025-08-13T11:38:07","slug":"about-us","status":"publish","type":"page","link":"https:\/\/rentacar-dubai.ae\/fr\/a-propos-de-nous\/","title":{"rendered":"Sky Luxse Location de voitures EAU"},"content":{"rendered":"<div class=\"block block-ctools-block block-entity-fieldnodetitle\" data-block-plugin-id=\"entity_field:node:title\">\r\n<div class=\"content\" data-swiftype-index=\"true\">\r\n<h1 class=\"title-heading-center fusion-responsive-typography-calculated\" style=\"text-align: center;\"><br> <br>\r\nBienvenue chez Sky Luxse \u2013 location de voitures de luxe \u00e0 Duba\u00ef !<\/h1>\r\n<div>\r\n\r\n<br> <br>\r\n\r\n<\/div>\r\n<\/div>\r\n<\/div>\r\n<div class=\"elementor-element elementor-element-14bfada elementor-widget elementor-widget-text-editor\" data-id=\"14bfada\" data-element_type=\"widget\" data-widget_type=\"text-editor.default\">\r\n\r\nNotre engagement en mati\u00e8re de location de voitures \u00e0 Duba\u00ef est de fournir une qualit\u00e9 de v\u00e9hicule in\u00e9gal\u00e9e et un service exemplaire \u00e0 tous nos clients. Que vous habitiez aux \u00c9mirats arabes unis ou que vous exploriez notre ville pour le travail ou les loisirs, nous avons le v\u00e9hicule id\u00e9al pour am\u00e9liorer votre voyage. Notre flotte haut de gamme pr\u00e9sente les mod\u00e8les les plus r\u00e9cents de marques d&#039;\u00e9lite telles que Mercedes-Benz, BMW, Porsche, Audi, Lamborghini, Ferrari, Rolls Royce et Bentley, garantissant que chaque trajet est dans une cat\u00e9gorie \u00e0 part. Nous accordons la priorit\u00e9 \u00e0 votre s\u00e9curit\u00e9 et \u00e0 votre confort, chaque v\u00e9hicule \u00e9tant soumis \u00e0 des contr\u00f4les d&#039;entretien et de service rigoureux.<br> <br>\r\n\r\n<br> <br>\r\n\r\n<img loading=\"lazy\" decoding=\"async\" src=\"https:\/\/rentacar-dubai.ae\/wp-content\/uploads\/2023\/03\/Mercedes-E45001-1024x768.jpg\" alt=\"Location de voitures de luxe - Sky Luxse\" width=\"1024\" height=\"768\" class=\"alignnone wp-image-13289 size-large\" srcset=\"https:\/\/rentacar-dubai.ae\/wp-content\/uploads\/2023\/03\/Mercedes-E45001-1024x768.jpg 1024w, https:\/\/rentacar-dubai.ae\/wp-content\/uploads\/2023\/03\/Mercedes-E45001-300x225.jpg 300w, https:\/\/rentacar-dubai.ae\/wp-content\/uploads\/2023\/03\/Mercedes-E45001-768x576.jpg 768w, https:\/\/rentacar-dubai.ae\/wp-content\/uploads\/2023\/03\/Mercedes-E45001-16x12.jpg 16w, https:\/\/rentacar-dubai.ae\/wp-content\/uploads\/2023\/03\/Mercedes-E45001-88x66.jpg 88w, https:\/\/rentacar-dubai.ae\/wp-content\/uploads\/2023\/03\/Mercedes-E45001-347x260.jpg 347w, https:\/\/rentacar-dubai.ae\/wp-content\/uploads\/2023\/03\/Mercedes-E45001-640x480.jpg 640w, https:\/\/rentacar-dubai.ae\/wp-content\/uploads\/2023\/03\/Mercedes-E45001-350x263.jpg 350w, https:\/\/rentacar-dubai.ae\/wp-content\/uploads\/2023\/03\/Mercedes-E45001-24x18.jpg 24w, https:\/\/rentacar-dubai.ae\/wp-content\/uploads\/2023\/03\/Mercedes-E45001-36x27.jpg 36w, https:\/\/rentacar-dubai.ae\/wp-content\/uploads\/2023\/03\/Mercedes-E45001-48x36.jpg 48w, https:\/\/rentacar-dubai.ae\/wp-content\/uploads\/2023\/03\/Mercedes-E45001-600x450.jpg 600w, https:\/\/rentacar-dubai.ae\/wp-content\/uploads\/2023\/03\/Mercedes-E45001.jpg 1280w\" sizes=\"auto, (max-width: 1024px) 100vw, 1024px\" \/>\r\n\r\n<br> <br>\r\n\r\nComprenant que nos clients ont des besoins divers, <a href=\"https:\/\/rentacar-dubai.ae\/fr\/\">Sky Luxe<\/a> propose des solutions de location flexibles. Que vous ayez besoin d&#039;une voiture de luxe pour un court s\u00e9jour ou pour une p\u00e9riode plus longue, nous adaptons nos services \u00e0 vos pr\u00e9f\u00e9rences.<br> <br>\r\n\r\nNotre \u00e9quipe comp\u00e9tente et accessible est \u00e0 votre disposition pour vous aider \u00e0 chaque \u00e9tape du processus de location, en mettant l&#039;accent sur la fourniture d&#039;informations claires et compl\u00e8tes. Nous sommes fiers de l&#039;excellence de notre service client, dans le but de rendre votre exp\u00e9rience fluide et agr\u00e9able du d\u00e9but \u00e0 la fin.<br> <br>\r\n\r\nSi vous souhaitez laisser une impression durable lors d&#039;un \u00e9v\u00e9nement \u00e0 venir, \u00e9blouir vos clients ou simplement ajouter une touche m\u00e9morable \u00e0 votre visite \u00e0 Duba\u00ef, Sky Luxse est \u00e0 votre service. Contactez-nous pour r\u00e9server votre voiture de luxe et d\u00e9couvrez pourquoi nous nous d\u00e9marquons comme le premier choix en mati\u00e8re de location de voitures de luxe \u00e0 Duba\u00ef.\r\n\r\n<br> <br>\r\n\r\nNOTRE MISSION Chez Sky Luxse, nous sommes sp\u00e9cialis\u00e9s dans la fourniture d&#039;exp\u00e9riences de location exquises pour les voyages de loisirs et d&#039;affaires, en mettant fortement l&#039;accent sur l&#039;exclusivit\u00e9 et les solutions de location compl\u00e8tes. Nous nous engageons \u00e0 garantir l&#039;abordabilit\u00e9 sans jamais faire de compromis sur la qualit\u00e9, garantissant ainsi que notre service d\u00e9passe vos attentes. Votre satisfaction nous motive et nous ne serons pas satisfaits tant que vous ne l&#039;\u00eates pas. Choisissez Sky Luxse pour un trajet inoubliable.\r\n\r\n<br> <br>\r\n<h3>Vous avez la possibilit\u00e9 de choisir parmi les voitures de location suivantes\u00a0:<\/h3>\r\n<ul>\r\n \t<li>\r\n<h4><a href=\"https:\/\/rentacar-dubai.ae\/fr\/autos\/range-rover-location-de-voiture-dubai\/\">Range RoverVogue<\/a><\/h4>\r\n<\/li>\r\n \t<li>\r\n<h4><a href=\"https:\/\/rentacar-dubai.ae\/fr\/autos\/bmw-735i\/\">BMW s\u00e9rie 7<\/a><\/h4>\r\n<\/li>\r\n \t<li>\r\n<h4><a href=\"https:\/\/rentacar-dubai.ae\/fr\/autos\/audi-q8-location-de-voiture-dubai\/\">Audi Q8<\/a><\/h4>\r\n<\/li>\r\n \t<li>\r\n<h4><a href=\"https:\/\/rentacar-dubai.ae\/fr\/autos\/mercedes-g63-2022-rental-dubai\/\">Mercedes G63 AMG<\/a><\/h4>\r\n<\/li>\r\n \t<li>\r\n<h4><a href=\"https:\/\/rentacar-dubai.ae\/fr\/autos\/mercedes-glc-4-3l\/\">Mercedes GL<\/a><\/h4>\r\n<\/li>\r\n \t<li>\r\n<h4><a href=\"https:\/\/rentacar-dubai.ae\/fr\/autos\/mercedes-benz-classe-c\/\">Mercedes-Benz C<\/a><\/h4>\r\n<\/li>\r\n \t<li>\r\n<h4><a href=\"https:\/\/rentacar-dubai.ae\/fr\/autos\/mercedes-amg-gle-53\/\">Mercedes-Benz GL<\/a><\/h4>\r\n<\/li>\r\n \t<li>\r\n<h4><a href=\"https:\/\/rentacar-dubai.ae\/fr\/autos\/rent-cabrio\/\">Mercedes E450 Cabriolet<\/a><\/h4>\r\n<\/li>\r\n \t<li>\r\n<h4><a href=\"https:\/\/rentacar-dubai.ae\/fr\/autos\/lamborghini-urus\/\">Lamborghini Urus<\/a><\/h4>\r\n<\/li>\r\n \t<li>\r\n<h4><a href=\"https:\/\/rentacar-dubai.ae\/fr\/autos\/bmw-735i\/\">BMW 735i<\/a><\/h4>\r\n<\/li>\r\n \t<li>\r\n<h4><a href=\"https:\/\/rentacar-dubai.ae\/fr\/autos\/bmw-z4\/\">BMW Z4<\/a><\/h4>\r\n<\/li>\r\n \t<li>\r\n<h4><a href=\"https:\/\/rentacar-dubai.ae\/fr\/autos\/cadillac-escalade-location-de-voiture-dubai\/\">Cadillac Escalade<\/a><\/h4>\r\n<\/li>\r\n \t<li>\r\n<h4><a href=\"https:\/\/rentacar-dubai.ae\/fr\/autos\/porsche-718-boxster-s\/\">Porsche Boxster 718<\/a><\/h4>\r\n<\/li>\r\n \t<li>\r\n<h4><a href=\"https:\/\/rentacar-dubai.ae\/fr\/autos\/lamborghini-urus-noir\/\">Lamborghini Urus<\/a><\/h4>\r\n<\/li>\r\n \t<li>\r\n<h4><a href=\"https:\/\/rentacar-dubai.ae\/fr\/autos\/location-lamborghini-huracan-spyder-jaune\/\">Lamborghini Hurac\u00e1n<\/a><\/h4>\r\n<\/li>\r\n \t<li>\r\n<h4><a href=\"https:\/\/rentacar-dubai.ae\/fr\/autos\/infiniti-qx-80\/\">Infiniti QX 80<\/a><\/h4>\r\n<\/li>\r\n<\/ul>\r\n&nbsp;\r\n\r\n&nbsp;\r\n\r\n.\r\n\r\n&nbsp;\r\n<div class=\"elementor-element elementor-element-50ea7fa elementor-widget elementor-widget-heading\" data-id=\"50ea7fa\" data-element_type=\"widget\" data-widget_type=\"heading.default\">\r\n<p class=\"elementor-widget-container\"><strong>Ce qui rend notre service de location de voitures de luxe \u00e0 Duba\u00ef si distinctif.<\/strong><\/p>\r\n\u00a0Nous garantissons que notre entreprise vous proposera les tarifs les plus comp\u00e9titifs, quel que soit la marque ou le mod\u00e8le de la voiture que vous recherchez. Donc, si vous recherchez une entreprise fiable qui peut vous offrir les meilleurs tarifs pour la location d&#039;une supercar de luxe, ne cherchez pas plus loin que <a href=\"https:\/\/www.google.com\/maps\/place\/Sky+Luxse+Rent+a+Car+Dubai\/@25.1359233,55.1504154,15z\/data=!4m6!3m5!1s0x4bf5afa7e636ab9f:0xc08d82eaa385a6f3!8m2!3d25.1359233!4d55.1504154!16s%2Fg%2F11stqv9w_v?entry=ttu\">Sky Luxse Jumeirah<\/a>.\r\n\r\n<br> <br>\r\n\r\n<\/div>\r\n<div class=\"elementor-element elementor-element-03e420c elementor-widget elementor-widget-text-editor\" data-id=\"03e420c\" data-element_type=\"widget\" data-widget_type=\"text-editor.default\">\r\n<div class=\"elementor-widget-container\">\r\n<h3><img loading=\"lazy\" decoding=\"async\" src=\"https:\/\/rentacar-dubai.ae\/wp-content\/uploads\/2023\/10\/Porsche-Cayenne-Coupe-1024x768.jpg\" alt=\"Location de voiture au mois \u00e0 Duba\u00ef | Ciel Luxse\" width=\"1024\" height=\"768\" class=\"alignnone wp-image-15211 size-large\" srcset=\"https:\/\/rentacar-dubai.ae\/wp-content\/uploads\/2023\/10\/Porsche-Cayenne-Coupe-1024x768.jpg 1024w, https:\/\/rentacar-dubai.ae\/wp-content\/uploads\/2023\/10\/Porsche-Cayenne-Coupe-300x225.jpg 300w, https:\/\/rentacar-dubai.ae\/wp-content\/uploads\/2023\/10\/Porsche-Cayenne-Coupe-768x576.jpg 768w, https:\/\/rentacar-dubai.ae\/wp-content\/uploads\/2023\/10\/Porsche-Cayenne-Coupe-16x12.jpg 16w, https:\/\/rentacar-dubai.ae\/wp-content\/uploads\/2023\/10\/Porsche-Cayenne-Coupe-88x66.jpg 88w, https:\/\/rentacar-dubai.ae\/wp-content\/uploads\/2023\/10\/Porsche-Cayenne-Coupe-347x260.jpg 347w, https:\/\/rentacar-dubai.ae\/wp-content\/uploads\/2023\/10\/Porsche-Cayenne-Coupe-640x480.jpg 640w, https:\/\/rentacar-dubai.ae\/wp-content\/uploads\/2023\/10\/Porsche-Cayenne-Coupe-350x263.jpg 350w, https:\/\/rentacar-dubai.ae\/wp-content\/uploads\/2023\/10\/Porsche-Cayenne-Coupe-24x18.jpg 24w, https:\/\/rentacar-dubai.ae\/wp-content\/uploads\/2023\/10\/Porsche-Cayenne-Coupe-36x27.jpg 36w, https:\/\/rentacar-dubai.ae\/wp-content\/uploads\/2023\/10\/Porsche-Cayenne-Coupe-48x36.jpg 48w, https:\/\/rentacar-dubai.ae\/wp-content\/uploads\/2023\/10\/Porsche-Cayenne-Coupe-600x450.jpg 600w, https:\/\/rentacar-dubai.ae\/wp-content\/uploads\/2023\/10\/Porsche-Cayenne-Coupe.jpg 1280w\" sizes=\"auto, (max-width: 1024px) 100vw, 1024px\" \/><\/h3>\r\n<br> <br>\r\n<h3>Notre location de voiture sans aucun frais cach\u00e9 \u2013<\/h3>\r\nNous souhaitons que nos clients sachent exactement ce qu&#039;ils paient, sans aucune mauvaise surprise. Nos tarifs sont tr\u00e8s abordables et promettent qu&#039;il n&#039;y a pas de frais cach\u00e9s. Sky Luxse est toujours ax\u00e9e sur le client. Depuis le d\u00e9but, atteindre la plus grande satisfaction de nos clients a toujours \u00e9t\u00e9 notre objectif principal. Nous nous engageons \u00e0 offrir \u00e0 nos clients la meilleure exp\u00e9rience possible. Si vous avez des commentaires \u00e0 nous faire, qu&#039;ils soient positifs ou n\u00e9gatifs, nous serions ravis d&#039;avoir de vos nouvelles et nous travaillerons toujours \u00e0 nous am\u00e9liorer et \u00e0 les consid\u00e9rer comme des commentaires constructifs.\r\n\r\n<br> <br>\r\n\r\n<\/div>\r\n<\/div>\r\n<\/div>\r\n&nbsp;","protected":false},"excerpt":{"rendered":"<p>Welcome to Sky Luxse &#8211; luxury car rental in Dubai! Our car rental in Dubai commitment is to deliver unparalleled vehicle quality and exemplary service&#8230;<\/p>","protected":false},"author":36,"featured_media":15236,"parent":0,"menu_order":0,"comment_status":"closed","ping_status":"closed","template":"page-home.php","meta":{"_themeisle_gutenberg_block_has_review":false,"footnotes":""},"class_list":["post-12845","page","type-page","status-publish","has-post-thumbnail","hentry"],"acf":[],"yoast_head":"<!-- This site is optimized with the Yoast SEO Premium plugin v25.5 (Yoast SEO v25.7) - https:\/\/yoast.com\/wordpress\/plugins\/seo\/ -->\n<title>Rent a Car in Dubai | No Deposit Car Rental | Best Monthly Offers<\/title>\n<meta name=\"description\" content=\"Car Rental in Dubai UAE. Low Prices. Best Daily &amp; Monthly Deals \u2714\ufe0f Free Delivery \u2714\ufe0f 24\/7 Support \u2714\ufe0f Book Online or Call \u260e\ufe0f +971 58 688 1586!\" \/>\n<meta name=\"robots\" content=\"index, follow, max-snippet:-1, max-image-preview:large, max-video-preview:-1\" \/>\n<link rel=\"canonical\" href=\"https:\/\/rentacar-dubai.ae\/fr\/a-propos-de-nous\/\" \/>\n<meta property=\"og:locale\" content=\"fr_FR\" \/>\n<meta property=\"og:type\" content=\"article\" \/>\n<meta property=\"og:title\" content=\"Sky Luxse Car Rental UAE\" \/>\n<meta property=\"og:description\" content=\"Car Rental in Dubai UAE. Low Prices. Best Daily &amp; Monthly Deals \u2714\ufe0f Free Delivery \u2714\ufe0f 24\/7 Support \u2714\ufe0f Book Online or Call \u260e\ufe0f +971 58 688 1586!\" \/>\n<meta property=\"og:url\" content=\"https:\/\/rentacar-dubai.ae\/fr\/a-propos-de-nous\/\" \/>\n<meta property=\"og:site_name\" content=\"Long Term Car Rental Dubai - Luxury, SUV &amp; Monthly Deals | Sky Luxse\" \/>\n<meta property=\"article:publisher\" content=\"https:\/\/www.facebook.com\/rentacar.skyluxse\/\" \/>\n<meta property=\"article:modified_time\" content=\"2025-08-13T11:38:07+00:00\" \/>\n<meta property=\"og:image\" content=\"https:\/\/rentacar-dubai.ae\/wp-content\/uploads\/2023\/11\/Mercedes-G63-4.jpg\" \/>\n\t<meta property=\"og:image:width\" content=\"1280\" \/>\n\t<meta property=\"og:image:height\" content=\"960\" \/>\n\t<meta property=\"og:image:type\" content=\"image\/jpeg\" \/>\n<meta name=\"twitter:card\" content=\"summary_large_image\" \/>\n<meta name=\"twitter:site\" content=\"@rentacardubai7\" \/>\n<meta name=\"twitter:label1\" content=\"Dur\u00e9e de lecture estim\u00e9e\" \/>\n\t<meta name=\"twitter:data1\" content=\"4 minutes\" \/>\n<script type=\"application\/ld+json\" class=\"yoast-schema-graph\">{\"@context\":\"https:\/\/schema.org\",\"@graph\":[{\"@type\":[\"WebPage\",\"AboutPage\"],\"@id\":\"https:\/\/rentacar-dubai.ae\/about-us\/\",\"url\":\"https:\/\/rentacar-dubai.ae\/about-us\/\",\"name\":\"Rent a Car in Dubai | No Deposit Car Rental | Best Monthly Offers\",\"isPartOf\":{\"@id\":\"https:\/\/rentacar-dubai.ae\/#website\"},\"primaryImageOfPage\":{\"@id\":\"https:\/\/rentacar-dubai.ae\/about-us\/#primaryimage\"},\"image\":{\"@id\":\"https:\/\/rentacar-dubai.ae\/about-us\/#primaryimage\"},\"thumbnailUrl\":\"https:\/\/rentacar-dubai.ae\/wp-content\/uploads\/2023\/11\/Mercedes-G63-4.jpg\",\"datePublished\":\"2022-11-14T11:31:39+00:00\",\"dateModified\":\"2025-08-13T11:38:07+00:00\",\"description\":\"Car Rental in Dubai UAE. Low Prices. Best Daily & Monthly Deals \u2714\ufe0f Free Delivery \u2714\ufe0f 24\/7 Support \u2714\ufe0f Book Online or Call \u260e\ufe0f +971 58 688 1586!\",\"breadcrumb\":{\"@id\":\"https:\/\/rentacar-dubai.ae\/about-us\/#breadcrumb\"},\"inLanguage\":\"fr-FR\",\"potentialAction\":[{\"@type\":\"ReadAction\",\"target\":[\"https:\/\/rentacar-dubai.ae\/about-us\/\"]}]},{\"@type\":\"ImageObject\",\"inLanguage\":\"fr-FR\",\"@id\":\"https:\/\/rentacar-dubai.ae\/about-us\/#primaryimage\",\"url\":\"https:\/\/rentacar-dubai.ae\/wp-content\/uploads\/2023\/11\/Mercedes-G63-4.jpg\",\"contentUrl\":\"https:\/\/rentacar-dubai.ae\/wp-content\/uploads\/2023\/11\/Mercedes-G63-4.jpg\",\"width\":1280,\"height\":960,\"caption\":\"Sky Luxse Dubai Hire welcome a fleet of New Shape Mercedes Benz G63 AMG available for Hire in the UAE via our 4x4 SUV Division. Book your G63 AMG rental online in seconds.\"},{\"@type\":\"BreadcrumbList\",\"@id\":\"https:\/\/rentacar-dubai.ae\/about-us\/#breadcrumb\",\"itemListElement\":[{\"@type\":\"ListItem\",\"position\":1,\"name\":\"Home\",\"item\":\"https:\/\/rentacar-dubai.ae\/\"},{\"@type\":\"ListItem\",\"position\":2,\"name\":\"Sky Luxse Car Rental UAE\"}]},{\"@type\":\"WebSite\",\"@id\":\"https:\/\/rentacar-dubai.ae\/#website\",\"url\":\"https:\/\/rentacar-dubai.ae\/\",\"name\":\"Long Term Car Rental Dubai - Luxury, SUV &amp; Monthly Deals | Sky Luxse\",\"description\":\"Long term car rental in Dubai. Luxury and SUV monthly rentals, no deposit, flexible terms, delivery to hotel or airport. Best prices for expats and business.\",\"publisher\":{\"@id\":\"https:\/\/rentacar-dubai.ae\/#organization\"},\"potentialAction\":[{\"@type\":\"SearchAction\",\"target\":{\"@type\":\"EntryPoint\",\"urlTemplate\":\"https:\/\/rentacar-dubai.ae\/?s={search_term_string}\"},\"query-input\":{\"@type\":\"PropertyValueSpecification\",\"valueRequired\":true,\"valueName\":\"search_term_string\"}}],\"inLanguage\":\"fr-FR\"},{\"@type\":\"Organization\",\"@id\":\"https:\/\/rentacar-dubai.ae\/#organization\",\"name\":\"SKY LUXSE RENT A CAR L.L.C\",\"url\":\"https:\/\/rentacar-dubai.ae\/\",\"logo\":{\"@type\":\"ImageObject\",\"inLanguage\":\"fr-FR\",\"@id\":\"https:\/\/rentacar-dubai.ae\/#\/schema\/logo\/image\/\",\"url\":\"https:\/\/rentacar-dubai.ae\/wp-content\/uploads\/2023\/01\/2.png\",\"contentUrl\":\"https:\/\/rentacar-dubai.ae\/wp-content\/uploads\/2023\/01\/2.png\",\"width\":1600,\"height\":268,\"caption\":\"SKY LUXSE RENT A CAR L.L.C\"},\"image\":{\"@id\":\"https:\/\/rentacar-dubai.ae\/#\/schema\/logo\/image\/\"},\"sameAs\":[\"https:\/\/www.facebook.com\/rentacar.skyluxse\/\",\"https:\/\/x.com\/rentacardubai7\"]}]}<\/script>\n<!-- \/ Yoast SEO Premium plugin. -->","yoast_head_json":{"title":"Rent a Car in Dubai | No Deposit Car Rental | Best Monthly Offers","description":"Car Rental in Dubai UAE. Low Prices. Best Daily & Monthly Deals \u2714\ufe0f Free Delivery \u2714\ufe0f 24\/7 Support \u2714\ufe0f Book Online or Call \u260e\ufe0f +971 58 688 1586!","robots":{"index":"index","follow":"follow","max-snippet":"max-snippet:-1","max-image-preview":"max-image-preview:large","max-video-preview":"max-video-preview:-1"},"canonical":"https:\/\/rentacar-dubai.ae\/fr\/a-propos-de-nous\/","og_locale":"fr_FR","og_type":"article","og_title":"Sky Luxse Car Rental UAE","og_description":"Car Rental in Dubai UAE. Low Prices. Best Daily & Monthly Deals \u2714\ufe0f Free Delivery \u2714\ufe0f 24\/7 Support \u2714\ufe0f Book Online or Call \u260e\ufe0f +971 58 688 1586!","og_url":"https:\/\/rentacar-dubai.ae\/fr\/a-propos-de-nous\/","og_site_name":"Long Term Car Rental Dubai - Luxury, SUV &amp; Monthly Deals | Sky Luxse","article_publisher":"https:\/\/www.facebook.com\/rentacar.skyluxse\/","article_modified_time":"2025-08-13T11:38:07+00:00","og_image":[{"width":1280,"height":960,"url":"https:\/\/rentacar-dubai.ae\/wp-content\/uploads\/2023\/11\/Mercedes-G63-4.jpg","type":"image\/jpeg"}],"twitter_card":"summary_large_image","twitter_site":"@rentacardubai7","twitter_misc":{"Dur\u00e9e de lecture estim\u00e9e":"4 minutes"},"schema":{"@context":"https:\/\/schema.org","@graph":[{"@type":["WebPage","AboutPage"],"@id":"https:\/\/rentacar-dubai.ae\/about-us\/","url":"https:\/\/rentacar-dubai.ae\/about-us\/","name":"Rent a Car in Dubai | No Deposit Car Rental | Best Monthly Offers","isPartOf":{"@id":"https:\/\/rentacar-dubai.ae\/#website"},"primaryImageOfPage":{"@id":"https:\/\/rentacar-dubai.ae\/about-us\/#primaryimage"},"image":{"@id":"https:\/\/rentacar-dubai.ae\/about-us\/#primaryimage"},"thumbnailUrl":"https:\/\/rentacar-dubai.ae\/wp-content\/uploads\/2023\/11\/Mercedes-G63-4.jpg","datePublished":"2022-11-14T11:31:39+00:00","dateModified":"2025-08-13T11:38:07+00:00","description":"Car Rental in Dubai UAE. Low Prices. Best Daily & Monthly Deals \u2714\ufe0f Free Delivery \u2714\ufe0f 24\/7 Support \u2714\ufe0f Book Online or Call \u260e\ufe0f +971 58 688 1586!","breadcrumb":{"@id":"https:\/\/rentacar-dubai.ae\/about-us\/#breadcrumb"},"inLanguage":"fr-FR","potentialAction":[{"@type":"ReadAction","target":["https:\/\/rentacar-dubai.ae\/about-us\/"]}]},{"@type":"ImageObject","inLanguage":"fr-FR","@id":"https:\/\/rentacar-dubai.ae\/about-us\/#primaryimage","url":"https:\/\/rentacar-dubai.ae\/wp-content\/uploads\/2023\/11\/Mercedes-G63-4.jpg","contentUrl":"https:\/\/rentacar-dubai.ae\/wp-content\/uploads\/2023\/11\/Mercedes-G63-4.jpg","width":1280,"height":960,"caption":"Sky Luxse Dubai Hire welcome a fleet of New Shape Mercedes Benz G63 AMG available for Hire in the UAE via our 4x4 SUV Division. Book your G63 AMG rental online in seconds."},{"@type":"BreadcrumbList","@id":"https:\/\/rentacar-dubai.ae\/about-us\/#breadcrumb","itemListElement":[{"@type":"ListItem","position":1,"name":"Home","item":"https:\/\/rentacar-dubai.ae\/"},{"@type":"ListItem","position":2,"name":"Sky Luxse Car Rental UAE"}]},{"@type":"WebSite","@id":"https:\/\/rentacar-dubai.ae\/#website","url":"https:\/\/rentacar-dubai.ae\/","name":"Long Term Car Rental Dubai - Luxury, SUV &amp; Monthly Deals | Sky Luxse","description":"Long term car rental in Dubai. Luxury and SUV monthly rentals, no deposit, flexible terms, delivery to hotel or airport. Best prices for expats and business.","publisher":{"@id":"https:\/\/rentacar-dubai.ae\/#organization"},"potentialAction":[{"@type":"SearchAction","target":{"@type":"EntryPoint","urlTemplate":"https:\/\/rentacar-dubai.ae\/?s={search_term_string}"},"query-input":{"@type":"PropertyValueSpecification","valueRequired":true,"valueName":"search_term_string"}}],"inLanguage":"fr-FR"},{"@type":"Organization","@id":"https:\/\/rentacar-dubai.ae\/#organization","name":"SKY LUXSE RENT A CAR L.L.C","url":"https:\/\/rentacar-dubai.ae\/","logo":{"@type":"ImageObject","inLanguage":"fr-FR","@id":"https:\/\/rentacar-dubai.ae\/#\/schema\/logo\/image\/","url":"https:\/\/rentacar-dubai.ae\/wp-content\/uploads\/2023\/01\/2.png","contentUrl":"https:\/\/rentacar-dubai.ae\/wp-content\/uploads\/2023\/01\/2.png","width":1600,"height":268,"caption":"SKY LUXSE RENT A CAR L.L.C"},"image":{"@id":"https:\/\/rentacar-dubai.ae\/#\/schema\/logo\/image\/"},"sameAs":["https:\/\/www.facebook.com\/rentacar.skyluxse\/","https:\/\/x.com\/rentacardubai7"]}]}},"_links":{"self":[{"href":"https:\/\/rentacar-dubai.ae\/fr\/wp-json\/wp\/v2\/pages\/12845","targetHints":{"allow":["GET"]}}],"collection":[{"href":"https:\/\/rentacar-dubai.ae\/fr\/wp-json\/wp\/v2\/pages"}],"about":[{"href":"https:\/\/rentacar-dubai.ae\/fr\/wp-json\/wp\/v2\/types\/page"}],"author":[{"embeddable":true,"href":"https:\/\/rentacar-dubai.ae\/fr\/wp-json\/wp\/v2\/users\/36"}],"replies":[{"embeddable":true,"href":"https:\/\/rentacar-dubai.ae\/fr\/wp-json\/wp\/v2\/comments?post=12845"}],"version-history":[{"count":1,"href":"https:\/\/rentacar-dubai.ae\/fr\/wp-json\/wp\/v2\/pages\/12845\/revisions"}],"predecessor-version":[{"id":21561,"href":"https:\/\/rentacar-dubai.ae\/fr\/wp-json\/wp\/v2\/pages\/12845\/revisions\/21561"}],"wp:featuredmedia":[{"embeddable":true,"href":"https:\/\/rentacar-dubai.ae\/fr\/wp-json\/wp\/v2\/media\/15236"}],"wp:attachment":[{"href":"https:\/\/rentacar-dubai.ae\/fr\/wp-json\/wp\/v2\/media?parent=12845"}],"curies":[{"name":"wp","href":"https:\/\/api.w.org\/{rel}","templated":true}]}}