{"id":14808,"date":"2023-08-22T06:19:43","date_gmt":"2023-08-22T06:19:43","guid":{"rendered":"https:\/\/rentacar-dubai.ae\/?page_id=14808"},"modified":"2024-07-15T14:00:50","modified_gmt":"2024-07-15T14:00:50","slug":"suv-car-rental-dubai","status":"publish","type":"page","link":"https:\/\/rentacar-dubai.ae\/de\/suv-autovermietung-dubai\/","title":{"rendered":"SUV-Vermietung in Dubai"},"content":{"rendered":"<h1 class=\"LC20lb MBeuO DKV0Md\">SUV mieten in den VAE<\/h1>\n<br> <br>\n\nDubai ist eine Stadt des Luxus und der Innovation und damit ein absolutes Muss f\u00fcr jeden Besucher. Um das Angebot der VAE voll auszukosten, ist es entscheidend, die besten SUVs zum Mieten in den Emiraten auszuw\u00e4hlen. Mit Blick auf das Jahr 2024 ist das Angebot an Mietwagen in dieser pulsierenden Stadt gewachsen, sodass f\u00fcr jeden das Passende dabei ist.<br> <br>\n\nEgal, ob Sie ein SUV mit eleganten Linien f\u00fcr die Stadt oder die robusten F\u00e4higkeiten eines f\u00fcr Abenteuer in der W\u00fcste bevorzugen, die Mietwagenszene in den VAE bietet alles.<br> <br>\n\nDie Wahl des richtigen SUV kann Ihr Emirates-Erlebnis von gut zu unvergesslich machen. Wenn Sie die hoch aufragenden Wolkenkratzer der Stadt erkunden, ihre gesch\u00e4ftigen M\u00e4rkte genie\u00dfen oder sich in die weite W\u00fcste wagen m\u00f6chten, erwartet Sie bei Sky Luxse der ideale SUV. Unser f\u00fcr seine anspruchsvolle Flotte bekannter Service bietet einen Luxus, der dem von Dubai in nichts nachsteht.<br> <br>\n\nIn diesem Leitfaden zeigen wir Ihnen die besten Mietoptionen von Emirates und sorgen daf\u00fcr, dass Ihre Reise so reibungslos und angenehm wie m\u00f6glich verl\u00e4uft. Also, legen wir los!\n\n<br> <br>\n<h3><span>Warum sollten Sie in Dubai einen SUV mieten?<\/span><\/h3>\n<h2 class=\"LC20lb MBeuO DKV0Md\"><span><br> <br>\n<br> <br><\/span><\/h2>\n<h2><img loading=\"lazy\" decoding=\"async\" src=\"https:\/\/rentacar-dubai.ae\/wp-content\/uploads\/2023\/09\/rent-a-bmw-xm-in-dubai-from-sky--1024x576.jpg\" alt=\"SUV oder Crossover in Dubai mieten | Sky Luxse Autovermietung\" width=\"1024\" height=\"576\" class=\"alignnone wp-image-15120 size-large\" srcset=\"https:\/\/rentacar-dubai.ae\/wp-content\/uploads\/2023\/09\/rent-a-bmw-xm-in-dubai-from-sky--1024x576.jpg 1024w, https:\/\/rentacar-dubai.ae\/wp-content\/uploads\/2023\/09\/rent-a-bmw-xm-in-dubai-from-sky--300x169.jpg 300w, https:\/\/rentacar-dubai.ae\/wp-content\/uploads\/2023\/09\/rent-a-bmw-xm-in-dubai-from-sky--768x432.jpg 768w, https:\/\/rentacar-dubai.ae\/wp-content\/uploads\/2023\/09\/rent-a-bmw-xm-in-dubai-from-sky--18x10.jpg 18w, https:\/\/rentacar-dubai.ae\/wp-content\/uploads\/2023\/09\/rent-a-bmw-xm-in-dubai-from-sky--117x66.jpg 117w, https:\/\/rentacar-dubai.ae\/wp-content\/uploads\/2023\/09\/rent-a-bmw-xm-in-dubai-from-sky--400x225.jpg 400w, https:\/\/rentacar-dubai.ae\/wp-content\/uploads\/2023\/09\/rent-a-bmw-xm-in-dubai-from-sky--850x478.jpg 850w, https:\/\/rentacar-dubai.ae\/wp-content\/uploads\/2023\/09\/rent-a-bmw-xm-in-dubai-from-sky--350x197.jpg 350w, https:\/\/rentacar-dubai.ae\/wp-content\/uploads\/2023\/09\/rent-a-bmw-xm-in-dubai-from-sky--24x14.jpg 24w, https:\/\/rentacar-dubai.ae\/wp-content\/uploads\/2023\/09\/rent-a-bmw-xm-in-dubai-from-sky--36x20.jpg 36w, https:\/\/rentacar-dubai.ae\/wp-content\/uploads\/2023\/09\/rent-a-bmw-xm-in-dubai-from-sky--48x27.jpg 48w, https:\/\/rentacar-dubai.ae\/wp-content\/uploads\/2023\/09\/rent-a-bmw-xm-in-dubai-from-sky--600x338.jpg 600w, https:\/\/rentacar-dubai.ae\/wp-content\/uploads\/2023\/09\/rent-a-bmw-xm-in-dubai-from-sky-.jpg 1280w\" sizes=\"auto, (max-width: 1024px) 100vw, 1024px\" \/><\/h2>\n<h2 class=\"LC20lb MBeuO DKV0Md\"><br><br><\/h2>\nWenn Sie sich f\u00fcr die Anmietung eines SUV in Dubai entscheiden, er\u00f6ffnet sich Reisenden und Einheimischen eine Welt voller M\u00f6glichkeiten. Hier erfahren Sie, warum die Anmietung eines SUV f\u00fcr Ihre Dubai-Abenteuer eine kluge Entscheidung ist:\n<br> <br>\n\n<strong>Vielseitigkeit und Komfort:<\/strong> SUVs sind f\u00fcr ihre ger\u00e4umigen Innenr\u00e4ume bekannt und bieten reichlich Platz f\u00fcr Passagiere und Gep\u00e4ck. Damit eignen sie sich perfekt f\u00fcr Familienausfl\u00fcge, Gesch\u00e4ftsreisen oder Touren mit Freunden. Ihre erh\u00f6hte Sitzposition bietet eine bessere Sicht auf die atemberaubende Skyline von Dubai und verbessert das Fahrerlebnis.\n<br> <br>\n\n<strong>Leistung und Sicherheit:<\/strong> Dubais abwechslungsreiche Landschaften, von eleganten Stadtstra\u00dfen bis hin zu den zerkl\u00fcfteten W\u00fcstenlandschaften, erfordern ein Fahrzeug, das mit unterschiedlichen Bedingungen zurechtkommt. SUVs bieten mit ihrer robusten Bauweise und den fortschrittlichen Sicherheitsfunktionen \u00fcberlegene Leistung und Sicherheit, egal ob Sie durch belebte Stadtgebiete navigieren oder Offroad-Pfade erkunden.\n<br> <br>\n\n<strong>Luxus:<\/strong> Viele SUV-Mietwagen spiegeln den luxuri\u00f6sen Lebensstil Dubais wider und sind mit hochwertigen Annehmlichkeiten und modernster Technologie ausgestattet, die einen Hauch von Eleganz und Komfort vermitteln. Das Fahren eines stilvollen SUVs erg\u00e4nzt nicht nur die glamour\u00f6se Atmosph\u00e4re der Stadt, sondern steigert auch Ihr Reiseerlebnis.\n<br> <br>\n\n<strong>Bequemlichkeit:<\/strong> Einen SUV in Dubai zu mieten ist ein unvergleichlicher Komfort, mit Optionen f\u00fcr jedes Budget und jeden Geschmack. Mietservices umfassen oft flexible Abhol- und R\u00fcckgabeorte, Vollkaskoversicherung und Kundensupport rund um die Uhr, um eine problemlose Fahrt von Anfang bis Ende zu gew\u00e4hrleisten.\n<br> <br>\n\nZugang zu exklusiven Orten: Einige der prestigetr\u00e4chtigsten Attraktionen und exklusivsten Resorts Dubais erreichen Sie am besten mit einem luxuri\u00f6sen und leistungsstarken Fahrzeug. Mit einem SUV k\u00f6nnen Sie diese Orte mit Stil und Komfort erreichen, sodass Sie die Eliteseite Dubais nicht verpassen.\n<br> <br>\n\n<strong>Ideal f\u00fcr Gruppenreisen:<\/strong> F\u00fcr Gruppen oder Familien, die zusammen reisen, sind SUVs die perfekte L\u00f6sung, da sie bequem mehr Passagiere und Gep\u00e4ck unterbringen. Das bedeutet, dass alle zusammen in einem Fahrzeug reisen k\u00f6nnen, was die Logistik bei Gruppenausfl\u00fcgen einfacher und angenehmer macht.\n<br> <br>\n\nEinen SUV in Dubai zu mieten, bedeutet nicht nur, von A nach B zu kommen. Es geht darum, Ihr Reiseerlebnis zu verbessern, Komfort und Sicherheit zu gew\u00e4hrleisten und den Luxus und Komfort zu genie\u00dfen, der dem Geist dieser dynamischen Stadt entspricht. Ob gesch\u00e4ftlich oder privat, mit einem SUV k\u00f6nnen Sie die VAE bequem und stilvoll erkunden.\n<h2 class=\"LC20lb MBeuO DKV0Md\"><br><\/h2>\n<h2 class=\"LC20lb MBeuO DKV0Md\"><br><\/h2>\n<h2 class=\"LC20lb MBeuO DKV0Md\"><img loading=\"lazy\" decoding=\"async\" src=\"https:\/\/rentacar-dubai.ae\/wp-content\/uploads\/2023\/09\/Mercedes-AMG-GLE-53-06-1024x768.jpg\" alt=\"Mieten Sie SUV Mercedes GLE Coup\u00e9 53\" width=\"1024\" height=\"768\" class=\"alignnone wp-image-14964 size-large\" srcset=\"https:\/\/rentacar-dubai.ae\/wp-content\/uploads\/2023\/09\/Mercedes-AMG-GLE-53-06-1024x768.jpg 1024w, https:\/\/rentacar-dubai.ae\/wp-content\/uploads\/2023\/09\/Mercedes-AMG-GLE-53-06-300x225.jpg 300w, https:\/\/rentacar-dubai.ae\/wp-content\/uploads\/2023\/09\/Mercedes-AMG-GLE-53-06-768x576.jpg 768w, https:\/\/rentacar-dubai.ae\/wp-content\/uploads\/2023\/09\/Mercedes-AMG-GLE-53-06-16x12.jpg 16w, https:\/\/rentacar-dubai.ae\/wp-content\/uploads\/2023\/09\/Mercedes-AMG-GLE-53-06-88x66.jpg 88w, https:\/\/rentacar-dubai.ae\/wp-content\/uploads\/2023\/09\/Mercedes-AMG-GLE-53-06-347x260.jpg 347w, https:\/\/rentacar-dubai.ae\/wp-content\/uploads\/2023\/09\/Mercedes-AMG-GLE-53-06-640x480.jpg 640w, https:\/\/rentacar-dubai.ae\/wp-content\/uploads\/2023\/09\/Mercedes-AMG-GLE-53-06-350x263.jpg 350w, https:\/\/rentacar-dubai.ae\/wp-content\/uploads\/2023\/09\/Mercedes-AMG-GLE-53-06-24x18.jpg 24w, https:\/\/rentacar-dubai.ae\/wp-content\/uploads\/2023\/09\/Mercedes-AMG-GLE-53-06-36x27.jpg 36w, https:\/\/rentacar-dubai.ae\/wp-content\/uploads\/2023\/09\/Mercedes-AMG-GLE-53-06-48x36.jpg 48w, https:\/\/rentacar-dubai.ae\/wp-content\/uploads\/2023\/09\/Mercedes-AMG-GLE-53-06-600x450.jpg 600w, https:\/\/rentacar-dubai.ae\/wp-content\/uploads\/2023\/09\/Mercedes-AMG-GLE-53-06.jpg 1280w\" sizes=\"auto, (max-width: 1024px) 100vw, 1024px\" \/><\/h2>\n<h2 class=\"LC20lb MBeuO DKV0Md\"><br><br><\/h2>\n<h3>Top-Tipps zum Mieten eines SUV in Dubai?<\/h3>\nEs besteht kein Zweifel, dass ein Roadtrip eine wunderbare M\u00f6glichkeit ist, Dubai zu erkunden. Es ist wichtig, den perfekten Mietwagen zu finden. Sehen Sie sich unten an, warum ein SUV der perfekte Autotyp f\u00fcr Ihr Dubai-Abenteuer ist.\n\n<strong>Platz f\u00fcr alle:<\/strong>\u00a0 W\u00e4hlen Sie f\u00fcr Familienreisen einen Oberklasse-SUV oder einen 7-Sitzer-SUV.\n\n<b>Gro\u00dfe Auswahl an SUVs: <\/b>Finden Sie den perfekten SUV f\u00fcr Ihren Stil, ob ger\u00e4umig oder luxuri\u00f6s.\n\n<b>Passen Sie Ihre Miete individuell an:<\/b>\u00a0 Individualisieren Sie Ihr Luxus-Sport Utility Vehicle mit Extras ohne Allradantrieb.\n\n<b>Premium-SUV:<\/b> Sie w\u00e4hlen aus Marken Ihres Vertrauens, wie Range Rover, Mercedes-Benz, Cadillac.<br> <br>","protected":false},"excerpt":{"rendered":"<p>R\u0435nt SUV in the UAE Dubai stands out as a city of luxury and innovation, making it a must-visit destination. To fully enjoy what UAE&#8230;<\/p>","protected":false},"author":36,"featured_media":0,"parent":0,"menu_order":0,"comment_status":"open","ping_status":"open","template":"","meta":{"_themeisle_gutenberg_block_has_review":false,"footnotes":""},"class_list":["post-14808","page","type-page","status-publish","hentry"],"acf":[],"yoast_head":"<!-- This site is optimized with the Yoast SEO Premium plugin v25.5 (Yoast SEO v25.7) - https:\/\/yoast.com\/wordpress\/plugins\/seo\/ -->\n<title>SUVs Car Rental in Dubai | Hire SUV UAE | Crossover Car Rental<\/title>\n<meta name=\"description\" content=\"Rent SUV by Mercedes, BMW, Range Rover or Lamborgini at best prices in Dubai. Compare offers for weekly, monthly rates. \u260e+(971)58-688-1586.\" \/>\n<meta name=\"robots\" content=\"index, follow, max-snippet:-1, max-image-preview:large, max-video-preview:-1\" \/>\n<link rel=\"canonical\" href=\"https:\/\/rentacar-dubai.ae\/de\/suv-autovermietung-dubai\/\" \/>\n<meta property=\"og:locale\" content=\"de_DE\" \/>\n<meta property=\"og:type\" content=\"article\" \/>\n<meta property=\"og:title\" content=\"SUV Rental in Dubai\" \/>\n<meta property=\"og:description\" content=\"Rent SUV by Mercedes, BMW, Range Rover or Lamborgini at best prices in Dubai. Compare offers for weekly, monthly rates. \u260e+(971)58-688-1586.\" \/>\n<meta property=\"og:url\" content=\"https:\/\/rentacar-dubai.ae\/de\/suv-autovermietung-dubai\/\" \/>\n<meta property=\"og:site_name\" content=\"Long Term Car Rental Dubai - Luxury, SUV &amp; Monthly Deals | Sky Luxse\" \/>\n<meta property=\"article:publisher\" content=\"https:\/\/www.facebook.com\/rentacar.skyluxse\/\" \/>\n<meta property=\"article:modified_time\" content=\"2024-07-15T14:00:50+00:00\" \/>\n<meta property=\"og:image\" content=\"https:\/\/rentacar-dubai.ae\/wp-content\/uploads\/2023\/09\/rent-a-bmw-xm-in-dubai-from-sky--1024x576.jpg\" \/>\n<meta name=\"twitter:card\" content=\"summary_large_image\" \/>\n<meta name=\"twitter:site\" content=\"@rentacardubai7\" \/>\n<meta name=\"twitter:label1\" content=\"Gesch\u00e4tzte Lesezeit\" \/>\n\t<meta name=\"twitter:data1\" content=\"4\u00a0Minuten\" \/>\n<script type=\"application\/ld+json\" class=\"yoast-schema-graph\">{\"@context\":\"https:\/\/schema.org\",\"@graph\":[{\"@type\":\"WebPage\",\"@id\":\"https:\/\/rentacar-dubai.ae\/suv-car-rental-dubai\/\",\"url\":\"https:\/\/rentacar-dubai.ae\/suv-car-rental-dubai\/\",\"name\":\"SUVs Car Rental in Dubai | Hire SUV UAE | Crossover Car Rental\",\"isPartOf\":{\"@id\":\"https:\/\/rentacar-dubai.ae\/#website\"},\"primaryImageOfPage\":{\"@id\":\"https:\/\/rentacar-dubai.ae\/suv-car-rental-dubai\/#primaryimage\"},\"image\":{\"@id\":\"https:\/\/rentacar-dubai.ae\/suv-car-rental-dubai\/#primaryimage\"},\"thumbnailUrl\":\"https:\/\/rentacar-dubai.ae\/wp-content\/uploads\/2023\/09\/rent-a-bmw-xm-in-dubai-from-sky--1024x576.jpg\",\"datePublished\":\"2023-08-22T06:19:43+00:00\",\"dateModified\":\"2024-07-15T14:00:50+00:00\",\"description\":\"Rent SUV by Mercedes, BMW, Range Rover or Lamborgini at best prices in Dubai. Compare offers for weekly, monthly rates. \u260e+(971)58-688-1586.\",\"breadcrumb\":{\"@id\":\"https:\/\/rentacar-dubai.ae\/suv-car-rental-dubai\/#breadcrumb\"},\"inLanguage\":\"de\",\"potentialAction\":[{\"@type\":\"ReadAction\",\"target\":[\"https:\/\/rentacar-dubai.ae\/suv-car-rental-dubai\/\"]}]},{\"@type\":\"ImageObject\",\"inLanguage\":\"de\",\"@id\":\"https:\/\/rentacar-dubai.ae\/suv-car-rental-dubai\/#primaryimage\",\"url\":\"https:\/\/rentacar-dubai.ae\/wp-content\/uploads\/2023\/09\/rent-a-bmw-xm-in-dubai-from-sky--1024x576.jpg\",\"contentUrl\":\"https:\/\/rentacar-dubai.ae\/wp-content\/uploads\/2023\/09\/rent-a-bmw-xm-in-dubai-from-sky--1024x576.jpg\"},{\"@type\":\"BreadcrumbList\",\"@id\":\"https:\/\/rentacar-dubai.ae\/suv-car-rental-dubai\/#breadcrumb\",\"itemListElement\":[{\"@type\":\"ListItem\",\"position\":1,\"name\":\"Home\",\"item\":\"https:\/\/rentacar-dubai.ae\/\"},{\"@type\":\"ListItem\",\"position\":2,\"name\":\"SUV Rental in Dubai\"}]},{\"@type\":\"WebSite\",\"@id\":\"https:\/\/rentacar-dubai.ae\/#website\",\"url\":\"https:\/\/rentacar-dubai.ae\/\",\"name\":\"Long Term Car Rental Dubai - Luxury, SUV &amp; Monthly Deals | Sky Luxse\",\"description\":\"Long term car rental in Dubai. Luxury and SUV monthly rentals, no deposit, flexible terms, delivery to hotel or airport. Best prices for expats and business.\",\"publisher\":{\"@id\":\"https:\/\/rentacar-dubai.ae\/#organization\"},\"potentialAction\":[{\"@type\":\"SearchAction\",\"target\":{\"@type\":\"EntryPoint\",\"urlTemplate\":\"https:\/\/rentacar-dubai.ae\/?s={search_term_string}\"},\"query-input\":{\"@type\":\"PropertyValueSpecification\",\"valueRequired\":true,\"valueName\":\"search_term_string\"}}],\"inLanguage\":\"de\"},{\"@type\":\"Organization\",\"@id\":\"https:\/\/rentacar-dubai.ae\/#organization\",\"name\":\"SKY LUXSE RENT A CAR L.L.C\",\"url\":\"https:\/\/rentacar-dubai.ae\/\",\"logo\":{\"@type\":\"ImageObject\",\"inLanguage\":\"de\",\"@id\":\"https:\/\/rentacar-dubai.ae\/#\/schema\/logo\/image\/\",\"url\":\"https:\/\/rentacar-dubai.ae\/wp-content\/uploads\/2023\/01\/2.png\",\"contentUrl\":\"https:\/\/rentacar-dubai.ae\/wp-content\/uploads\/2023\/01\/2.png\",\"width\":1600,\"height\":268,\"caption\":\"SKY LUXSE RENT A CAR L.L.C\"},\"image\":{\"@id\":\"https:\/\/rentacar-dubai.ae\/#\/schema\/logo\/image\/\"},\"sameAs\":[\"https:\/\/www.facebook.com\/rentacar.skyluxse\/\",\"https:\/\/x.com\/rentacardubai7\"]}]}<\/script>\n<!-- \/ Yoast SEO Premium plugin. -->","yoast_head_json":{"title":"SUVs Car Rental in Dubai | Hire SUV UAE | Crossover Car Rental","description":"Rent SUV by Mercedes, BMW, Range Rover or Lamborgini at best prices in Dubai. Compare offers for weekly, monthly rates. \u260e+(971)58-688-1586.","robots":{"index":"index","follow":"follow","max-snippet":"max-snippet:-1","max-image-preview":"max-image-preview:large","max-video-preview":"max-video-preview:-1"},"canonical":"https:\/\/rentacar-dubai.ae\/de\/suv-autovermietung-dubai\/","og_locale":"de_DE","og_type":"article","og_title":"SUV Rental in Dubai","og_description":"Rent SUV by Mercedes, BMW, Range Rover or Lamborgini at best prices in Dubai. Compare offers for weekly, monthly rates. \u260e+(971)58-688-1586.","og_url":"https:\/\/rentacar-dubai.ae\/de\/suv-autovermietung-dubai\/","og_site_name":"Long Term Car Rental Dubai - Luxury, SUV &amp; Monthly Deals | Sky Luxse","article_publisher":"https:\/\/www.facebook.com\/rentacar.skyluxse\/","article_modified_time":"2024-07-15T14:00:50+00:00","og_image":[{"url":"https:\/\/rentacar-dubai.ae\/wp-content\/uploads\/2023\/09\/rent-a-bmw-xm-in-dubai-from-sky--1024x576.jpg","type":"","width":"","height":""}],"twitter_card":"summary_large_image","twitter_site":"@rentacardubai7","twitter_misc":{"Gesch\u00e4tzte Lesezeit":"4\u00a0Minuten"},"schema":{"@context":"https:\/\/schema.org","@graph":[{"@type":"WebPage","@id":"https:\/\/rentacar-dubai.ae\/suv-car-rental-dubai\/","url":"https:\/\/rentacar-dubai.ae\/suv-car-rental-dubai\/","name":"SUVs Car Rental in Dubai | Hire SUV UAE | Crossover Car Rental","isPartOf":{"@id":"https:\/\/rentacar-dubai.ae\/#website"},"primaryImageOfPage":{"@id":"https:\/\/rentacar-dubai.ae\/suv-car-rental-dubai\/#primaryimage"},"image":{"@id":"https:\/\/rentacar-dubai.ae\/suv-car-rental-dubai\/#primaryimage"},"thumbnailUrl":"https:\/\/rentacar-dubai.ae\/wp-content\/uploads\/2023\/09\/rent-a-bmw-xm-in-dubai-from-sky--1024x576.jpg","datePublished":"2023-08-22T06:19:43+00:00","dateModified":"2024-07-15T14:00:50+00:00","description":"Rent SUV by Mercedes, BMW, Range Rover or Lamborgini at best prices in Dubai. Compare offers for weekly, monthly rates. \u260e+(971)58-688-1586.","breadcrumb":{"@id":"https:\/\/rentacar-dubai.ae\/suv-car-rental-dubai\/#breadcrumb"},"inLanguage":"de","potentialAction":[{"@type":"ReadAction","target":["https:\/\/rentacar-dubai.ae\/suv-car-rental-dubai\/"]}]},{"@type":"ImageObject","inLanguage":"de","@id":"https:\/\/rentacar-dubai.ae\/suv-car-rental-dubai\/#primaryimage","url":"https:\/\/rentacar-dubai.ae\/wp-content\/uploads\/2023\/09\/rent-a-bmw-xm-in-dubai-from-sky--1024x576.jpg","contentUrl":"https:\/\/rentacar-dubai.ae\/wp-content\/uploads\/2023\/09\/rent-a-bmw-xm-in-dubai-from-sky--1024x576.jpg"},{"@type":"BreadcrumbList","@id":"https:\/\/rentacar-dubai.ae\/suv-car-rental-dubai\/#breadcrumb","itemListElement":[{"@type":"ListItem","position":1,"name":"Home","item":"https:\/\/rentacar-dubai.ae\/"},{"@type":"ListItem","position":2,"name":"SUV Rental in Dubai"}]},{"@type":"WebSite","@id":"https:\/\/rentacar-dubai.ae\/#website","url":"https:\/\/rentacar-dubai.ae\/","name":"Long Term Car Rental Dubai - Luxury, SUV &amp; Monthly Deals | Sky Luxse","description":"Long term car rental in Dubai. Luxury and SUV monthly rentals, no deposit, flexible terms, delivery to hotel or airport. Best prices for expats and business.","publisher":{"@id":"https:\/\/rentacar-dubai.ae\/#organization"},"potentialAction":[{"@type":"SearchAction","target":{"@type":"EntryPoint","urlTemplate":"https:\/\/rentacar-dubai.ae\/?s={search_term_string}"},"query-input":{"@type":"PropertyValueSpecification","valueRequired":true,"valueName":"search_term_string"}}],"inLanguage":"de"},{"@type":"Organization","@id":"https:\/\/rentacar-dubai.ae\/#organization","name":"SKY LUXSE RENT A CAR L.L.C","url":"https:\/\/rentacar-dubai.ae\/","logo":{"@type":"ImageObject","inLanguage":"de","@id":"https:\/\/rentacar-dubai.ae\/#\/schema\/logo\/image\/","url":"https:\/\/rentacar-dubai.ae\/wp-content\/uploads\/2023\/01\/2.png","contentUrl":"https:\/\/rentacar-dubai.ae\/wp-content\/uploads\/2023\/01\/2.png","width":1600,"height":268,"caption":"SKY LUXSE RENT A CAR L.L.C"},"image":{"@id":"https:\/\/rentacar-dubai.ae\/#\/schema\/logo\/image\/"},"sameAs":["https:\/\/www.facebook.com\/rentacar.skyluxse\/","https:\/\/x.com\/rentacardubai7"]}]}},"_links":{"self":[{"href":"https:\/\/rentacar-dubai.ae\/de\/wp-json\/wp\/v2\/pages\/14808","targetHints":{"allow":["GET"]}}],"collection":[{"href":"https:\/\/rentacar-dubai.ae\/de\/wp-json\/wp\/v2\/pages"}],"about":[{"href":"https:\/\/rentacar-dubai.ae\/de\/wp-json\/wp\/v2\/types\/page"}],"author":[{"embeddable":true,"href":"https:\/\/rentacar-dubai.ae\/de\/wp-json\/wp\/v2\/users\/36"}],"replies":[{"embeddable":true,"href":"https:\/\/rentacar-dubai.ae\/de\/wp-json\/wp\/v2\/comments?post=14808"}],"version-history":[{"count":0,"href":"https:\/\/rentacar-dubai.ae\/de\/wp-json\/wp\/v2\/pages\/14808\/revisions"}],"wp:attachment":[{"href":"https:\/\/rentacar-dubai.ae\/de\/wp-json\/wp\/v2\/media?parent=14808"}],"curies":[{"name":"wp","href":"https:\/\/api.w.org\/{rel}","templated":true}]}}