{"id":13831,"date":"2023-06-01T13:23:42","date_gmt":"2023-06-01T13:23:42","guid":{"rendered":"https:\/\/rentacar-dubai.ae\/?page_id=13831"},"modified":"2024-03-08T20:00:52","modified_gmt":"2024-03-08T20:00:52","slug":"quick-links","status":"publish","type":"page","link":"https:\/\/rentacar-dubai.ae\/de\/quicklinks\/","title":{"rendered":"Quicklinks"},"content":{"rendered":"<h1 style=\"text-align: center;\">SCHNELLE LINKS<\/h1>\r\n<h1><a href=\"https:\/\/rentacar-dubai.ae\/de\/monatliche-langzeitmiete-eines-autos-2\/\">Monatliche Autovermietung in den VAE<\/a><\/h1>\r\n<img loading=\"lazy\" decoding=\"async\" class=\"wp-image-13818\" src=\"https:\/\/rentacar-dubai.ae\/wp-content\/uploads\/2023\/06\/12\u044540-300x94.jpg\" alt=\"Monatliche und langfristige Autovermietung in den VAE\" width=\"926\" height=\"290\" \/>\r\n\r\n<br> <br>\r\n\r\nWenn Sie sich f\u00fcr die Autovermietung in Dubai f\u00fcr die Website rentacar-dubai.ae entscheiden, erhalten Sie nicht nur eine gro\u00dfe Auswahl an Autos, sondern auch maximale Benutzerfreundlichkeit des Dienstes. Die Website bietet eine intuitive Benutzeroberfl\u00e4che, die es einfach macht, das gew\u00fcnschte Auto auszuw\u00e4hlen und zu buchen.<br> <br>\r\n\r\n<br> <br>\r\n\r\nWenn Sie Fragen haben oder zus\u00e4tzliche Informationen ben\u00f6tigen, k\u00f6nnen Sie jederzeit den Online-Chat mit dem Operator nutzen, der sich in der unteren rechten Ecke des Bildschirms befindet. F\u00fcr diejenigen, die sofortige Kommunikation bevorzugen, steht die Kommunikation \u00fcber WhatsApp oder Telegram unter +971586637500 zur Verf\u00fcgung, was eine schnelle Antwort auf alle Fragen garantiert.\r\n\r\n<br> <br>\r\n\r\nWir sind bestrebt, das beste Mietwagenerlebnis in den Emiraten zu schaffen, indem wir Folgendes anbieten:\r\n\r\n<br> <br>\r\n\r\n\u2013 Treffen am Flughafen, damit Sie sofort den Komfort und die Bequemlichkeit unseres Service genie\u00dfen k\u00f6nnen.<br> <br>\r\n\u2013 M\u00f6glichkeit der Zahlung in jeder von Ihnen bevorzugten W\u00e4hrung: sei es Rubel, Dollar oder sogar Kryptow\u00e4hrung. Sie k\u00f6nnen entweder mit Karte oder in bar bezahlen.<br> <br>\r\n\u2013 Lieferung des ausgew\u00e4hlten Autos direkt an die T\u00fcr Ihres Zuhauses oder Hotels irgendwo in Dubai.<br> <br>\r\n\u2013 Eine Auswahl der neuesten Automodelle, die Ihnen nicht nur die Anmietung, sondern auch den Fahrspa\u00df eines hochwertigen Autos garantiert.\r\n\r\n<br> <br>\r\n\r\nEgal, ob Sie f\u00fcr eine Stunde oder f\u00fcr mieten <a href=\"https:\/\/rentacar-dubai.ae\/de\/long-term-car-rental-in-uae\/\">langfristig<\/a> Ein ganzes Jahr lang machen wir das beste Angebot und sorgen so f\u00fcr ein H\u00f6chstma\u00df an Service und Zufriedenheit. Die Wahl von rentacar-dubai.ae ist Ihr Schl\u00fcssel zu einer sorgenfreien und komfortablen Reise durch Dubai.\r\n\r\n<br> <br>\r\n\r\n<br> <br>","protected":false},"excerpt":{"rendered":"<p>QUICK LINKS Monthly Car Rental In the UAE By choosing the rentacar-dubai.ae website to rent a car in Dubai, you get not only a wide&#8230;<\/p>","protected":false},"author":36,"featured_media":0,"parent":0,"menu_order":0,"comment_status":"closed","ping_status":"closed","template":"","meta":{"_themeisle_gutenberg_block_has_review":false,"footnotes":""},"class_list":["post-13831","page","type-page","status-publish","hentry"],"acf":[],"yoast_head":"<!-- This site is optimized with the Yoast SEO Premium plugin v25.5 (Yoast SEO v25.7) - https:\/\/yoast.com\/wordpress\/plugins\/seo\/ -->\n<title>Long Term Car Rental in Dubai | Rent a Car Monthly in the UAE<\/title>\n<meta name=\"description\" content=\"Book favourite car in Dubai for an affordable monthly fee \u2705 no deposit \u2705 Delivery across Dubai 24\/7 \u2705 \u260e+(971) 58-688-1586.\" \/>\n<meta name=\"robots\" content=\"index, follow, max-snippet:-1, max-image-preview:large, max-video-preview:-1\" \/>\n<link rel=\"canonical\" href=\"https:\/\/rentacar-dubai.ae\/de\/quicklinks\/\" \/>\n<meta property=\"og:locale\" content=\"de_DE\" \/>\n<meta property=\"og:type\" content=\"article\" \/>\n<meta property=\"og:title\" content=\"Quick Links\" \/>\n<meta property=\"og:description\" content=\"Book favourite car in Dubai for an affordable monthly fee \u2705 no deposit \u2705 Delivery across Dubai 24\/7 \u2705 \u260e+(971) 58-688-1586.\" \/>\n<meta property=\"og:url\" content=\"https:\/\/rentacar-dubai.ae\/de\/quicklinks\/\" \/>\n<meta property=\"og:site_name\" content=\"Long Term Car Rental Dubai - Luxury, SUV &amp; Monthly Deals | Sky Luxse\" \/>\n<meta property=\"article:publisher\" content=\"https:\/\/www.facebook.com\/rentacar.skyluxse\/\" \/>\n<meta property=\"article:modified_time\" content=\"2024-03-08T20:00:52+00:00\" \/>\n<meta name=\"twitter:card\" content=\"summary_large_image\" \/>\n<meta name=\"twitter:site\" content=\"@rentacardubai7\" \/>\n<meta name=\"twitter:label1\" content=\"Gesch\u00e4tzte Lesezeit\" \/>\n\t<meta name=\"twitter:data1\" content=\"2\u00a0Minuten\" \/>\n<script type=\"application\/ld+json\" class=\"yoast-schema-graph\">{\"@context\":\"https:\/\/schema.org\",\"@graph\":[{\"@type\":\"WebPage\",\"@id\":\"https:\/\/rentacar-dubai.ae\/quick-links\/\",\"url\":\"https:\/\/rentacar-dubai.ae\/quick-links\/\",\"name\":\"Long Term Car Rental in Dubai | Rent a Car Monthly in the UAE\",\"isPartOf\":{\"@id\":\"https:\/\/rentacar-dubai.ae\/#website\"},\"datePublished\":\"2023-06-01T13:23:42+00:00\",\"dateModified\":\"2024-03-08T20:00:52+00:00\",\"description\":\"Book favourite car in Dubai for an affordable monthly fee \u2705 no deposit \u2705 Delivery across Dubai 24\/7 \u2705 \u260e+(971) 58-688-1586.\",\"breadcrumb\":{\"@id\":\"https:\/\/rentacar-dubai.ae\/quick-links\/#breadcrumb\"},\"inLanguage\":\"de\",\"potentialAction\":[{\"@type\":\"ReadAction\",\"target\":[\"https:\/\/rentacar-dubai.ae\/quick-links\/\"]}]},{\"@type\":\"BreadcrumbList\",\"@id\":\"https:\/\/rentacar-dubai.ae\/quick-links\/#breadcrumb\",\"itemListElement\":[{\"@type\":\"ListItem\",\"position\":1,\"name\":\"Home\",\"item\":\"https:\/\/rentacar-dubai.ae\/\"},{\"@type\":\"ListItem\",\"position\":2,\"name\":\"Quick Links\"}]},{\"@type\":\"WebSite\",\"@id\":\"https:\/\/rentacar-dubai.ae\/#website\",\"url\":\"https:\/\/rentacar-dubai.ae\/\",\"name\":\"Long Term Car Rental Dubai - Luxury, SUV &amp; Monthly Deals | Sky Luxse\",\"description\":\"Long term car rental in Dubai. Luxury and SUV monthly rentals, no deposit, flexible terms, delivery to hotel or airport. Best prices for expats and business.\",\"publisher\":{\"@id\":\"https:\/\/rentacar-dubai.ae\/#organization\"},\"potentialAction\":[{\"@type\":\"SearchAction\",\"target\":{\"@type\":\"EntryPoint\",\"urlTemplate\":\"https:\/\/rentacar-dubai.ae\/?s={search_term_string}\"},\"query-input\":{\"@type\":\"PropertyValueSpecification\",\"valueRequired\":true,\"valueName\":\"search_term_string\"}}],\"inLanguage\":\"de\"},{\"@type\":\"Organization\",\"@id\":\"https:\/\/rentacar-dubai.ae\/#organization\",\"name\":\"SKY LUXSE RENT A CAR L.L.C\",\"url\":\"https:\/\/rentacar-dubai.ae\/\",\"logo\":{\"@type\":\"ImageObject\",\"inLanguage\":\"de\",\"@id\":\"https:\/\/rentacar-dubai.ae\/#\/schema\/logo\/image\/\",\"url\":\"https:\/\/rentacar-dubai.ae\/wp-content\/uploads\/2023\/01\/2.png\",\"contentUrl\":\"https:\/\/rentacar-dubai.ae\/wp-content\/uploads\/2023\/01\/2.png\",\"width\":1600,\"height\":268,\"caption\":\"SKY LUXSE RENT A CAR L.L.C\"},\"image\":{\"@id\":\"https:\/\/rentacar-dubai.ae\/#\/schema\/logo\/image\/\"},\"sameAs\":[\"https:\/\/www.facebook.com\/rentacar.skyluxse\/\",\"https:\/\/x.com\/rentacardubai7\"]}]}<\/script>\n<!-- \/ Yoast SEO Premium plugin. -->","yoast_head_json":{"title":"Long Term Car Rental in Dubai | Rent a Car Monthly in the UAE","description":"Book favourite car in Dubai for an affordable monthly fee \u2705 no deposit \u2705 Delivery across Dubai 24\/7 \u2705 \u260e+(971) 58-688-1586.","robots":{"index":"index","follow":"follow","max-snippet":"max-snippet:-1","max-image-preview":"max-image-preview:large","max-video-preview":"max-video-preview:-1"},"canonical":"https:\/\/rentacar-dubai.ae\/de\/quicklinks\/","og_locale":"de_DE","og_type":"article","og_title":"Quick Links","og_description":"Book favourite car in Dubai for an affordable monthly fee \u2705 no deposit \u2705 Delivery across Dubai 24\/7 \u2705 \u260e+(971) 58-688-1586.","og_url":"https:\/\/rentacar-dubai.ae\/de\/quicklinks\/","og_site_name":"Long Term Car Rental Dubai - Luxury, SUV &amp; Monthly Deals | Sky Luxse","article_publisher":"https:\/\/www.facebook.com\/rentacar.skyluxse\/","article_modified_time":"2024-03-08T20:00:52+00:00","twitter_card":"summary_large_image","twitter_site":"@rentacardubai7","twitter_misc":{"Gesch\u00e4tzte Lesezeit":"2\u00a0Minuten"},"schema":{"@context":"https:\/\/schema.org","@graph":[{"@type":"WebPage","@id":"https:\/\/rentacar-dubai.ae\/quick-links\/","url":"https:\/\/rentacar-dubai.ae\/quick-links\/","name":"Long Term Car Rental in Dubai | Rent a Car Monthly in the UAE","isPartOf":{"@id":"https:\/\/rentacar-dubai.ae\/#website"},"datePublished":"2023-06-01T13:23:42+00:00","dateModified":"2024-03-08T20:00:52+00:00","description":"Book favourite car in Dubai for an affordable monthly fee \u2705 no deposit \u2705 Delivery across Dubai 24\/7 \u2705 \u260e+(971) 58-688-1586.","breadcrumb":{"@id":"https:\/\/rentacar-dubai.ae\/quick-links\/#breadcrumb"},"inLanguage":"de","potentialAction":[{"@type":"ReadAction","target":["https:\/\/rentacar-dubai.ae\/quick-links\/"]}]},{"@type":"BreadcrumbList","@id":"https:\/\/rentacar-dubai.ae\/quick-links\/#breadcrumb","itemListElement":[{"@type":"ListItem","position":1,"name":"Home","item":"https:\/\/rentacar-dubai.ae\/"},{"@type":"ListItem","position":2,"name":"Quick Links"}]},{"@type":"WebSite","@id":"https:\/\/rentacar-dubai.ae\/#website","url":"https:\/\/rentacar-dubai.ae\/","name":"Long Term Car Rental Dubai - Luxury, SUV &amp; Monthly Deals | Sky Luxse","description":"Long term car rental in Dubai. Luxury and SUV monthly rentals, no deposit, flexible terms, delivery to hotel or airport. Best prices for expats and business.","publisher":{"@id":"https:\/\/rentacar-dubai.ae\/#organization"},"potentialAction":[{"@type":"SearchAction","target":{"@type":"EntryPoint","urlTemplate":"https:\/\/rentacar-dubai.ae\/?s={search_term_string}"},"query-input":{"@type":"PropertyValueSpecification","valueRequired":true,"valueName":"search_term_string"}}],"inLanguage":"de"},{"@type":"Organization","@id":"https:\/\/rentacar-dubai.ae\/#organization","name":"SKY LUXSE RENT A CAR L.L.C","url":"https:\/\/rentacar-dubai.ae\/","logo":{"@type":"ImageObject","inLanguage":"de","@id":"https:\/\/rentacar-dubai.ae\/#\/schema\/logo\/image\/","url":"https:\/\/rentacar-dubai.ae\/wp-content\/uploads\/2023\/01\/2.png","contentUrl":"https:\/\/rentacar-dubai.ae\/wp-content\/uploads\/2023\/01\/2.png","width":1600,"height":268,"caption":"SKY LUXSE RENT A CAR L.L.C"},"image":{"@id":"https:\/\/rentacar-dubai.ae\/#\/schema\/logo\/image\/"},"sameAs":["https:\/\/www.facebook.com\/rentacar.skyluxse\/","https:\/\/x.com\/rentacardubai7"]}]}},"_links":{"self":[{"href":"https:\/\/rentacar-dubai.ae\/de\/wp-json\/wp\/v2\/pages\/13831","targetHints":{"allow":["GET"]}}],"collection":[{"href":"https:\/\/rentacar-dubai.ae\/de\/wp-json\/wp\/v2\/pages"}],"about":[{"href":"https:\/\/rentacar-dubai.ae\/de\/wp-json\/wp\/v2\/types\/page"}],"author":[{"embeddable":true,"href":"https:\/\/rentacar-dubai.ae\/de\/wp-json\/wp\/v2\/users\/36"}],"replies":[{"embeddable":true,"href":"https:\/\/rentacar-dubai.ae\/de\/wp-json\/wp\/v2\/comments?post=13831"}],"version-history":[{"count":0,"href":"https:\/\/rentacar-dubai.ae\/de\/wp-json\/wp\/v2\/pages\/13831\/revisions"}],"wp:attachment":[{"href":"https:\/\/rentacar-dubai.ae\/de\/wp-json\/wp\/v2\/media?parent=13831"}],"curies":[{"name":"wp","href":"https:\/\/api.w.org\/{rel}","templated":true}]}}