{"id":12845,"date":"2022-11-14T11:31:39","date_gmt":"2022-11-14T11:31:39","guid":{"rendered":"https:\/\/rentacar-dubai.ae\/?page_id=12845"},"modified":"2025-08-13T11:38:07","modified_gmt":"2025-08-13T11:38:07","slug":"about-us","status":"publish","type":"page","link":"https:\/\/rentacar-dubai.ae\/de\/uber-uns\/","title":{"rendered":"Sky Luxse Autovermietung VAE"},"content":{"rendered":"<div class=\"block block-ctools-block block-entity-fieldnodetitle\" data-block-plugin-id=\"entity_field:node:title\">\r\n<div class=\"content\" data-swiftype-index=\"true\">\r\n<h1 class=\"title-heading-center fusion-responsive-typography-calculated\" style=\"text-align: center;\"><br> <br>\r\nWillkommen bei Sky Luxse \u2013 Luxusautovermietung in Dubai!<\/h1>\r\n<div>\r\n\r\n<br> <br>\r\n\r\n<\/div>\r\n<\/div>\r\n<\/div>\r\n<div class=\"elementor-element elementor-element-14bfada elementor-widget elementor-widget-text-editor\" data-id=\"14bfada\" data-element_type=\"widget\" data-widget_type=\"text-editor.default\">\r\n\r\nUnser Ziel bei der Autovermietung in Dubai ist es, allen unseren Kunden unvergleichliche Fahrzeugqualit\u00e4t und vorbildlichen Service zu bieten. Ganz gleich, ob Sie in den Vereinigten Arabischen Emiraten zu Hause sind oder unsere Stadt beruflich oder privat erkunden, wir haben das ideale Fahrzeug, um Ihre Reise zu bereichern. Unsere Premium-Flotte pr\u00e4sentiert die neuesten Modelle von Elite-Marken wie Mercedes-Benz, BMW, Porsche, Audi, Lamborghini, Ferrari, Rolls Royce und Bentley und sorgt daf\u00fcr, dass jede Fahrt eine Klasse f\u00fcr sich ist. Ihre Sicherheit und Ihr Komfort stehen f\u00fcr uns an erster Stelle. Jedes Fahrzeug wird strengen Wartungs- und Servicepr\u00fcfungen unterzogen.<br> <br>\r\n\r\n<br> <br>\r\n\r\n<img loading=\"lazy\" decoding=\"async\" src=\"https:\/\/rentacar-dubai.ae\/wp-content\/uploads\/2023\/03\/Mercedes-E45001-1024x768.jpg\" alt=\"Luxusautovermietung \u2013 Sky Luxse\" width=\"1024\" height=\"768\" class=\"alignnone wp-image-13289 size-large\" srcset=\"https:\/\/rentacar-dubai.ae\/wp-content\/uploads\/2023\/03\/Mercedes-E45001-1024x768.jpg 1024w, https:\/\/rentacar-dubai.ae\/wp-content\/uploads\/2023\/03\/Mercedes-E45001-300x225.jpg 300w, https:\/\/rentacar-dubai.ae\/wp-content\/uploads\/2023\/03\/Mercedes-E45001-768x576.jpg 768w, https:\/\/rentacar-dubai.ae\/wp-content\/uploads\/2023\/03\/Mercedes-E45001-16x12.jpg 16w, https:\/\/rentacar-dubai.ae\/wp-content\/uploads\/2023\/03\/Mercedes-E45001-88x66.jpg 88w, https:\/\/rentacar-dubai.ae\/wp-content\/uploads\/2023\/03\/Mercedes-E45001-347x260.jpg 347w, https:\/\/rentacar-dubai.ae\/wp-content\/uploads\/2023\/03\/Mercedes-E45001-640x480.jpg 640w, https:\/\/rentacar-dubai.ae\/wp-content\/uploads\/2023\/03\/Mercedes-E45001-350x263.jpg 350w, https:\/\/rentacar-dubai.ae\/wp-content\/uploads\/2023\/03\/Mercedes-E45001-24x18.jpg 24w, https:\/\/rentacar-dubai.ae\/wp-content\/uploads\/2023\/03\/Mercedes-E45001-36x27.jpg 36w, https:\/\/rentacar-dubai.ae\/wp-content\/uploads\/2023\/03\/Mercedes-E45001-48x36.jpg 48w, https:\/\/rentacar-dubai.ae\/wp-content\/uploads\/2023\/03\/Mercedes-E45001-600x450.jpg 600w, https:\/\/rentacar-dubai.ae\/wp-content\/uploads\/2023\/03\/Mercedes-E45001.jpg 1280w\" sizes=\"auto, (max-width: 1024px) 100vw, 1024px\" \/>\r\n\r\n<br> <br>\r\n\r\nWir sind uns bewusst, dass unsere Kunden unterschiedliche Bed\u00fcrfnisse haben. <a href=\"https:\/\/rentacar-dubai.ae\/de\/\">Sky Luxse<\/a> bietet flexible Mietl\u00f6sungen. Egal, ob Sie f\u00fcr einen kurzen Aufenthalt oder f\u00fcr einen l\u00e4ngeren Zeitraum ein Luxusauto ben\u00f6tigen, wir passen unsere Dienstleistungen an Ihre Vorlieben an.<br> <br>\r\n\r\nUnser sachkundiges und zug\u00e4ngliches Team steht Ihnen bei jedem Schritt des Vermietungsprozesses zur Seite und legt dabei den Schwerpunkt auf die Bereitstellung klarer und umfassender Informationen. Wir sind stolz auf unseren hervorragenden Kundenservice und streben danach, Ihr Erlebnis von Anfang bis Ende reibungslos und angenehm zu gestalten.<br> <br>\r\n\r\nWenn Sie bei einer bevorstehenden Veranstaltung einen bleibenden Eindruck hinterlassen, Kunden beeindrucken oder Ihrem Dubai-Besuch einfach eine unvergessliche Note verleihen m\u00f6chten, steht Ihnen Sky Luxse zur Verf\u00fcgung. Kontaktieren Sie uns, um Ihr Luxusauto zu reservieren, und entdecken Sie, warum wir die erste Wahl f\u00fcr die Anmietung von Luxusautos in Dubai sind.\r\n\r\n<br> <br>\r\n\r\nUNSERE MISSION Bei Sky Luxse sind wir auf die Bereitstellung exquisiter Mieterlebnisse sowohl f\u00fcr Freizeit- als auch f\u00fcr Gesch\u00e4ftsreisen spezialisiert, wobei wir einen starken Fokus auf Exklusivit\u00e4t und umfassende Mietl\u00f6sungen legen. Wir legen Wert auf Erschwinglichkeit, gehen aber bei der Qualit\u00e4t keine Kompromisse ein und stellen sicher, dass unser Service Ihre Erwartungen \u00fcbertrifft. Ihre Zufriedenheit treibt uns an und wir sind erst zufrieden, wenn Sie es sind. W\u00e4hlen Sie Sky Luxse f\u00fcr eine unvergessliche Fahrt.\r\n\r\n<br> <br>\r\n<h3>Sie haben die M\u00f6glichkeit, aus folgenden Mietwagen zu w\u00e4hlen:<\/h3>\r\n<ul>\r\n \t<li>\r\n<h4><a href=\"https:\/\/rentacar-dubai.ae\/de\/autos\/range-rover-autovermietung-dubai\/\">Range Rover Vogue<\/a><\/h4>\r\n<\/li>\r\n \t<li>\r\n<h4><a href=\"https:\/\/rentacar-dubai.ae\/de\/autos\/bmw-735i\/\">BMW 7er<\/a><\/h4>\r\n<\/li>\r\n \t<li>\r\n<h4><a href=\"https:\/\/rentacar-dubai.ae\/de\/autos\/audi-q8-autovermietung-dubai\/\">Audi Q8<\/a><\/h4>\r\n<\/li>\r\n \t<li>\r\n<h4><a href=\"https:\/\/rentacar-dubai.ae\/de\/autos\/mercedes-g63-2022-rental-dubai\/\">Mercedes G63 AMG<\/a><\/h4>\r\n<\/li>\r\n \t<li>\r\n<h4><a href=\"https:\/\/rentacar-dubai.ae\/de\/autos\/mercedes-glc-4-3l\/\">Mercedes GLC<\/a><\/h4>\r\n<\/li>\r\n \t<li>\r\n<h4><a href=\"https:\/\/rentacar-dubai.ae\/de\/autos\/mercedes-benz-c-klasse\/\">Mercedes-Benz C<\/a><\/h4>\r\n<\/li>\r\n \t<li>\r\n<h4><a href=\"https:\/\/rentacar-dubai.ae\/de\/autos\/mercedes-amg-gle-53\/\">Mercedes-Benz GLE<\/a><\/h4>\r\n<\/li>\r\n \t<li>\r\n<h4><a href=\"https:\/\/rentacar-dubai.ae\/de\/autos\/rent-cabrio\/\">Mercedes E450 Cabrio<\/a><\/h4>\r\n<\/li>\r\n \t<li>\r\n<h4><a href=\"https:\/\/rentacar-dubai.ae\/de\/autos\/lamborghini-urus\/\">Lamborghini Urus<\/a><\/h4>\r\n<\/li>\r\n \t<li>\r\n<h4><a href=\"https:\/\/rentacar-dubai.ae\/de\/autos\/bmw-735i\/\">BMW 735i<\/a><\/h4>\r\n<\/li>\r\n \t<li>\r\n<h4><a href=\"https:\/\/rentacar-dubai.ae\/de\/autos\/bmw-z4\/\">BMW Z4<\/a><\/h4>\r\n<\/li>\r\n \t<li>\r\n<h4><a href=\"https:\/\/rentacar-dubai.ae\/de\/autos\/cadillac-escalade-autovermietung-dubai\/\">Cadillac Escalade<\/a><\/h4>\r\n<\/li>\r\n \t<li>\r\n<h4><a href=\"https:\/\/rentacar-dubai.ae\/de\/autos\/porsche-718-boxster-s\/\">Porsche Boxster 718<\/a><\/h4>\r\n<\/li>\r\n \t<li>\r\n<h4><a href=\"https:\/\/rentacar-dubai.ae\/de\/autos\/lamborghini-urus-schwarz\/\">Lamborghini Urus<\/a><\/h4>\r\n<\/li>\r\n \t<li>\r\n<h4><a href=\"https:\/\/rentacar-dubai.ae\/de\/autos\/miete-lamborghini-huracan-spyder-gelb\/\">Lamborghini Huracan<\/a><\/h4>\r\n<\/li>\r\n \t<li>\r\n<h4><a href=\"https:\/\/rentacar-dubai.ae\/de\/autos\/infiniti-qx-80\/\">Infiniti QX80<\/a><\/h4>\r\n<\/li>\r\n<\/ul>\r\n&nbsp;\r\n\r\n&nbsp;\r\n\r\n.\r\n\r\n&nbsp;\r\n<div class=\"elementor-element elementor-element-50ea7fa elementor-widget elementor-widget-heading\" data-id=\"50ea7fa\" data-element_type=\"widget\" data-widget_type=\"heading.default\">\r\n<p class=\"elementor-widget-container\"><strong>Was unseren Luxusautovermietungsservice in Dubai so einzigartig macht.<\/strong><\/p>\r\n\u00a0Wir garantieren, dass unser Unternehmen Ihnen die wettbewerbsf\u00e4higsten Preise bietet, unabh\u00e4ngig von der Marke oder dem Modell des Autos, das Sie suchen. Wenn Sie also nach einem zuverl\u00e4ssigen Unternehmen suchen, das Ihnen die besten Preise f\u00fcr die Anmietung eines Luxus-Supersportwagens bieten kann, sind Sie bei uns genau richtig <a href=\"https:\/\/www.google.com\/maps\/place\/Sky+Luxse+Rent+a+Car+Dubai\/@25.1359233,55.1504154,15z\/data=!4m6!3m5!1s0x4bf5afa7e636ab9f:0xc08d82eaa385a6f3!8m2!3d25.1359233!4d55.1504154!16s%2Fg%2F11stqv9w_v?entry=ttu\">Sky Luxe Jumeirah<\/a>.\r\n\r\n<br> <br>\r\n\r\n<\/div>\r\n<div class=\"elementor-element elementor-element-03e420c elementor-widget elementor-widget-text-editor\" data-id=\"03e420c\" data-element_type=\"widget\" data-widget_type=\"text-editor.default\">\r\n<div class=\"elementor-widget-container\">\r\n<h3><img loading=\"lazy\" decoding=\"async\" src=\"https:\/\/rentacar-dubai.ae\/wp-content\/uploads\/2023\/10\/Porsche-Cayenne-Coupe-1024x768.jpg\" alt=\"Monatliche Autovermietung in Dubai | Sky Luxse\" width=\"1024\" height=\"768\" class=\"alignnone wp-image-15211 size-large\" srcset=\"https:\/\/rentacar-dubai.ae\/wp-content\/uploads\/2023\/10\/Porsche-Cayenne-Coupe-1024x768.jpg 1024w, https:\/\/rentacar-dubai.ae\/wp-content\/uploads\/2023\/10\/Porsche-Cayenne-Coupe-300x225.jpg 300w, https:\/\/rentacar-dubai.ae\/wp-content\/uploads\/2023\/10\/Porsche-Cayenne-Coupe-768x576.jpg 768w, https:\/\/rentacar-dubai.ae\/wp-content\/uploads\/2023\/10\/Porsche-Cayenne-Coupe-16x12.jpg 16w, https:\/\/rentacar-dubai.ae\/wp-content\/uploads\/2023\/10\/Porsche-Cayenne-Coupe-88x66.jpg 88w, https:\/\/rentacar-dubai.ae\/wp-content\/uploads\/2023\/10\/Porsche-Cayenne-Coupe-347x260.jpg 347w, https:\/\/rentacar-dubai.ae\/wp-content\/uploads\/2023\/10\/Porsche-Cayenne-Coupe-640x480.jpg 640w, https:\/\/rentacar-dubai.ae\/wp-content\/uploads\/2023\/10\/Porsche-Cayenne-Coupe-350x263.jpg 350w, https:\/\/rentacar-dubai.ae\/wp-content\/uploads\/2023\/10\/Porsche-Cayenne-Coupe-24x18.jpg 24w, https:\/\/rentacar-dubai.ae\/wp-content\/uploads\/2023\/10\/Porsche-Cayenne-Coupe-36x27.jpg 36w, https:\/\/rentacar-dubai.ae\/wp-content\/uploads\/2023\/10\/Porsche-Cayenne-Coupe-48x36.jpg 48w, https:\/\/rentacar-dubai.ae\/wp-content\/uploads\/2023\/10\/Porsche-Cayenne-Coupe-600x450.jpg 600w, https:\/\/rentacar-dubai.ae\/wp-content\/uploads\/2023\/10\/Porsche-Cayenne-Coupe.jpg 1280w\" sizes=\"auto, (max-width: 1024px) 100vw, 1024px\" \/><\/h3>\r\n<br> <br>\r\n<h3>Unsere Autovermietung ohne versteckte Kosten \u2013<\/h3>\r\nWir m\u00f6chten, dass unsere Kunden genau wissen, wof\u00fcr sie bezahlen, und keine unangenehmen \u00dcberraschungen erleben. Unsere Tarife sind sehr erschwinglich und versprechen, dass es keine versteckten Geb\u00fchren gibt. Sky Luxse ist stets kundenorientiert. Von Anfang an stand f\u00fcr uns die Erreichung h\u00f6chster Kundenzufriedenheit im Vordergrund. Wir sind bestrebt, unseren Kunden das bestm\u00f6gliche Erlebnis zu bieten. Wenn Sie Feedback f\u00fcr uns haben, sei es positiv oder negativ, w\u00fcrden wir uns freuen, von Ihnen zu h\u00f6ren und stets an Verbesserungen zu arbeiten und es als konstruktives Feedback aufzufassen.\r\n\r\n<br> <br>\r\n\r\n<\/div>\r\n<\/div>\r\n<\/div>\r\n&nbsp;","protected":false},"excerpt":{"rendered":"<p>Welcome to Sky Luxse &#8211; luxury car rental in Dubai! Our car rental in Dubai commitment is to deliver unparalleled vehicle quality and exemplary service&#8230;<\/p>","protected":false},"author":36,"featured_media":15236,"parent":0,"menu_order":0,"comment_status":"closed","ping_status":"closed","template":"page-home.php","meta":{"_themeisle_gutenberg_block_has_review":false,"footnotes":""},"class_list":["post-12845","page","type-page","status-publish","has-post-thumbnail","hentry"],"acf":[],"yoast_head":"<!-- This site is optimized with the Yoast SEO Premium plugin v25.5 (Yoast SEO v25.7) - https:\/\/yoast.com\/wordpress\/plugins\/seo\/ -->\n<title>Rent a Car in Dubai | No Deposit Car Rental | Best Monthly Offers<\/title>\n<meta name=\"description\" content=\"Car Rental in Dubai UAE. Low Prices. Best Daily &amp; Monthly Deals \u2714\ufe0f Free Delivery \u2714\ufe0f 24\/7 Support \u2714\ufe0f Book Online or Call \u260e\ufe0f +971 58 688 1586!\" \/>\n<meta name=\"robots\" content=\"index, follow, max-snippet:-1, max-image-preview:large, max-video-preview:-1\" \/>\n<link rel=\"canonical\" href=\"https:\/\/rentacar-dubai.ae\/de\/uber-uns\/\" \/>\n<meta property=\"og:locale\" content=\"de_DE\" \/>\n<meta property=\"og:type\" content=\"article\" \/>\n<meta property=\"og:title\" content=\"Sky Luxse Car Rental UAE\" \/>\n<meta property=\"og:description\" content=\"Car Rental in Dubai UAE. Low Prices. Best Daily &amp; Monthly Deals \u2714\ufe0f Free Delivery \u2714\ufe0f 24\/7 Support \u2714\ufe0f Book Online or Call \u260e\ufe0f +971 58 688 1586!\" \/>\n<meta property=\"og:url\" content=\"https:\/\/rentacar-dubai.ae\/de\/uber-uns\/\" \/>\n<meta property=\"og:site_name\" content=\"Long Term Car Rental Dubai - Luxury, SUV &amp; Monthly Deals | Sky Luxse\" \/>\n<meta property=\"article:publisher\" content=\"https:\/\/www.facebook.com\/rentacar.skyluxse\/\" \/>\n<meta property=\"article:modified_time\" content=\"2025-08-13T11:38:07+00:00\" \/>\n<meta property=\"og:image\" content=\"https:\/\/rentacar-dubai.ae\/wp-content\/uploads\/2023\/11\/Mercedes-G63-4.jpg\" \/>\n\t<meta property=\"og:image:width\" content=\"1280\" \/>\n\t<meta property=\"og:image:height\" content=\"960\" \/>\n\t<meta property=\"og:image:type\" content=\"image\/jpeg\" \/>\n<meta name=\"twitter:card\" content=\"summary_large_image\" \/>\n<meta name=\"twitter:site\" content=\"@rentacardubai7\" \/>\n<meta name=\"twitter:label1\" content=\"Gesch\u00e4tzte Lesezeit\" \/>\n\t<meta name=\"twitter:data1\" content=\"4\u00a0Minuten\" \/>\n<script type=\"application\/ld+json\" class=\"yoast-schema-graph\">{\"@context\":\"https:\/\/schema.org\",\"@graph\":[{\"@type\":[\"WebPage\",\"AboutPage\"],\"@id\":\"https:\/\/rentacar-dubai.ae\/about-us\/\",\"url\":\"https:\/\/rentacar-dubai.ae\/about-us\/\",\"name\":\"Rent a Car in Dubai | No Deposit Car Rental | Best Monthly Offers\",\"isPartOf\":{\"@id\":\"https:\/\/rentacar-dubai.ae\/#website\"},\"primaryImageOfPage\":{\"@id\":\"https:\/\/rentacar-dubai.ae\/about-us\/#primaryimage\"},\"image\":{\"@id\":\"https:\/\/rentacar-dubai.ae\/about-us\/#primaryimage\"},\"thumbnailUrl\":\"https:\/\/rentacar-dubai.ae\/wp-content\/uploads\/2023\/11\/Mercedes-G63-4.jpg\",\"datePublished\":\"2022-11-14T11:31:39+00:00\",\"dateModified\":\"2025-08-13T11:38:07+00:00\",\"description\":\"Car Rental in Dubai UAE. Low Prices. Best Daily & Monthly Deals \u2714\ufe0f Free Delivery \u2714\ufe0f 24\/7 Support \u2714\ufe0f Book Online or Call \u260e\ufe0f +971 58 688 1586!\",\"breadcrumb\":{\"@id\":\"https:\/\/rentacar-dubai.ae\/about-us\/#breadcrumb\"},\"inLanguage\":\"de\",\"potentialAction\":[{\"@type\":\"ReadAction\",\"target\":[\"https:\/\/rentacar-dubai.ae\/about-us\/\"]}]},{\"@type\":\"ImageObject\",\"inLanguage\":\"de\",\"@id\":\"https:\/\/rentacar-dubai.ae\/about-us\/#primaryimage\",\"url\":\"https:\/\/rentacar-dubai.ae\/wp-content\/uploads\/2023\/11\/Mercedes-G63-4.jpg\",\"contentUrl\":\"https:\/\/rentacar-dubai.ae\/wp-content\/uploads\/2023\/11\/Mercedes-G63-4.jpg\",\"width\":1280,\"height\":960,\"caption\":\"Sky Luxse Dubai Hire welcome a fleet of New Shape Mercedes Benz G63 AMG available for Hire in the UAE via our 4x4 SUV Division. Book your G63 AMG rental online in seconds.\"},{\"@type\":\"BreadcrumbList\",\"@id\":\"https:\/\/rentacar-dubai.ae\/about-us\/#breadcrumb\",\"itemListElement\":[{\"@type\":\"ListItem\",\"position\":1,\"name\":\"Home\",\"item\":\"https:\/\/rentacar-dubai.ae\/\"},{\"@type\":\"ListItem\",\"position\":2,\"name\":\"Sky Luxse Car Rental UAE\"}]},{\"@type\":\"WebSite\",\"@id\":\"https:\/\/rentacar-dubai.ae\/#website\",\"url\":\"https:\/\/rentacar-dubai.ae\/\",\"name\":\"Long Term Car Rental Dubai - Luxury, SUV &amp; Monthly Deals | Sky Luxse\",\"description\":\"Long term car rental in Dubai. Luxury and SUV monthly rentals, no deposit, flexible terms, delivery to hotel or airport. Best prices for expats and business.\",\"publisher\":{\"@id\":\"https:\/\/rentacar-dubai.ae\/#organization\"},\"potentialAction\":[{\"@type\":\"SearchAction\",\"target\":{\"@type\":\"EntryPoint\",\"urlTemplate\":\"https:\/\/rentacar-dubai.ae\/?s={search_term_string}\"},\"query-input\":{\"@type\":\"PropertyValueSpecification\",\"valueRequired\":true,\"valueName\":\"search_term_string\"}}],\"inLanguage\":\"de\"},{\"@type\":\"Organization\",\"@id\":\"https:\/\/rentacar-dubai.ae\/#organization\",\"name\":\"SKY LUXSE RENT A CAR L.L.C\",\"url\":\"https:\/\/rentacar-dubai.ae\/\",\"logo\":{\"@type\":\"ImageObject\",\"inLanguage\":\"de\",\"@id\":\"https:\/\/rentacar-dubai.ae\/#\/schema\/logo\/image\/\",\"url\":\"https:\/\/rentacar-dubai.ae\/wp-content\/uploads\/2023\/01\/2.png\",\"contentUrl\":\"https:\/\/rentacar-dubai.ae\/wp-content\/uploads\/2023\/01\/2.png\",\"width\":1600,\"height\":268,\"caption\":\"SKY LUXSE RENT A CAR L.L.C\"},\"image\":{\"@id\":\"https:\/\/rentacar-dubai.ae\/#\/schema\/logo\/image\/\"},\"sameAs\":[\"https:\/\/www.facebook.com\/rentacar.skyluxse\/\",\"https:\/\/x.com\/rentacardubai7\"]}]}<\/script>\n<!-- \/ Yoast SEO Premium plugin. -->","yoast_head_json":{"title":"Rent a Car in Dubai | No Deposit Car Rental | Best Monthly Offers","description":"Car Rental in Dubai UAE. Low Prices. Best Daily & Monthly Deals \u2714\ufe0f Free Delivery \u2714\ufe0f 24\/7 Support \u2714\ufe0f Book Online or Call \u260e\ufe0f +971 58 688 1586!","robots":{"index":"index","follow":"follow","max-snippet":"max-snippet:-1","max-image-preview":"max-image-preview:large","max-video-preview":"max-video-preview:-1"},"canonical":"https:\/\/rentacar-dubai.ae\/de\/uber-uns\/","og_locale":"de_DE","og_type":"article","og_title":"Sky Luxse Car Rental UAE","og_description":"Car Rental in Dubai UAE. Low Prices. Best Daily & Monthly Deals \u2714\ufe0f Free Delivery \u2714\ufe0f 24\/7 Support \u2714\ufe0f Book Online or Call \u260e\ufe0f +971 58 688 1586!","og_url":"https:\/\/rentacar-dubai.ae\/de\/uber-uns\/","og_site_name":"Long Term Car Rental Dubai - Luxury, SUV &amp; Monthly Deals | Sky Luxse","article_publisher":"https:\/\/www.facebook.com\/rentacar.skyluxse\/","article_modified_time":"2025-08-13T11:38:07+00:00","og_image":[{"width":1280,"height":960,"url":"https:\/\/rentacar-dubai.ae\/wp-content\/uploads\/2023\/11\/Mercedes-G63-4.jpg","type":"image\/jpeg"}],"twitter_card":"summary_large_image","twitter_site":"@rentacardubai7","twitter_misc":{"Gesch\u00e4tzte Lesezeit":"4\u00a0Minuten"},"schema":{"@context":"https:\/\/schema.org","@graph":[{"@type":["WebPage","AboutPage"],"@id":"https:\/\/rentacar-dubai.ae\/about-us\/","url":"https:\/\/rentacar-dubai.ae\/about-us\/","name":"Rent a Car in Dubai | No Deposit Car Rental | Best Monthly Offers","isPartOf":{"@id":"https:\/\/rentacar-dubai.ae\/#website"},"primaryImageOfPage":{"@id":"https:\/\/rentacar-dubai.ae\/about-us\/#primaryimage"},"image":{"@id":"https:\/\/rentacar-dubai.ae\/about-us\/#primaryimage"},"thumbnailUrl":"https:\/\/rentacar-dubai.ae\/wp-content\/uploads\/2023\/11\/Mercedes-G63-4.jpg","datePublished":"2022-11-14T11:31:39+00:00","dateModified":"2025-08-13T11:38:07+00:00","description":"Car Rental in Dubai UAE. Low Prices. Best Daily & Monthly Deals \u2714\ufe0f Free Delivery \u2714\ufe0f 24\/7 Support \u2714\ufe0f Book Online or Call \u260e\ufe0f +971 58 688 1586!","breadcrumb":{"@id":"https:\/\/rentacar-dubai.ae\/about-us\/#breadcrumb"},"inLanguage":"de","potentialAction":[{"@type":"ReadAction","target":["https:\/\/rentacar-dubai.ae\/about-us\/"]}]},{"@type":"ImageObject","inLanguage":"de","@id":"https:\/\/rentacar-dubai.ae\/about-us\/#primaryimage","url":"https:\/\/rentacar-dubai.ae\/wp-content\/uploads\/2023\/11\/Mercedes-G63-4.jpg","contentUrl":"https:\/\/rentacar-dubai.ae\/wp-content\/uploads\/2023\/11\/Mercedes-G63-4.jpg","width":1280,"height":960,"caption":"Sky Luxse Dubai Hire welcome a fleet of New Shape Mercedes Benz G63 AMG available for Hire in the UAE via our 4x4 SUV Division. Book your G63 AMG rental online in seconds."},{"@type":"BreadcrumbList","@id":"https:\/\/rentacar-dubai.ae\/about-us\/#breadcrumb","itemListElement":[{"@type":"ListItem","position":1,"name":"Home","item":"https:\/\/rentacar-dubai.ae\/"},{"@type":"ListItem","position":2,"name":"Sky Luxse Car Rental UAE"}]},{"@type":"WebSite","@id":"https:\/\/rentacar-dubai.ae\/#website","url":"https:\/\/rentacar-dubai.ae\/","name":"Long Term Car Rental Dubai - Luxury, SUV &amp; Monthly Deals | Sky Luxse","description":"Long term car rental in Dubai. Luxury and SUV monthly rentals, no deposit, flexible terms, delivery to hotel or airport. Best prices for expats and business.","publisher":{"@id":"https:\/\/rentacar-dubai.ae\/#organization"},"potentialAction":[{"@type":"SearchAction","target":{"@type":"EntryPoint","urlTemplate":"https:\/\/rentacar-dubai.ae\/?s={search_term_string}"},"query-input":{"@type":"PropertyValueSpecification","valueRequired":true,"valueName":"search_term_string"}}],"inLanguage":"de"},{"@type":"Organization","@id":"https:\/\/rentacar-dubai.ae\/#organization","name":"SKY LUXSE RENT A CAR L.L.C","url":"https:\/\/rentacar-dubai.ae\/","logo":{"@type":"ImageObject","inLanguage":"de","@id":"https:\/\/rentacar-dubai.ae\/#\/schema\/logo\/image\/","url":"https:\/\/rentacar-dubai.ae\/wp-content\/uploads\/2023\/01\/2.png","contentUrl":"https:\/\/rentacar-dubai.ae\/wp-content\/uploads\/2023\/01\/2.png","width":1600,"height":268,"caption":"SKY LUXSE RENT A CAR L.L.C"},"image":{"@id":"https:\/\/rentacar-dubai.ae\/#\/schema\/logo\/image\/"},"sameAs":["https:\/\/www.facebook.com\/rentacar.skyluxse\/","https:\/\/x.com\/rentacardubai7"]}]}},"_links":{"self":[{"href":"https:\/\/rentacar-dubai.ae\/de\/wp-json\/wp\/v2\/pages\/12845","targetHints":{"allow":["GET"]}}],"collection":[{"href":"https:\/\/rentacar-dubai.ae\/de\/wp-json\/wp\/v2\/pages"}],"about":[{"href":"https:\/\/rentacar-dubai.ae\/de\/wp-json\/wp\/v2\/types\/page"}],"author":[{"embeddable":true,"href":"https:\/\/rentacar-dubai.ae\/de\/wp-json\/wp\/v2\/users\/36"}],"replies":[{"embeddable":true,"href":"https:\/\/rentacar-dubai.ae\/de\/wp-json\/wp\/v2\/comments?post=12845"}],"version-history":[{"count":1,"href":"https:\/\/rentacar-dubai.ae\/de\/wp-json\/wp\/v2\/pages\/12845\/revisions"}],"predecessor-version":[{"id":21561,"href":"https:\/\/rentacar-dubai.ae\/de\/wp-json\/wp\/v2\/pages\/12845\/revisions\/21561"}],"wp:featuredmedia":[{"embeddable":true,"href":"https:\/\/rentacar-dubai.ae\/de\/wp-json\/wp\/v2\/media\/15236"}],"wp:attachment":[{"href":"https:\/\/rentacar-dubai.ae\/de\/wp-json\/wp\/v2\/media?parent=12845"}],"curies":[{"name":"wp","href":"https:\/\/api.w.org\/{rel}","templated":true}]}}